{"id":2666,"date":"2012-10-01T12:29:44","date_gmt":"2012-10-01T09:29:44","guid":{"rendered":"https:\/\/editura-unibuc.ro\/?p=2666"},"modified":"2025-08-06T12:34:19","modified_gmt":"2025-08-06T09:34:19","slug":"etudes-sur-le-xviiie-siecle-etudes-canadiennes-hommages-offerts-a-irina-badescu","status":"publish","type":"product","link":"https:\/\/editura-unibuc.ro\/en\/etudes-sur-le-xviiie-siecle-etudes-canadiennes-hommages-offerts-a-irina-badescu\/","title":{"rendered":"STUDIES ON THE 18TH CENTURY. CANADIAN STUDIES. HOMAGE TO IRINA B\u0102DESCU"},"content":{"rendered":"<p>Lucrare ap\u0103rut\u0103 sub egida Societ\u0103\u021bii de Studii de Secol Optsprezece din Rom\u00e2nia, Facultatea de Limbi \u0219i Literaturi Str\u0103ine, Universitatea din Bucure\u0219ti.<\/p>\n","protected":false},"excerpt":{"rendered":"<p>Lucrare ap\u0103rut\u0103 sub egida Societ\u0103\u021bii de Studii de Secol Optsprezece din Rom\u00e2nia, Facultatea de Limbi \u0219i Literaturi Str\u0103ine, Universitatea din Bucure\u0219ti.<\/p>\n","protected":false},"featured_media":10492,"comment_status":"open","ping_status":"closed","template":"","meta":[],"product_brand":[],"product_cat":[1464,977],"product_tag":[1280,877],"class_list":{"0":"post-2666","1":"product","2":"type-product","3":"status-publish","4":"has-post-thumbnail","6":"product_cat-filologie","7":"product_cat-limba-franceza","8":"product_tag-canada","9":"product_tag-franceza","11":"first","12":"outofstock","13":"shipping-taxable","14":"purchasable","15":"product-type-simple"},"_links":{"self":[{"href":"https:\/\/editura-unibuc.ro\/en\/wp-json\/wp\/v2\/product\/2666","targetHints":{"allow":["GET"]}}],"collection":[{"href":"https:\/\/editura-unibuc.ro\/en\/wp-json\/wp\/v2\/product"}],"about":[{"href":"https:\/\/editura-unibuc.ro\/en\/wp-json\/wp\/v2\/types\/product"}],"replies":[{"embeddable":true,"href":"https:\/\/editura-unibuc.ro\/en\/wp-json\/wp\/v2\/comments?post=2666"}],"wp:featuredmedia":[{"embeddable":true,"href":"https:\/\/editura-unibuc.ro\/en\/wp-json\/wp\/v2\/media\/10492"}],"wp:attachment":[{"href":"https:\/\/editura-unibuc.ro\/en\/wp-json\/wp\/v2\/media?parent=2666"}],"wp:term":[{"taxonomy":"product_brand","embeddable":true,"href":"https:\/\/editura-unibuc.ro\/en\/wp-json\/wp\/v2\/product_brand?post=2666"},{"taxonomy":"product_cat","embeddable":true,"href":"https:\/\/editura-unibuc.ro\/en\/wp-json\/wp\/v2\/product_cat?post=2666"},{"taxonomy":"product_tag","embeddable":true,"href":"https:\/\/editura-unibuc.ro\/en\/wp-json\/wp\/v2\/product_tag?post=2666"}],"curies":[{"name":"wp","href":"https:\/\/api.w.org\/{rel}","templated":true}]}}