{"id":26684,"date":"2020-03-04T10:45:43","date_gmt":"2020-03-04T08:45:43","guid":{"rendered":"https:\/\/editura-unibuc.ro\/?post_type=product&#038;p=26684"},"modified":"2025-05-09T12:01:56","modified_gmt":"2025-05-09T09:01:56","slug":"mecanica-cuantica-computationala","status":"publish","type":"product","link":"https:\/\/editura-unibuc.ro\/en\/mecanica-cuantica-computationala\/","title":{"rendered":"MECANIC\u0102 CUANTIC\u0102 COMPUTA\u021aIONAL\u0102"},"content":{"rendered":"<hr \/>\n<p><strong><a href=\"https:\/\/books.google.ro\/books\/about?id=EdtbEAAAQBAJ&#038;redir_esc=y\" target=\"_blank\" rel=\"noopener\"><img decoding=\"async\" src=\"https:\/\/editura-unibuc.ro\/wp-content\/uploads\/2025\/04\/goo.png\" \/>Google Books<\/a><\/strong><br \/>&nbsp;<\/p>\n<hr \/>\n<p>Cartea de fa\u021b\u0103 se adreseaz\u0103 studen\u021bilor Facult\u0103\u021bii de Fizic\u0103 \u0219i \u00een special celor de la sec\u021bia de Fizic\u0103 informatic\u0103.<br \/>\nLucrarea este structurat\u0103 \u00een dou\u0103 p\u0103r\u021bi, care discut\u0103 probleme independente \u0219i, respectiv, dependente de timp.<\/p>\n","protected":false},"excerpt":{"rendered":"<p>Google Books&nbsp; Cartea de fa\u021b\u0103 se adreseaz\u0103 studen\u021bilor Facult\u0103\u021bii de Fizic\u0103 \u0219i \u00een special celor de la sec\u021bia de Fizic\u0103 informatic\u0103. Lucrarea este structurat\u0103 \u00een dou\u0103 p\u0103r\u021bi, care discut\u0103 probleme independente \u0219i, respectiv, dependente de timp.<\/p>\n","protected":false},"featured_media":26679,"comment_status":"open","ping_status":"closed","template":"","meta":[],"product_brand":[],"product_cat":[1531,2839,982,984],"product_tag":[3475,908,3476,3478,3474,3477],"class_list":{"0":"post-26684","1":"product","2":"type-product","3":"status-publish","4":"has-post-thumbnail","6":"product_cat-colectii","7":"product_cat-fizicaphysics","8":"product_cat-stiinte-exacte","9":"product_cat-fizica","10":"product_tag-antilegate","11":"product_tag-fizica","12":"product_tag-metoda-iretatiei-inverse","13":"product_tag-oscilatorul-linear-armonic","14":"product_tag-stari-legate","15":"product_tag-tdse","17":"first","18":"instock","19":"shipping-taxable","20":"purchasable","21":"product-type-simple"},"_links":{"self":[{"href":"https:\/\/editura-unibuc.ro\/en\/wp-json\/wp\/v2\/product\/26684","targetHints":{"allow":["GET"]}}],"collection":[{"href":"https:\/\/editura-unibuc.ro\/en\/wp-json\/wp\/v2\/product"}],"about":[{"href":"https:\/\/editura-unibuc.ro\/en\/wp-json\/wp\/v2\/types\/product"}],"replies":[{"embeddable":true,"href":"https:\/\/editura-unibuc.ro\/en\/wp-json\/wp\/v2\/comments?post=26684"}],"wp:featuredmedia":[{"embeddable":true,"href":"https:\/\/editura-unibuc.ro\/en\/wp-json\/wp\/v2\/media\/26679"}],"wp:attachment":[{"href":"https:\/\/editura-unibuc.ro\/en\/wp-json\/wp\/v2\/media?parent=26684"}],"wp:term":[{"taxonomy":"product_brand","embeddable":true,"href":"https:\/\/editura-unibuc.ro\/en\/wp-json\/wp\/v2\/product_brand?post=26684"},{"taxonomy":"product_cat","embeddable":true,"href":"https:\/\/editura-unibuc.ro\/en\/wp-json\/wp\/v2\/product_cat?post=26684"},{"taxonomy":"product_tag","embeddable":true,"href":"https:\/\/editura-unibuc.ro\/en\/wp-json\/wp\/v2\/product_tag?post=26684"}],"curies":[{"name":"wp","href":"https:\/\/api.w.org\/{rel}","templated":true}]}}