{"id":26697,"date":"2020-03-05T13:02:05","date_gmt":"2020-03-05T11:02:05","guid":{"rendered":"https:\/\/editura-unibuc.ro\/?post_type=product&#038;p=26697"},"modified":"2025-05-13T10:55:15","modified_gmt":"2025-05-13T07:55:15","slug":"the-terminology-of-ancient-greek-cosmogonies","status":"publish","type":"product","link":"https:\/\/editura-unibuc.ro\/en\/the-terminology-of-ancient-greek-cosmogonies\/","title":{"rendered":"THE TERMINOLOGY OF ANCIENT GREEK COSMOGONIES"},"content":{"rendered":"<hr \/>\n<p><strong><a href=\"https:\/\/books.google.ro\/books\/about?id=HH1YEAAAQBAJ&#038;redir_esc=y\" target=\"_blank\" rel=\"noopener\"><img decoding=\"async\" src=\"https:\/\/editura-unibuc.ro\/wp-content\/uploads\/2025\/04\/goo.png\" \/>Google Books<\/a><\/strong><br \/>&nbsp;<\/p>\n<hr \/>\n<p>Volumul de fa\u021b\u0103 \u00ee\u0219i propune s\u0103 demonstreze c\u0103 orice discu\u021bie privitoare la cosmogoniile presocratice trebuie s\u0103 se refere at\u00e2t la teogonii, c\u00e2t \u0219i la cosmogoniile de factur\u0103 filosofic\u0103, de vreme ce procesele lingvistice folosite \u00een descrierea \u00eenceputului universului r\u0103m\u00e2n, totu\u0219i, acelea\u0219i. Primele \u00eencerc\u0103ri de a crea termeni specifici se pot g\u0103si chiar la autori timpurii precum Homer sau orficii; pe de alt\u0103 parte, procesul de hipocogni\u021bie func\u021bioneaz\u0103 la fel de bine \u0219i la autorii de teogonii, \u0219i la filosofi, care pl\u0103smuiesc nenum\u0103rate variante ale metaforei na\u0219terii sau chiar creeaz\u0103 metafore complet originale, toate av\u00e2nd acela\u0219i scop: s\u0103 le fac\u0103 teoriile c\u00e2t mai limpezi cu putin\u021b\u0103. Dreptatea cosmic\u0103 a lui Anaximandru, tichia de p\u00e2sl\u0103 a lui Anaximene, flac\u0103ra lui Heraclit, r\u0103scrucea lui Parmenide, versurile lui Empedocle \u0219i semin\u021bele lui Anaxagora \u2013 fiecare dintre ele reprezint\u0103 c\u00e2te un pas important \u00een lunga c\u0103l\u0103torie de la na\u0219terea zeilor p\u00e2n\u0103 la \u00eentrebarea  metafizic\u0103 \u201eoare cum se poate na\u0219te ceva?\u201d.<\/p>\n","protected":false},"excerpt":{"rendered":"<p>Google Books&nbsp; Volumul de fa\u021b\u0103 \u00ee\u0219i propune s\u0103 demonstreze c\u0103 orice discu\u021bie privitoare la cosmogoniile presocratice trebuie s\u0103 se refere at\u00e2t la teogonii, c\u00e2t \u0219i la cosmogoniile de factur\u0103 filosofic\u0103, de vreme ce procesele lingvistice folosite \u00een descrierea \u00eenceputului universului r\u0103m\u00e2n, totu\u0219i, acelea\u0219i. Primele \u00eencerc\u0103ri de a crea termeni specifici se pot g\u0103si chiar la [&hellip;]<\/p>\n","protected":false},"featured_media":26698,"comment_status":"open","ping_status":"closed","template":"","meta":[],"product_brand":[],"product_cat":[1531,1471,1464,980,991,994],"product_tag":[3482,890,921,895,944],"class_list":{"0":"post-26697","1":"product","2":"type-product","3":"status-publish","4":"has-post-thumbnail","6":"product_cat-colectii","7":"product_cat-colectia-teze-de-doctorat","8":"product_cat-filologie","9":"product_cat-limbi-romanice-clasice-si-orientale","10":"product_cat-stiinte-sociale","11":"product_cat-filosofie","12":"product_tag-bizantinologie","13":"product_tag-filologie-clasica","14":"product_tag-filosofie","15":"product_tag-lingvistica","16":"product_tag-mitologie","18":"first","19":"instock","20":"shipping-taxable","21":"purchasable","22":"product-type-simple"},"_links":{"self":[{"href":"https:\/\/editura-unibuc.ro\/en\/wp-json\/wp\/v2\/product\/26697","targetHints":{"allow":["GET"]}}],"collection":[{"href":"https:\/\/editura-unibuc.ro\/en\/wp-json\/wp\/v2\/product"}],"about":[{"href":"https:\/\/editura-unibuc.ro\/en\/wp-json\/wp\/v2\/types\/product"}],"replies":[{"embeddable":true,"href":"https:\/\/editura-unibuc.ro\/en\/wp-json\/wp\/v2\/comments?post=26697"}],"wp:featuredmedia":[{"embeddable":true,"href":"https:\/\/editura-unibuc.ro\/en\/wp-json\/wp\/v2\/media\/26698"}],"wp:attachment":[{"href":"https:\/\/editura-unibuc.ro\/en\/wp-json\/wp\/v2\/media?parent=26697"}],"wp:term":[{"taxonomy":"product_brand","embeddable":true,"href":"https:\/\/editura-unibuc.ro\/en\/wp-json\/wp\/v2\/product_brand?post=26697"},{"taxonomy":"product_cat","embeddable":true,"href":"https:\/\/editura-unibuc.ro\/en\/wp-json\/wp\/v2\/product_cat?post=26697"},{"taxonomy":"product_tag","embeddable":true,"href":"https:\/\/editura-unibuc.ro\/en\/wp-json\/wp\/v2\/product_tag?post=26697"}],"curies":[{"name":"wp","href":"https:\/\/api.w.org\/{rel}","templated":true}]}}