{"id":2670,"date":"2012-10-01T12:35:59","date_gmt":"2012-10-01T09:35:59","guid":{"rendered":"https:\/\/editura-unibuc.ro\/?p=2670"},"modified":"2017-07-21T09:43:05","modified_gmt":"2017-07-21T06:43:05","slug":"antonymie-phenomene-discursif","status":"publish","type":"product","link":"https:\/\/editura-unibuc.ro\/en\/antonymie-phenomene-discursif\/","title":{"rendered":"ANTONYMY: DISCURSIVE PHENOMENON"},"content":{"rendered":"<p>Linguistique de l\u2019\u00e9nociation, th\u00e9ories des actes de langage, pragmatique int\u00e9gr\u00e9e, socio-linguistique, autant de nouvelles approches pour l\u2019analyse du discours et de ses unit\u00e9s constitutives, qui ont marqu\u00e9, ind\u00e9niablement, un tournant pour la s\u00e9mantique.<\/p>\n<p>Reconnaissant \u00e0 la s\u00e9mantique de l\u2019immanence le r\u00f4le essentiel pour l\u2019\u00e9tude approfondie et rigoureuse du sens hors contexte des unit\u00e9s lexicales composant le vocabulaire, ces nouvelles th\u00e9ories s\u2019agencent pour orienter les recherches s\u00e9mantiques vers une int\u00e9gration \u00e0 la pragmatique et, implicitement, \u00e0 l\u2019analyse du discours. C\u2019est dans cette perspective que les relations s\u00e9mantiques doivent, \u00e0 leur tout, \u00eatre revisit\u00e9es. Polys\u00e9mie, synonymie, antonymie, ce sont des ph\u00e9nom\u00e8nes dont il faut reconsid\u00e9rer le fonctionnement, les facteurs d\u00e9clencheurs et les m\u00e9canismes de production.<\/p>\n","protected":false},"excerpt":{"rendered":"<p>Linguistique de l\u2019\u00e9nociation, th\u00e9ories des actes de langage, pragmatique int\u00e9gr\u00e9e, socio-linguistique, autant de nouvelles approches pour l\u2019analyse du discours et de ses unit\u00e9s constitutives, qui ont marqu\u00e9, ind\u00e9niablement, un tournant pour la s\u00e9mantique. Reconnaissant \u00e0 la s\u00e9mantique de l\u2019immanence le r\u00f4le essentiel pour l\u2019\u00e9tude approfondie et rigoureuse du sens hors contexte des unit\u00e9s lexicales composant [&hellip;]<\/p>\n","protected":false},"featured_media":10489,"comment_status":"open","ping_status":"closed","template":"","meta":[],"product_brand":[],"product_cat":[1464,977],"product_tag":[877,895],"class_list":{"0":"post-2670","1":"product","2":"type-product","3":"status-publish","4":"has-post-thumbnail","6":"product_cat-filologie","7":"product_cat-limba-franceza","8":"product_tag-franceza","9":"product_tag-lingvistica","11":"first","12":"outofstock","13":"shipping-taxable","14":"purchasable","15":"product-type-simple"},"_links":{"self":[{"href":"https:\/\/editura-unibuc.ro\/en\/wp-json\/wp\/v2\/product\/2670","targetHints":{"allow":["GET"]}}],"collection":[{"href":"https:\/\/editura-unibuc.ro\/en\/wp-json\/wp\/v2\/product"}],"about":[{"href":"https:\/\/editura-unibuc.ro\/en\/wp-json\/wp\/v2\/types\/product"}],"replies":[{"embeddable":true,"href":"https:\/\/editura-unibuc.ro\/en\/wp-json\/wp\/v2\/comments?post=2670"}],"wp:featuredmedia":[{"embeddable":true,"href":"https:\/\/editura-unibuc.ro\/en\/wp-json\/wp\/v2\/media\/10489"}],"wp:attachment":[{"href":"https:\/\/editura-unibuc.ro\/en\/wp-json\/wp\/v2\/media?parent=2670"}],"wp:term":[{"taxonomy":"product_brand","embeddable":true,"href":"https:\/\/editura-unibuc.ro\/en\/wp-json\/wp\/v2\/product_brand?post=2670"},{"taxonomy":"product_cat","embeddable":true,"href":"https:\/\/editura-unibuc.ro\/en\/wp-json\/wp\/v2\/product_cat?post=2670"},{"taxonomy":"product_tag","embeddable":true,"href":"https:\/\/editura-unibuc.ro\/en\/wp-json\/wp\/v2\/product_tag?post=2670"}],"curies":[{"name":"wp","href":"https:\/\/api.w.org\/{rel}","templated":true}]}}