{"id":26700,"date":"2020-03-05T22:02:41","date_gmt":"2020-03-05T20:02:41","guid":{"rendered":"https:\/\/editura-unibuc.ro\/?post_type=product&#038;p=26700"},"modified":"2025-04-28T13:42:17","modified_gmt":"2025-04-28T10:42:17","slug":"asceza-si-indumnezeirea-omului-in-opera-sfantului-isaac-sirul","status":"publish","type":"product","link":"https:\/\/editura-unibuc.ro\/en\/asceza-si-indumnezeirea-omului-in-opera-sfantului-isaac-sirul\/","title":{"rendered":"ASCEZA \u0218I \u00ceNDUMNEZEIREA OMULUI \u00ceN OPERA SF\u00c2NTULUI ISAAC SIRUL"},"content":{"rendered":"<hr \/>\n<p><strong><a href=\"https:\/\/books.google.ro\/books\/about?id=O4NOEAAAQBAJ&#038;redir_esc=y\" target=\"_blank\" rel=\"noopener\"><img decoding=\"async\" src=\"https:\/\/editura-unibuc.ro\/wp-content\/uploads\/2025\/04\/goo.png\" \/>Google Books<\/a><\/strong><br \/>&nbsp;<\/p>\n<hr \/>\n<p>Cuviosul Isaac Sirul (sec.VII-lea) se num\u0103r\u0103 \u00eentre marii p\u0103rin\u021bi duhovnice\u0219ti ai R\u0103s\u0103ritului cre\u0219tin. Opera sa se \u00eenscrie \u00een mo\u0219tenirea admirabil\u0103 a spiritualit\u0103\u021bii siro-orientale.<\/p>\n","protected":false},"excerpt":{"rendered":"<p>Google Books&nbsp; Cuviosul Isaac Sirul (sec.VII-lea) se num\u0103r\u0103 \u00eentre marii p\u0103rin\u021bi duhovnice\u0219ti ai R\u0103s\u0103ritului cre\u0219tin. Opera sa se \u00eenscrie \u00een mo\u0219tenirea admirabil\u0103 a spiritualit\u0103\u021bii siro-orientale.<\/p>\n","protected":false},"featured_media":26701,"comment_status":"open","ping_status":"closed","template":"","meta":[],"product_brand":[],"product_cat":[1531,2597,991,999],"product_tag":[3484,3483,3485],"class_list":{"0":"post-26700","1":"product","2":"type-product","3":"status-publish","4":"has-post-thumbnail","6":"product_cat-colectii","7":"product_cat-studia-theologica","8":"product_cat-stiinte-sociale","9":"product_cat-teologie","10":"product_tag-asceza","11":"product_tag-biserica-siro-orientala","12":"product_tag-indumnezeirea-omului","14":"first","15":"outofstock","16":"shipping-taxable","17":"purchasable","18":"product-type-simple"},"_links":{"self":[{"href":"https:\/\/editura-unibuc.ro\/en\/wp-json\/wp\/v2\/product\/26700","targetHints":{"allow":["GET"]}}],"collection":[{"href":"https:\/\/editura-unibuc.ro\/en\/wp-json\/wp\/v2\/product"}],"about":[{"href":"https:\/\/editura-unibuc.ro\/en\/wp-json\/wp\/v2\/types\/product"}],"replies":[{"embeddable":true,"href":"https:\/\/editura-unibuc.ro\/en\/wp-json\/wp\/v2\/comments?post=26700"}],"wp:featuredmedia":[{"embeddable":true,"href":"https:\/\/editura-unibuc.ro\/en\/wp-json\/wp\/v2\/media\/26701"}],"wp:attachment":[{"href":"https:\/\/editura-unibuc.ro\/en\/wp-json\/wp\/v2\/media?parent=26700"}],"wp:term":[{"taxonomy":"product_brand","embeddable":true,"href":"https:\/\/editura-unibuc.ro\/en\/wp-json\/wp\/v2\/product_brand?post=26700"},{"taxonomy":"product_cat","embeddable":true,"href":"https:\/\/editura-unibuc.ro\/en\/wp-json\/wp\/v2\/product_cat?post=26700"},{"taxonomy":"product_tag","embeddable":true,"href":"https:\/\/editura-unibuc.ro\/en\/wp-json\/wp\/v2\/product_tag?post=26700"}],"curies":[{"name":"wp","href":"https:\/\/api.w.org\/{rel}","templated":true}]}}