{"id":26708,"date":"2020-03-06T12:17:07","date_gmt":"2020-03-06T10:17:07","guid":{"rendered":"https:\/\/editura-unibuc.ro\/?post_type=product&#038;p=26708"},"modified":"2020-03-06T12:17:41","modified_gmt":"2020-03-06T10:17:41","slug":"nova-studia-classica-nova-series-v-2018-magia-in-literatura-latina-imperiala-timpurie-sec-i-ii-d-hr","status":"publish","type":"product","link":"https:\/\/editura-unibuc.ro\/en\/nova-studia-classica-nova-series-v-2018-magia-in-literatura-latina-imperiala-timpurie-sec-i-ii-d-hr\/","title":{"rendered":"NOVA STUDIA CLASSICA. Nova series. V, 2018. MAGIC IN EARLY IMPERIAL LATIN LITERATURE (I-II A.D.)"},"content":{"rendered":"<p>\u201eIncursiunea \u00een primele dou\u0103 secole ale erei noastre a ar\u0103tat c\u0103 <em>fenomenul magic<\/em> ocup\u0103, al\u0103turi de religie, un loc important \u00een sfera religiozit\u0103\u0163ii romane, adic\u0103 \u00een acea hart\u0103 a naturii divinului pe care fiecare con\u015ftiin\u0163\u0103 \u00een parte o decodeaz\u0103 \u00eenl\u0103untrul s\u0103u, \u00eentr-un mod unic.\u02ee (Anca Meiro\u0219u)<\/p>\n<p>\u201eStudiul oferit [\u2026] \u00ee\u0219i g\u0103se\u0219te un binemeritat loc \u00een colec\u021bia noastr\u0103, <em>Nova Studia Classica, nova series<\/em>. El vine s\u0103 \u00eembog\u0103\u021beasc\u0103, \u00een mod meritoriu, paleta tematic\u0103 a noii serii \u0219i ofer\u0103, indiscutabil, certe garan\u021bii \u00een privin\u021ba aprofund\u0103rii \u0219i diversific\u0103rii cercet\u0103rilor \u00eentreprinse, cu asumat\u0103 responsabilitate, cu dovedite competen\u021be de specialitate, precum \u0219i, nu mai pu\u021bin, cu entuziasm \u0219i d\u0103ruire, de tinerii discipoli ai \u0219colii bucure\u0219tene de Filologie Clasic\u0103.\u02ee (Liviu Franga)<\/p>\n","protected":false},"excerpt":{"rendered":"<p>\u201eIncursiunea \u00een primele dou\u0103 secole ale erei noastre a ar\u0103tat c\u0103 fenomenul magic ocup\u0103, al\u0103turi de religie, un loc important \u00een sfera religiozit\u0103\u0163ii romane, adic\u0103 \u00een acea hart\u0103 a naturii divinului pe care fiecare con\u015ftiin\u0163\u0103 \u00een parte o decodeaz\u0103 \u00eenl\u0103untrul s\u0103u, \u00eentr-un mod unic.\u02ee (Anca Meiro\u0219u) \u201eStudiul oferit [\u2026] \u00ee\u0219i g\u0103se\u0219te un binemeritat loc \u00een [&hellip;]<\/p>\n","protected":false},"featured_media":26709,"comment_status":"open","ping_status":"closed","template":"","meta":[],"product_brand":[],"product_cat":[1531,856,1464,980],"product_tag":[890,921,3489,870,1067],"class_list":{"0":"post-26708","1":"product","2":"type-product","3":"status-publish","4":"has-post-thumbnail","6":"product_cat-colectii","7":"product_cat-colectia-lci-limbi-culturi-identitati","8":"product_cat-filologie","9":"product_cat-limbi-romanice-clasice-si-orientale","10":"product_tag-filologie-clasica","11":"product_tag-filosofie","12":"product_tag-literatura-latina","13":"product_tag-magie","14":"product_tag-religie","16":"first","17":"instock","18":"shipping-taxable","19":"purchasable","20":"product-type-simple"},"_links":{"self":[{"href":"https:\/\/editura-unibuc.ro\/en\/wp-json\/wp\/v2\/product\/26708","targetHints":{"allow":["GET"]}}],"collection":[{"href":"https:\/\/editura-unibuc.ro\/en\/wp-json\/wp\/v2\/product"}],"about":[{"href":"https:\/\/editura-unibuc.ro\/en\/wp-json\/wp\/v2\/types\/product"}],"replies":[{"embeddable":true,"href":"https:\/\/editura-unibuc.ro\/en\/wp-json\/wp\/v2\/comments?post=26708"}],"wp:featuredmedia":[{"embeddable":true,"href":"https:\/\/editura-unibuc.ro\/en\/wp-json\/wp\/v2\/media\/26709"}],"wp:attachment":[{"href":"https:\/\/editura-unibuc.ro\/en\/wp-json\/wp\/v2\/media?parent=26708"}],"wp:term":[{"taxonomy":"product_brand","embeddable":true,"href":"https:\/\/editura-unibuc.ro\/en\/wp-json\/wp\/v2\/product_brand?post=26708"},{"taxonomy":"product_cat","embeddable":true,"href":"https:\/\/editura-unibuc.ro\/en\/wp-json\/wp\/v2\/product_cat?post=26708"},{"taxonomy":"product_tag","embeddable":true,"href":"https:\/\/editura-unibuc.ro\/en\/wp-json\/wp\/v2\/product_tag?post=26708"}],"curies":[{"name":"wp","href":"https:\/\/api.w.org\/{rel}","templated":true}]}}