{"id":26711,"date":"2020-03-06T12:20:00","date_gmt":"2020-03-06T10:20:00","guid":{"rendered":"https:\/\/editura-unibuc.ro\/?post_type=product&#038;p=26711"},"modified":"2025-05-13T09:08:45","modified_gmt":"2025-05-13T06:08:45","slug":"relatia-cercetare-predare-in-sistemul-de-invatamant-superior-roluri-perceptii-si-practici","status":"publish","type":"product","link":"https:\/\/editura-unibuc.ro\/en\/relatia-cercetare-predare-in-sistemul-de-invatamant-superior-roluri-perceptii-si-practici\/","title":{"rendered":"THE RESEARCH-TEACHING RELATIONSHIP IN THE HIGHER EDUCATION SYSTEM: ROLES, PERCEPTIONS AND PRACTICES"},"content":{"rendered":"<p><\/p>\n<hr \/>\n<p><strong><a href=\"https:\/\/books.google.ro\/books\/about?id=EqRCEAAAQBAJ&#038;redir_esc=y\" target=\"_blank\" rel=\"noopener\"><img decoding=\"async\" src=\"https:\/\/editura-unibuc.ro\/wp-content\/uploads\/2025\/04\/goo.png\" \/>Google Books<\/a><\/strong><br \/>&nbsp;<\/p>\n<hr \/>\n<p>\u201eMeritul incontestabil al tezei se bazeaz\u0103 pe abordarea curajoas\u0103 nu numai a unei teme foarte complexe [\u2026], dar mai ales demersul investigativ, amplu \u0219i meticulos prezentat, \u00een partea de analiz\u0103 a datelor, este de eviden\u021biat.\u02ee  (prof. univ. dr. Simona Sava, Universitatea de Vest din Timi\u0219oara)<\/p>\n<p>\u201eApreciez necesitatea \u0219i relevan\u021ba pedagogic\u0103 a cercet\u0103rii, precum \u0219i contribu\u021biile personale ale autoarei \u0219i deschiderile de cercetare oferite.\u02ee (prof. univ. dr. Ion Albulescu, Universitatea Babe\u0219-Bolyai Cluj-Napoca)<\/p>\n<p>\u201eTeza de doctorat reprezint\u0103 o \u00eencununare a unui parcurs academic de substan\u021b\u0103, dedicate studierii politicilor \u0219i practicilor institu\u021bionale din domeniul \u00eenv\u0103\u021b\u0103m\u00e2ntului superior. Pozi\u021bionarea epistemologic\u0103 o plaseaz\u0103 pe autoare \u00een situa\u021bia de a-i contura un profil al unui cercet\u0103tor consecvent \u0219i logic, riguros \u0219i determinat pe aceast\u0103 materie de studio, care pledeaz\u0103 \u00een favoarea tranzi\u021biei de la practic\u0103 la reflec\u021bie \u0219i pentru introducerea domeniului pe agenda preocup\u0103rilor teoretice, dar, mail ales, a liniilor practic-reflexive, \u00een domeniul educa\u021biei superioare. Acesta este meritul unui cercet\u0103tor care face pasul, prin aceast\u0103 lucrare, la un nou nivel de afirmare.\u02ee (prof. univ. dr. Romi\u021b\u0103 Iucu, Universitatea din Bucure\u0219ti)<\/p>","protected":false},"excerpt":{"rendered":"<p>Google Books&nbsp; \u201eMeritul incontestabil al tezei se bazeaz\u0103 pe abordarea curajoas\u0103 nu numai a unei teme foarte complexe [\u2026], dar mai ales demersul investigativ, amplu \u0219i meticulos prezentat, \u00een partea de analiz\u0103 a datelor, este de eviden\u021biat.\u02ee (prof. univ. dr. Simona Sava, Universitatea de Vest din Timi\u0219oara) \u201eApreciez necesitatea \u0219i relevan\u021ba pedagogic\u0103 a cercet\u0103rii, precum [&hellip;]<\/p>\n","protected":false},"featured_media":26710,"comment_status":"open","ping_status":"closed","template":"","meta":[],"product_brand":[],"product_cat":[1531,2687,991,997],"product_tag":[1294,1541,1163,1111,1515],"class_list":{"0":"post-26711","1":"product","2":"type-product","3":"status-publish","4":"has-post-thumbnail","6":"product_cat-colectii","7":"product_cat-stiintele-educatiei","8":"product_cat-stiinte-sociale","9":"product_cat-psihologie-stiintele-educatiei-si-pedagogie","10":"product_tag-cercetare","11":"product_tag-invatamant-superior","12":"product_tag-predare","13":"product_tag-psihologie","14":"product_tag-stiintele-educatiei","16":"first","17":"instock","18":"shipping-taxable","19":"purchasable","20":"product-type-simple"},"_links":{"self":[{"href":"https:\/\/editura-unibuc.ro\/en\/wp-json\/wp\/v2\/product\/26711","targetHints":{"allow":["GET"]}}],"collection":[{"href":"https:\/\/editura-unibuc.ro\/en\/wp-json\/wp\/v2\/product"}],"about":[{"href":"https:\/\/editura-unibuc.ro\/en\/wp-json\/wp\/v2\/types\/product"}],"replies":[{"embeddable":true,"href":"https:\/\/editura-unibuc.ro\/en\/wp-json\/wp\/v2\/comments?post=26711"}],"wp:featuredmedia":[{"embeddable":true,"href":"https:\/\/editura-unibuc.ro\/en\/wp-json\/wp\/v2\/media\/26710"}],"wp:attachment":[{"href":"https:\/\/editura-unibuc.ro\/en\/wp-json\/wp\/v2\/media?parent=26711"}],"wp:term":[{"taxonomy":"product_brand","embeddable":true,"href":"https:\/\/editura-unibuc.ro\/en\/wp-json\/wp\/v2\/product_brand?post=26711"},{"taxonomy":"product_cat","embeddable":true,"href":"https:\/\/editura-unibuc.ro\/en\/wp-json\/wp\/v2\/product_cat?post=26711"},{"taxonomy":"product_tag","embeddable":true,"href":"https:\/\/editura-unibuc.ro\/en\/wp-json\/wp\/v2\/product_tag?post=26711"}],"curies":[{"name":"wp","href":"https:\/\/api.w.org\/{rel}","templated":true}]}}