{"id":26726,"date":"2020-03-09T21:11:08","date_gmt":"2020-03-09T19:11:08","guid":{"rendered":"https:\/\/editura-unibuc.ro\/?post_type=product&#038;p=26726"},"modified":"2025-05-13T11:28:21","modified_gmt":"2025-05-13T08:28:21","slug":"wave-optics-practical-works-exercises-and-problems","status":"publish","type":"product","link":"https:\/\/editura-unibuc.ro\/en\/wave-optics-practical-works-exercises-and-problems\/","title":{"rendered":"WAVE OPTICS. PRACTICAL WORKS, EXERCISES AND PROBLEMS"},"content":{"rendered":"<hr \/>\n<p><strong><a href=\"https:\/\/books.google.ro\/books\/about?id=-9pbEAAAQBAJ&#038;redir_esc=y\" target=\"_blank\" rel=\"noopener\"><img decoding=\"async\" src=\"https:\/\/editura-unibuc.ro\/wp-content\/uploads\/2025\/04\/goo.png\" \/>Google Books<\/a><\/strong><br \/>&nbsp;<\/p>\n<hr \/>\n<p>Lucrarea <em>Wave Optics \u2013 Practical Works, Exercises and Problems<\/em> reprezint\u0103 un suport de laborator necesar cursului de Optic\u0103 din anul II de studiu de la Facultatea de Fizic\u0103, Universitatea din Bucure\u0219ti, de la modulul cu predare \u00een limba englez\u0103. Este o lucrare binevenit\u0103 pentru studen\u021bi, deoarece este prima dat\u0103 c\u00e2nd lucr\u0103rile de laborator de optic\u0103 ondulatorie sunt prezentate \u00een limba englez\u0103.<\/p>\n<p>Cartea prezint\u0103 temele de laborator \u00eentr-un mod atractiv \u0219i este bogat ilustrat\u0103 cu figuri care ajut\u0103 la o mai bun\u0103 \u00een\u021belegere a subiectului. Fiecare lucrare de laborator are o introducere teoretic\u0103 clar\u0103 \u0219i bine expus\u0103, \u00eenso\u021bit\u0103 at\u00e2t de date istorice, c\u00e2t \u0219i de demonstra\u021bii matematice complete, o descriere a dispozitivului experimental \u0219i un mod de lucru detaliat. Anexele cuprind materiale suplimentare necesare interpret\u0103rii rezultatelor.<\/p>\n<p>Pe l\u00e2ng\u0103 lucr\u0103rile de laborator, cartea mai include \u0219i o serie de probleme de interferen\u021b\u0103, difrac\u021bie \u0219i polarizare care permit o mai bun\u0103 aprofundare a acestor fenomene.<\/p>\n","protected":false},"excerpt":{"rendered":"<p>Google Books&nbsp; Lucrarea Wave Optics \u2013 Practical Works, Exercises and Problems reprezint\u0103 un suport de laborator necesar cursului de Optic\u0103 din anul II de studiu de la Facultatea de Fizic\u0103, Universitatea din Bucure\u0219ti, de la modulul cu predare \u00een limba englez\u0103. Este o lucrare binevenit\u0103 pentru studen\u021bi, deoarece este prima dat\u0103 c\u00e2nd lucr\u0103rile de laborator [&hellip;]<\/p>\n","protected":false},"featured_media":26725,"comment_status":"open","ping_status":"closed","template":"","meta":[],"product_brand":[],"product_cat":[1531,2839,982,984],"product_tag":[1049,908,1239,3495,3496],"class_list":{"0":"post-26726","1":"product","2":"type-product","3":"status-publish","4":"has-post-thumbnail","6":"product_cat-colectii","7":"product_cat-fizicaphysics","8":"product_cat-stiinte-exacte","9":"product_cat-fizica","10":"product_tag-exercitii","11":"product_tag-fizica","12":"product_tag-lucrari-practice","13":"product_tag-optica-ondulatorie","14":"product_tag-probleme","16":"first","17":"instock","18":"shipping-taxable","19":"purchasable","20":"product-type-simple"},"_links":{"self":[{"href":"https:\/\/editura-unibuc.ro\/en\/wp-json\/wp\/v2\/product\/26726","targetHints":{"allow":["GET"]}}],"collection":[{"href":"https:\/\/editura-unibuc.ro\/en\/wp-json\/wp\/v2\/product"}],"about":[{"href":"https:\/\/editura-unibuc.ro\/en\/wp-json\/wp\/v2\/types\/product"}],"replies":[{"embeddable":true,"href":"https:\/\/editura-unibuc.ro\/en\/wp-json\/wp\/v2\/comments?post=26726"}],"wp:featuredmedia":[{"embeddable":true,"href":"https:\/\/editura-unibuc.ro\/en\/wp-json\/wp\/v2\/media\/26725"}],"wp:attachment":[{"href":"https:\/\/editura-unibuc.ro\/en\/wp-json\/wp\/v2\/media?parent=26726"}],"wp:term":[{"taxonomy":"product_brand","embeddable":true,"href":"https:\/\/editura-unibuc.ro\/en\/wp-json\/wp\/v2\/product_brand?post=26726"},{"taxonomy":"product_cat","embeddable":true,"href":"https:\/\/editura-unibuc.ro\/en\/wp-json\/wp\/v2\/product_cat?post=26726"},{"taxonomy":"product_tag","embeddable":true,"href":"https:\/\/editura-unibuc.ro\/en\/wp-json\/wp\/v2\/product_tag?post=26726"}],"curies":[{"name":"wp","href":"https:\/\/api.w.org\/{rel}","templated":true}]}}