{"id":26732,"date":"2020-03-10T10:37:09","date_gmt":"2020-03-10T08:37:09","guid":{"rendered":"https:\/\/editura-unibuc.ro\/?post_type=product&#038;p=26732"},"modified":"2020-03-10T10:37:10","modified_gmt":"2020-03-10T08:37:10","slug":"evolutie-si-logica","status":"publish","type":"product","link":"https:\/\/editura-unibuc.ro\/en\/evolutie-si-logica\/","title":{"rendered":"EVOLU\u021aIE \u0218I LOGIC\u0102"},"content":{"rendered":"<p>\u201cEste posibil\u0103 o explica\u021bie evolu\u021bionist\u0103 a originii \u0219i prolifer\u0103rii legilor logice, care s\u0103 \u00eentemeieze validitatea acestora? Camil Golub argumenteaz\u0103 pentru un r\u0103spuns negativ la aceast\u0103 \u00eentrebare. Proiectul s\u0103u se \u00eencadreaz\u0103 \u00eentr-una dintre cele mai importante dezbateri filosofice contemporane: confruntarea dintre curentul naturalist, foarte influent \u00een domenii dintre cele mai diverse ale filosofiei contemporane, \u015fi filosofia v\u0103zut\u0103 ca demers intelectual <em>a priori<\/em>\u201d. <\/p>\n<p>Prof. Univ. Dr. Mircea Dumitru<\/p>\n","protected":false},"excerpt":{"rendered":"<p>\u201cEste posibil\u0103 o explica\u021bie evolu\u021bionist\u0103 a originii \u0219i prolifer\u0103rii legilor logice, care s\u0103 \u00eentemeieze validitatea acestora? Camil Golub argumenteaz\u0103 pentru un r\u0103spuns negativ la aceast\u0103 \u00eentrebare. Proiectul s\u0103u se \u00eencadreaz\u0103 \u00eentr-una dintre cele mai importante dezbateri filosofice contemporane: confruntarea dintre curentul naturalist, foarte influent \u00een domenii dintre cele mai diverse ale filosofiei contemporane, \u015fi filosofia [&hellip;]<\/p>\n","protected":false},"featured_media":26733,"comment_status":"open","ping_status":"closed","template":"","meta":[],"product_brand":[],"product_cat":[1531,3499,991,994],"product_tag":[3500,1194,2754],"class_list":{"0":"post-26732","1":"product","2":"type-product","3":"status-publish","4":"has-post-thumbnail","6":"product_cat-colectii","7":"product_cat-filosofie-teoretica","8":"product_cat-stiinte-sociale","9":"product_cat-filosofie","10":"product_tag-evolutionism","11":"product_tag-logica","12":"product_tag-naturalism","14":"first","15":"instock","16":"shipping-taxable","17":"purchasable","18":"product-type-simple"},"_links":{"self":[{"href":"https:\/\/editura-unibuc.ro\/en\/wp-json\/wp\/v2\/product\/26732","targetHints":{"allow":["GET"]}}],"collection":[{"href":"https:\/\/editura-unibuc.ro\/en\/wp-json\/wp\/v2\/product"}],"about":[{"href":"https:\/\/editura-unibuc.ro\/en\/wp-json\/wp\/v2\/types\/product"}],"replies":[{"embeddable":true,"href":"https:\/\/editura-unibuc.ro\/en\/wp-json\/wp\/v2\/comments?post=26732"}],"wp:featuredmedia":[{"embeddable":true,"href":"https:\/\/editura-unibuc.ro\/en\/wp-json\/wp\/v2\/media\/26733"}],"wp:attachment":[{"href":"https:\/\/editura-unibuc.ro\/en\/wp-json\/wp\/v2\/media?parent=26732"}],"wp:term":[{"taxonomy":"product_brand","embeddable":true,"href":"https:\/\/editura-unibuc.ro\/en\/wp-json\/wp\/v2\/product_brand?post=26732"},{"taxonomy":"product_cat","embeddable":true,"href":"https:\/\/editura-unibuc.ro\/en\/wp-json\/wp\/v2\/product_cat?post=26732"},{"taxonomy":"product_tag","embeddable":true,"href":"https:\/\/editura-unibuc.ro\/en\/wp-json\/wp\/v2\/product_tag?post=26732"}],"curies":[{"name":"wp","href":"https:\/\/api.w.org\/{rel}","templated":true}]}}