{"id":26762,"date":"2020-03-12T09:43:02","date_gmt":"2020-03-12T07:43:02","guid":{"rendered":"https:\/\/editura-unibuc.ro\/?post_type=product&#038;p=26762"},"modified":"2025-05-06T12:03:49","modified_gmt":"2025-05-06T09:03:49","slug":"contabilitate-financiara-pentru-entitatile-economice-necotate-la-bursa","status":"publish","type":"product","link":"https:\/\/editura-unibuc.ro\/en\/contabilitate-financiara-pentru-entitatile-economice-necotate-la-bursa\/","title":{"rendered":"FINANCIAL ACCOUNTING FOR UNLISTED PUBLIC COMPANIES"},"content":{"rendered":"<p><\/p>\n<hr \/>\n<p><strong><a href=\"https:\/\/books.google.ro\/books\/about?id=M_JaEAAAQBAJ&#038;redir_esc=y\" target=\"_blank\" rel=\"noopener\"><img decoding=\"async\" src=\"https:\/\/editura-unibuc.ro\/wp-content\/uploads\/2025\/04\/goo.png\" \/>Google Books<\/a><\/strong><br \/>&nbsp;<\/p>\n<hr \/>\n<p>Lucrarea se adreseaz\u0103 studen\u021bilor din \u00eenv\u0103\u021b\u0103m\u00e2ntul superior economic, masteranzilor domeniului contabil \u0219i, nu \u00een ultimul r\u00e2nd, practicienilor contabili, devenind pentru fiecare \u00een parte un ajutor \u00een identificarea \u0219i \u00eenregistrarea opera\u021biilor economice, \u00een aplicarea conceptelor, teoriilor, principiilor \u0219i metodelor de baz\u0103 pentru preg\u0103tirea \u0219i prelucrarea informa\u021biilor \u00een vederea \u00eentocmirii situa\u021biilor financiare.<\/p>\n<p>Materialul de fa\u021b\u0103 poate s\u0103 constituie \u0219i pentru utilizatorii informa\u021biei contabile un ajutor \u00een \u00een\u021belegerea motiva\u021biei teoretice \u0219i aplicarea sistemului de contabilitate \u00een spiritul reglement\u0103rilor contabile, acestea oferind explicarea bazei teoretice contabile \u0219i o multitudine de aplica\u021bii practice.<\/p>","protected":false},"excerpt":{"rendered":"<p>Google Books&nbsp; Lucrarea se adreseaz\u0103 studen\u021bilor din \u00eenv\u0103\u021b\u0103m\u00e2ntul superior economic, masteranzilor domeniului contabil \u0219i, nu \u00een ultimul r\u00e2nd, practicienilor contabili, devenind pentru fiecare \u00een parte un ajutor \u00een identificarea \u0219i \u00eenregistrarea opera\u021biilor economice, \u00een aplicarea conceptelor, teoriilor, principiilor \u0219i metodelor de baz\u0103 pentru preg\u0103tirea \u0219i prelucrarea informa\u021biilor \u00een vederea \u00eentocmirii situa\u021biilor financiare. Materialul de fa\u021b\u0103 [&hellip;]<\/p>\n","protected":false},"featured_media":26763,"comment_status":"open","ping_status":"closed","template":"","meta":[],"product_brand":[],"product_cat":[1531,3479,991,992],"product_tag":[3503,3502,3505,2940,3504,3506],"class_list":{"0":"post-26762","1":"product","2":"type-product","3":"status-publish","4":"has-post-thumbnail","6":"product_cat-colectii","7":"product_cat-business","8":"product_cat-stiinte-sociale","9":"product_cat-administratie-si-afaceri","10":"product_tag-administratie-si-afaceri","11":"product_tag-contabilitate-financiara","12":"product_tag-entitati-economice-necotate-la-bursa","13":"product_tag-evaluare","14":"product_tag-reglementari-contabile","15":"product_tag-situatii-financiare","17":"first","18":"instock","19":"shipping-taxable","20":"purchasable","21":"product-type-simple"},"_links":{"self":[{"href":"https:\/\/editura-unibuc.ro\/en\/wp-json\/wp\/v2\/product\/26762","targetHints":{"allow":["GET"]}}],"collection":[{"href":"https:\/\/editura-unibuc.ro\/en\/wp-json\/wp\/v2\/product"}],"about":[{"href":"https:\/\/editura-unibuc.ro\/en\/wp-json\/wp\/v2\/types\/product"}],"replies":[{"embeddable":true,"href":"https:\/\/editura-unibuc.ro\/en\/wp-json\/wp\/v2\/comments?post=26762"}],"wp:featuredmedia":[{"embeddable":true,"href":"https:\/\/editura-unibuc.ro\/en\/wp-json\/wp\/v2\/media\/26763"}],"wp:attachment":[{"href":"https:\/\/editura-unibuc.ro\/en\/wp-json\/wp\/v2\/media?parent=26762"}],"wp:term":[{"taxonomy":"product_brand","embeddable":true,"href":"https:\/\/editura-unibuc.ro\/en\/wp-json\/wp\/v2\/product_brand?post=26762"},{"taxonomy":"product_cat","embeddable":true,"href":"https:\/\/editura-unibuc.ro\/en\/wp-json\/wp\/v2\/product_cat?post=26762"},{"taxonomy":"product_tag","embeddable":true,"href":"https:\/\/editura-unibuc.ro\/en\/wp-json\/wp\/v2\/product_tag?post=26762"}],"curies":[{"name":"wp","href":"https:\/\/api.w.org\/{rel}","templated":true}]}}