{"id":26764,"date":"2020-03-12T09:46:46","date_gmt":"2020-03-12T07:46:46","guid":{"rendered":"https:\/\/editura-unibuc.ro\/?post_type=product&#038;p=26764"},"modified":"2025-08-06T10:49:48","modified_gmt":"2025-08-06T07:49:48","slug":"amprente-o-viziune-postmoderna","status":"publish","type":"product","link":"https:\/\/editura-unibuc.ro\/en\/amprente-o-viziune-postmoderna\/","title":{"rendered":"PRINTS. POSTMODERN VISIONS"},"content":{"rendered":"<p>Destituit\u0103, dizolvat\u0103, reconstruit\u0103 sau diseminat\u0103, identitatea postmodern\u0103 iese din genul proxim al unei posibile defini\u021bii. \u00cen afara categoriilor logicii carteziene, \u00eentr-o lume volatil\u0103, construit\u0103 dincolo de  cumin\u021benia ter\u021bului exclus, ea gliseaz\u0103 \u00eentr-un univers augmentat, sub spectrul multiplelor modele posibile. Albumul <em>Amprente. O viziune postmodern\u0103<\/em> reprezint\u0103 o cartografie a acestor modele, pun\u00e2nd \u00eempreun\u0103 patruzeci \u0219i dou\u0103 de reflec\u021bii: cele mai bune proiecte realizate de studen\u021bi \u00een cadrul cursului de Comunicare \u0219i mentalitate postmodern\u0103. Rezult\u0103 un exerci\u021biu colectiv de confesiune ce consemneaz\u0103, prin intermediul unor autoportrete excentrice, o serie de  proiec\u021bii identitare fluide ale genera\u021biei cunoscute sub denumirea de &#8220;mileniali&#8221;  &#8211; \u00eentr-o lume a c\u0103rei rezolu\u021bie variabil\u0103 produce: antiforme, schizofrenii \u0219i mutan\u021bi.<\/p>\n","protected":false},"excerpt":{"rendered":"<p>Destituit\u0103, dizolvat\u0103, reconstruit\u0103 sau diseminat\u0103, identitatea postmodern\u0103 iese din genul proxim al unei posibile defini\u021bii. \u00cen afara categoriilor logicii carteziene, \u00eentr-o lume volatil\u0103, construit\u0103 dincolo de cumin\u021benia ter\u021bului exclus, ea gliseaz\u0103 \u00eentr-un univers augmentat, sub spectrul multiplelor modele posibile. Albumul Amprente. O viziune postmodern\u0103 reprezint\u0103 o cartografie a acestor modele, pun\u00e2nd \u00eempreun\u0103 patruzeci \u0219i dou\u0103 [&hellip;]<\/p>\n","protected":false},"featured_media":26765,"comment_status":"open","ping_status":"closed","template":"","meta":[],"product_brand":[],"product_cat":[1891,1464,979,991,1533,996],"product_tag":[1359,3314,1152,3259,3313],"class_list":{"0":"post-26764","1":"product","2":"type-product","3":"status-publish","4":"has-post-thumbnail","6":"product_cat-download","7":"product_cat-filologie","8":"product_cat-limba-romana","9":"product_cat-stiinte-sociale","10":"product_cat-arhitectura-si-urbanism","11":"product_cat-jurnalism-si-stiintele-comunicarii","12":"product_tag-antropologie","13":"product_tag-arhitectura","14":"product_tag-bucuresti","15":"product_tag-comunicare-si-relatii-publice","16":"product_tag-fotografie","18":"first","19":"outofstock","20":"downloadable","21":"virtual","22":"product-type-simple"},"_links":{"self":[{"href":"https:\/\/editura-unibuc.ro\/en\/wp-json\/wp\/v2\/product\/26764","targetHints":{"allow":["GET"]}}],"collection":[{"href":"https:\/\/editura-unibuc.ro\/en\/wp-json\/wp\/v2\/product"}],"about":[{"href":"https:\/\/editura-unibuc.ro\/en\/wp-json\/wp\/v2\/types\/product"}],"replies":[{"embeddable":true,"href":"https:\/\/editura-unibuc.ro\/en\/wp-json\/wp\/v2\/comments?post=26764"}],"wp:featuredmedia":[{"embeddable":true,"href":"https:\/\/editura-unibuc.ro\/en\/wp-json\/wp\/v2\/media\/26765"}],"wp:attachment":[{"href":"https:\/\/editura-unibuc.ro\/en\/wp-json\/wp\/v2\/media?parent=26764"}],"wp:term":[{"taxonomy":"product_brand","embeddable":true,"href":"https:\/\/editura-unibuc.ro\/en\/wp-json\/wp\/v2\/product_brand?post=26764"},{"taxonomy":"product_cat","embeddable":true,"href":"https:\/\/editura-unibuc.ro\/en\/wp-json\/wp\/v2\/product_cat?post=26764"},{"taxonomy":"product_tag","embeddable":true,"href":"https:\/\/editura-unibuc.ro\/en\/wp-json\/wp\/v2\/product_tag?post=26764"}],"curies":[{"name":"wp","href":"https:\/\/api.w.org\/{rel}","templated":true}]}}