{"id":2681,"date":"2012-10-01T13:16:10","date_gmt":"2012-10-01T10:16:10","guid":{"rendered":"https:\/\/editura-unibuc.ro\/?p=2681"},"modified":"2025-08-28T11:04:40","modified_gmt":"2025-08-28T08:04:40","slug":"ggr-beitrage-zur-germanistik-21-europaertum-eines-inseldaseins-identitats-und-alteritats-bewusstsein-im-werk-hans-bergels","status":"publish","type":"product","link":"https:\/\/editura-unibuc.ro\/en\/ggr-beitrage-zur-germanistik-21-europaertum-eines-inseldaseins-identitats-und-alteritats-bewusstsein-im-werk-hans-bergels\/","title":{"rendered":"ROMANIAN GERMANISTS SOCIETY \u2013 CONTRIBUTIONS TO GERMANISTICS 21. INSULARY IDENTITY OF EUROPENISM AND ALTERITY AWARENESS IN HANS BERGEL&#8217;S WORK"},"content":{"rendered":"<p>\u201cOpera\u021bia dificil\u0103 de a decupa din aproape acelea\u0219i lucr\u0103ri epice aspecte diferite precum arhetipizarea, func\u021bionalitatea cultural-mitic\u0103 sau diferen\u021bierea prin apropierea alterit\u0103\u021bii \u0219i a interreferen\u021bialit\u0103\u021bii culturale \u0219i spirituale, precum \u0219i luciditatea percep\u021biei istorice prin prisma materiei dense a narativit\u0103\u021bii bergeline, preponderent clasicizant\u0103, de tip balzacian sau tolstoian, reprezint\u0103 \u00een mare parte o frumoas\u0103 reu\u0219it\u0103 a acestui studiu\u201d. (George Gu\u021bu)<\/p>\n","protected":false},"excerpt":{"rendered":"<p>\u201cOpera\u021bia dificil\u0103 de a decupa din aproape acelea\u0219i lucr\u0103ri epice aspecte diferite precum arhetipizarea, func\u021bionalitatea cultural-mitic\u0103 sau diferen\u021bierea prin apropierea alterit\u0103\u021bii \u0219i a interreferen\u021bialit\u0103\u021bii culturale \u0219i spirituale, precum \u0219i luciditatea percep\u021biei istorice prin prisma materiei dense a narativit\u0103\u021bii bergeline, preponderent clasicizant\u0103, de tip balzacian sau tolstoian, reprezint\u0103 \u00een mare parte o frumoas\u0103 reu\u0219it\u0103 a acestui [&hellip;]<\/p>\n","protected":false},"featured_media":10483,"comment_status":"open","ping_status":"closed","template":"","meta":[],"product_brand":[],"product_cat":[1531,1470,1464,978],"product_tag":[1263,919],"class_list":{"0":"post-2681","1":"product","2":"type-product","3":"status-publish","4":"has-post-thumbnail","6":"product_cat-colectii","7":"product_cat-ggr-beitrage-zur-germanistik","8":"product_cat-filologie","9":"product_cat-germanic-languages","10":"product_tag-germana","11":"product_tag-literatura","13":"first","14":"instock","15":"shipping-taxable","16":"purchasable","17":"product-type-simple"},"_links":{"self":[{"href":"https:\/\/editura-unibuc.ro\/en\/wp-json\/wp\/v2\/product\/2681","targetHints":{"allow":["GET"]}}],"collection":[{"href":"https:\/\/editura-unibuc.ro\/en\/wp-json\/wp\/v2\/product"}],"about":[{"href":"https:\/\/editura-unibuc.ro\/en\/wp-json\/wp\/v2\/types\/product"}],"replies":[{"embeddable":true,"href":"https:\/\/editura-unibuc.ro\/en\/wp-json\/wp\/v2\/comments?post=2681"}],"wp:featuredmedia":[{"embeddable":true,"href":"https:\/\/editura-unibuc.ro\/en\/wp-json\/wp\/v2\/media\/10483"}],"wp:attachment":[{"href":"https:\/\/editura-unibuc.ro\/en\/wp-json\/wp\/v2\/media?parent=2681"}],"wp:term":[{"taxonomy":"product_brand","embeddable":true,"href":"https:\/\/editura-unibuc.ro\/en\/wp-json\/wp\/v2\/product_brand?post=2681"},{"taxonomy":"product_cat","embeddable":true,"href":"https:\/\/editura-unibuc.ro\/en\/wp-json\/wp\/v2\/product_cat?post=2681"},{"taxonomy":"product_tag","embeddable":true,"href":"https:\/\/editura-unibuc.ro\/en\/wp-json\/wp\/v2\/product_tag?post=2681"}],"curies":[{"name":"wp","href":"https:\/\/api.w.org\/{rel}","templated":true}]}}