{"id":26988,"date":"2020-04-17T15:10:08","date_gmt":"2020-04-17T12:10:08","guid":{"rendered":"https:\/\/editura-unibuc.ro\/?post_type=product&#038;p=26988"},"modified":"2025-08-06T10:58:50","modified_gmt":"2025-08-06T07:58:50","slug":"artele-evacuarilor-lumile-locuirii-precare-%c8%8bn-bucuresti","status":"publish","type":"product","link":"https:\/\/editura-unibuc.ro\/en\/artele-evacuarilor-lumile-locuirii-precare-%c8%8bn-bucuresti\/","title":{"rendered":"EVACUATION ARTS: THE WORLDS OF PRECARIOUS LIVING IN BUCHAREST"},"content":{"rendered":"<hr \/>\n<p><strong><a href=\"https:\/\/books.google.ro\/books\/about?id=tYpDEAAAQBAJ&amp;redir_esc=y\" target=\"_blank\" rel=\"noopener\"><img decoding=\"async\" src=\"https:\/\/editura-unibuc.ro\/wp-content\/uploads\/2025\/04\/goo.png\" \/>Google Books<\/a><\/strong><br \/>&nbsp;<\/p>\n<hr \/>\n<p>\u00cen Rom\u00e2nia, nu exist\u0103 studii oficiale sau cifre cu privire la evacu\u0103rile pe care autorit\u0103\u021bile publice le desf\u0103\u0219oar\u0103. Lipsa informa\u021biilor nu face \u00eens\u0103 ca problema s\u0103 dispar\u0103, ci doar o acutizeaz\u0103 \u0219i \u00eent\u00e2rzie solu\u021bionarea ei.<br \/>\nAcest text reprezint\u0103 o etnografie a \u201emarginalilor urbani\u201d, o documentare a modului \u00een care persoanele evacuate r\u0103spund, la nivelul practicilor de zi cu zi, unei situa\u021bii-limit\u0103 precum este aceea a pierderii locuin\u021bei.<\/p>\n","protected":false},"excerpt":{"rendered":"<p>Google Books&nbsp; \u00cen Rom\u00e2nia, nu exist\u0103 studii oficiale sau cifre cu privire la evacu\u0103rile pe care autorit\u0103\u021bile publice le desf\u0103\u0219oar\u0103. Lipsa informa\u021biilor nu face \u00eens\u0103 ca problema s\u0103 dispar\u0103, ci doar o acutizeaz\u0103 \u0219i \u00eent\u00e2rzie solu\u021bionarea ei. Acest text reprezint\u0103 o etnografie a \u201emarginalilor urbani\u201d, o documentare a modului \u00een care persoanele evacuate r\u0103spund, la [&hellip;]<\/p>\n","protected":false},"featured_media":26989,"comment_status":"open","ping_status":"closed","template":"","meta":[],"product_brand":[],"product_cat":[1531,3507,991,998],"product_tag":[3511,3510,3509,3508],"class_list":{"0":"post-26988","1":"product","2":"type-product","3":"status-publish","4":"has-post-thumbnail","6":"product_cat-colectii","7":"product_cat-sas-sociologie","8":"product_cat-stiinte-sociale","9":"product_cat-sociologie-si-asistenta-sociala","10":"product_tag-irina-zamfirescu","11":"product_tag-locuine-sociale","12":"product_tag-locuirea-precara","13":"product_tag-saracie","15":"first","16":"instock","17":"shipping-taxable","18":"purchasable","19":"product-type-simple"},"_links":{"self":[{"href":"https:\/\/editura-unibuc.ro\/en\/wp-json\/wp\/v2\/product\/26988","targetHints":{"allow":["GET"]}}],"collection":[{"href":"https:\/\/editura-unibuc.ro\/en\/wp-json\/wp\/v2\/product"}],"about":[{"href":"https:\/\/editura-unibuc.ro\/en\/wp-json\/wp\/v2\/types\/product"}],"replies":[{"embeddable":true,"href":"https:\/\/editura-unibuc.ro\/en\/wp-json\/wp\/v2\/comments?post=26988"}],"wp:featuredmedia":[{"embeddable":true,"href":"https:\/\/editura-unibuc.ro\/en\/wp-json\/wp\/v2\/media\/26989"}],"wp:attachment":[{"href":"https:\/\/editura-unibuc.ro\/en\/wp-json\/wp\/v2\/media?parent=26988"}],"wp:term":[{"taxonomy":"product_brand","embeddable":true,"href":"https:\/\/editura-unibuc.ro\/en\/wp-json\/wp\/v2\/product_brand?post=26988"},{"taxonomy":"product_cat","embeddable":true,"href":"https:\/\/editura-unibuc.ro\/en\/wp-json\/wp\/v2\/product_cat?post=26988"},{"taxonomy":"product_tag","embeddable":true,"href":"https:\/\/editura-unibuc.ro\/en\/wp-json\/wp\/v2\/product_tag?post=26988"}],"curies":[{"name":"wp","href":"https:\/\/api.w.org\/{rel}","templated":true}]}}