{"id":26991,"date":"2020-04-17T15:13:11","date_gmt":"2020-04-17T12:13:11","guid":{"rendered":"https:\/\/editura-unibuc.ro\/?post_type=product&#038;p=26991"},"modified":"2025-05-06T12:05:53","modified_gmt":"2025-05-06T09:05:53","slug":"contabilitatea-in-era-economiei-digitale-politici-si-proceduri-contabile","status":"publish","type":"product","link":"https:\/\/editura-unibuc.ro\/en\/contabilitatea-in-era-economiei-digitale-politici-si-proceduri-contabile\/","title":{"rendered":"CONTABILITATEA \u00ceN ERA ECONOMIEI DIGITALE. Politici \u0219i proceduri contabile"},"content":{"rendered":"<hr \/>\n<p><strong><a href=\"https:\/\/books.google.ro\/books\/about?id=1SJAEAAAQBAJ&#038;redir_esc=y\" target=\"_blank\" rel=\"noopener\"><img decoding=\"async\" src=\"https:\/\/editura-unibuc.ro\/wp-content\/uploads\/2025\/04\/goo.png\" \/>Google Books<\/a><\/strong><br \/>&nbsp;<\/p>\n<hr \/>\n<p>Materialul de fa\u021b\u0103, conceput pe baza <em>OMFP 1802\/2014 Reglement\u0103ri contabile privind situa\u021biile financiare anuale individuale \u0219i situa\u021biile financiare anuale consolidate<\/em>, prezint\u0103 modul \u00een care s-a adaptat contabilitatea la contextul digitaliz\u0103rii, importan\u021ba politicilor contabile, ra\u021bionamentul care st\u0103 la baza alegerii metodelor, tratamentelor, procedeelor contabile privind recunoa\u0219terea \u0219i evaluarea, \u00een concordan\u021b\u0103 cu obiectul de activitate dar \u0219i cu targetul unei entit\u0103\u021bi economice.<\/p>\n<p>Cartea se adreseaz\u0103 studen\u0163ilor din \u00eenv\u0103\u021b\u0103m\u00e2ntul superior economic, masteranzilor domeniului economic, dar poate fi de ajutor \u015fi practicienilor contabili \u00een demersul lor de a fi la curent cu no\u021biunile teoretice pe care se pune accent \u00een contabilitatea zilelor noastre. <\/p>\n<p>Inten\u021bia principal\u0103 a autoarelor este de a eviden\u021bia unul dintre obiectivele normaliz\u0103rii \u00een contabilitate, respectiv deconectarea dintre contabilitate \u0219i fiscalitate, \u00een contextul \u00een care, \u00een era digital\u0103, cele mai mari provoc\u0103ri ale profesiei contabile sunt g\u00e2ndirea integrat\u0103, globalizarea \u0219i tehnologia.<\/p>\n","protected":false},"excerpt":{"rendered":"<p>Google Books&nbsp; Materialul de fa\u021b\u0103, conceput pe baza OMFP 1802\/2014 Reglement\u0103ri contabile privind situa\u021biile financiare anuale individuale \u0219i situa\u021biile financiare anuale consolidate, prezint\u0103 modul \u00een care s-a adaptat contabilitatea la contextul digitaliz\u0103rii, importan\u021ba politicilor contabile, ra\u021bionamentul care st\u0103 la baza alegerii metodelor, tratamentelor, procedeelor contabile privind recunoa\u0219terea \u0219i evaluarea, \u00een concordan\u021b\u0103 cu obiectul de activitate [&hellip;]<\/p>\n","protected":false},"featured_media":26990,"comment_status":"open","ping_status":"closed","template":"","meta":[],"product_brand":[],"product_cat":[1531,3479,991,992],"product_tag":[3519,3512,3502,3515,3513,3514,3517,3516,3518],"class_list":{"0":"post-26991","1":"product","2":"type-product","3":"status-publish","4":"has-post-thumbnail","6":"product_cat-colectii","7":"product_cat-business","8":"product_cat-stiinte-sociale","9":"product_cat-administratie-si-afaceri","10":"product_tag-cheltuieli","11":"product_tag-contabilitate-digitala","12":"product_tag-contabilitate-financiara","13":"product_tag-imobilizari","14":"product_tag-monografii-contabile","15":"product_tag-politici-contable","16":"product_tag-provizioane","17":"product_tag-stocuri","18":"product_tag-venituri","20":"first","21":"instock","22":"shipping-taxable","23":"purchasable","24":"product-type-simple"},"_links":{"self":[{"href":"https:\/\/editura-unibuc.ro\/en\/wp-json\/wp\/v2\/product\/26991","targetHints":{"allow":["GET"]}}],"collection":[{"href":"https:\/\/editura-unibuc.ro\/en\/wp-json\/wp\/v2\/product"}],"about":[{"href":"https:\/\/editura-unibuc.ro\/en\/wp-json\/wp\/v2\/types\/product"}],"replies":[{"embeddable":true,"href":"https:\/\/editura-unibuc.ro\/en\/wp-json\/wp\/v2\/comments?post=26991"}],"wp:featuredmedia":[{"embeddable":true,"href":"https:\/\/editura-unibuc.ro\/en\/wp-json\/wp\/v2\/media\/26990"}],"wp:attachment":[{"href":"https:\/\/editura-unibuc.ro\/en\/wp-json\/wp\/v2\/media?parent=26991"}],"wp:term":[{"taxonomy":"product_brand","embeddable":true,"href":"https:\/\/editura-unibuc.ro\/en\/wp-json\/wp\/v2\/product_brand?post=26991"},{"taxonomy":"product_cat","embeddable":true,"href":"https:\/\/editura-unibuc.ro\/en\/wp-json\/wp\/v2\/product_cat?post=26991"},{"taxonomy":"product_tag","embeddable":true,"href":"https:\/\/editura-unibuc.ro\/en\/wp-json\/wp\/v2\/product_tag?post=26991"}],"curies":[{"name":"wp","href":"https:\/\/api.w.org\/{rel}","templated":true}]}}