{"id":27106,"date":"2020-05-08T17:12:41","date_gmt":"2020-05-08T14:12:41","guid":{"rendered":"https:\/\/editura-unibuc.ro\/?post_type=product&#038;p=27106"},"modified":"2023-11-28T13:40:54","modified_gmt":"2023-11-28T11:40:54","slug":"revista-cercurilor-studentesti-ale-departamentului-de-limba-si-literatura-franceza-8-2019","status":"publish","type":"product","link":"https:\/\/editura-unibuc.ro\/en\/revista-cercurilor-studentesti-ale-departamentului-de-limba-si-literatura-franceza-8-2019\/","title":{"rendered":"REVISTA CERCURILOR STUDEN\u0162E\u015eTI ALE DEPARTAMENTULUI DE LIMBA \u015eI LITERATURA FRANCEZ\u0102, 8\/2019"},"content":{"rendered":"<p><em>Revista Cercurilor studen\u0163e\u015fti ale Departamentului de Limba \u015fi Literatura Francez\u0103<\/em> (<em>RCSDLLF<\/em>) este o publica\u0163ie a Departamentului de Limba \u015fi Literatura Francez\u0103, reunind preponderent, pentru num\u0103rul curent, cele mai bune articole rezultate din interven\u0163iile studen\u0163ilor, \u00een anul 2019, \u00een cadrul <em>SCSS 2019 \u2013 Sesiunea de comunic\u0103ri \u015ftiin\u0163ifice a studen\u0163ilor FLLS \u2013 sec\u0163iunea Studii literare<\/em>, precum \u015fi \u00een cadrul Cercurilor <em>Contrastivitate, traducere specializat\u0103, terminologie<\/em>, coordonat de lect. dr. Anca-Marina Velicu \u015fi lect. dr. Lucia Vi\u015finescu, respectiv <em>Literatura extremului contemporan: Premiul Goncourt. Alegerea studen\u0163ilor rom\u00e2ni<\/em> (bilan\u0163ul activit\u0103\u0163ilor Juriului bucure\u015ftean pentru desemnarea laureatului <em>Premiului Goncourt<\/em> pe anul 2019, eveniment cultural interna\u0163ional aflat pentru Rom\u00e2nia la a \u015faptea edi\u0163ie), coordonat de prof. dr. Lidia Cotea. De asemenea, sunt incluse \u015fi alte tipuri de contribu\u0163ii prezentate la diverse manifest\u0103ri \u015ftiin\u0163ifice, na\u0163ionale \u015fi interna\u0163ionale.<\/p>\n","protected":false},"excerpt":{"rendered":"<p>Revista Cercurilor studen\u0163e\u015fti ale Departamentului de Limba \u015fi Literatura Francez\u0103 (RCSDLLF) este o publica\u0163ie a Departamentului de Limba \u015fi Literatura Francez\u0103, reunind preponderent, pentru num\u0103rul curent, cele mai bune articole rezultate din interven\u0163iile studen\u0163ilor, \u00een anul 2019, \u00een cadrul SCSS 2019 \u2013 Sesiunea de comunic\u0103ri \u015ftiin\u0163ifice a studen\u0163ilor FLLS \u2013 sec\u0163iunea Studii literare, precum \u015fi [&hellip;]<\/p>\n","protected":false},"featured_media":27107,"comment_status":"open","ping_status":"closed","template":"","meta":[],"product_brand":[],"product_cat":[3944,1464,977,1469,1893],"product_tag":[2002],"class_list":{"0":"post-27106","1":"product","2":"type-product","3":"status-publish","4":"has-post-thumbnail","6":"product_cat-revista-cercurilor-studentesti-limba-si-literatura-franceza","7":"product_cat-filologie","8":"product_cat-limba-franceza","9":"product_cat-periodice","10":"product_cat-reviste-academice","11":"product_tag-limba-si-literatura-franceza","13":"first","14":"outofstock","15":"shipping-taxable","16":"purchasable","17":"product-type-simple"},"_links":{"self":[{"href":"https:\/\/editura-unibuc.ro\/en\/wp-json\/wp\/v2\/product\/27106","targetHints":{"allow":["GET"]}}],"collection":[{"href":"https:\/\/editura-unibuc.ro\/en\/wp-json\/wp\/v2\/product"}],"about":[{"href":"https:\/\/editura-unibuc.ro\/en\/wp-json\/wp\/v2\/types\/product"}],"replies":[{"embeddable":true,"href":"https:\/\/editura-unibuc.ro\/en\/wp-json\/wp\/v2\/comments?post=27106"}],"wp:featuredmedia":[{"embeddable":true,"href":"https:\/\/editura-unibuc.ro\/en\/wp-json\/wp\/v2\/media\/27107"}],"wp:attachment":[{"href":"https:\/\/editura-unibuc.ro\/en\/wp-json\/wp\/v2\/media?parent=27106"}],"wp:term":[{"taxonomy":"product_brand","embeddable":true,"href":"https:\/\/editura-unibuc.ro\/en\/wp-json\/wp\/v2\/product_brand?post=27106"},{"taxonomy":"product_cat","embeddable":true,"href":"https:\/\/editura-unibuc.ro\/en\/wp-json\/wp\/v2\/product_cat?post=27106"},{"taxonomy":"product_tag","embeddable":true,"href":"https:\/\/editura-unibuc.ro\/en\/wp-json\/wp\/v2\/product_tag?post=27106"}],"curies":[{"name":"wp","href":"https:\/\/api.w.org\/{rel}","templated":true}]}}