{"id":27155,"date":"2020-05-18T17:01:15","date_gmt":"2020-05-18T14:01:15","guid":{"rendered":"https:\/\/editura-unibuc.ro\/?post_type=product&#038;p=27155"},"modified":"2025-05-13T10:59:34","modified_gmt":"2025-05-13T07:59:34","slug":"topologie-generala","status":"publish","type":"product","link":"https:\/\/editura-unibuc.ro\/en\/topologie-generala\/","title":{"rendered":"GENERAL TOPOLOGY"},"content":{"rendered":"<hr \/>\n<p><strong><a href=\"https:\/\/books.google.ro\/books\/about?id=_nlbEAAAQBAJ&#038;redir_esc=y\" target=\"_blank\" rel=\"noopener\"><img decoding=\"async\" src=\"https:\/\/editura-unibuc.ro\/wp-content\/uploads\/2025\/04\/goo.png\" \/>Google Books<\/a><\/strong><br \/>&nbsp;<\/p>\n<hr \/>\n<p>\u201eTopologia general\u0103 este una din structurile fundamentale ale matematicii. Ea nu s-a constituit pe deplin dec\u00e2t \u00eencep\u00e2nd cu jum\u0103tatea secolului al XIX-lea. No\u021biunile de limit\u0103 \u0219i de continuitate s-au impus matematicienilor greci odat\u0103 cu criza no\u021biunii de num\u0103r ira\u021bional. A trebuit apoi s\u0103 se a\u0219tepte Cauchy (1821) \u0219i Abel (1823) pentru a clarifica no\u021biunile de \u015fir \u0219i de serie convergente, precum \u0219i cea de func\u021bie continu\u0103.  Odat\u0103 cu  crearea de c\u0103tre Cantor (1873) a teoriei mul\u021bimilor s-a constituit cadrul general \u0219i limbajul adecvat al no\u021biunilor topologice ce se impuneau. Cartea de fa\u021b\u0103 \u00eencearc\u0103 s\u0103 aduc\u0103 la zi aceste no\u021biuni \u0219i concepte.\u201d (Autorul)<\/p>\n<p><strong>Cuprins: <\/strong><br \/>\n1. Structuri topologice.<br \/>\n2. Spa\u021bii separate \u0219i spa\u021bii compacte.<br \/>\n3. Structuri uniforme.<br \/>\n<strong>Anexe:<\/strong><br \/>\nAnexa 0. Mul\u021bimi, rela\u021bii binare \u0219i func\u021bii.<br \/>\nAnexa 1. Rela\u021bii de echivalen\u021b\u0103 \u0219i rela\u021bii de ordine.<br \/>\nAnexa 2. Axioma alegerii.<br \/>\nAnexa 3. Structuri.<br \/>\nAnexa 4. Numere cardinale.<br \/>\nAnexa 5. Numere ordinale.<br \/>\nBibliografie.<\/p>\n","protected":false},"excerpt":{"rendered":"<p>Google Books&nbsp; \u201eTopologia general\u0103 este una din structurile fundamentale ale matematicii. Ea nu s-a constituit pe deplin dec\u00e2t \u00eencep\u00e2nd cu jum\u0103tatea secolului al XIX-lea. No\u021biunile de limit\u0103 \u0219i de continuitate s-au impus matematicienilor greci odat\u0103 cu criza no\u021biunii de num\u0103r ira\u021bional. A trebuit apoi s\u0103 se a\u0219tepte Cauchy (1821) \u0219i Abel (1823) pentru a clarifica [&hellip;]<\/p>\n","protected":false},"featured_media":27156,"comment_status":"open","ping_status":"closed","template":"","meta":[],"product_brand":[],"product_cat":[982,986],"product_tag":[3523,3524,3525,3522,3521,898,3526,3520],"class_list":{"0":"post-27155","1":"product","2":"type-product","3":"status-publish","4":"has-post-thumbnail","6":"product_cat-stiinte-exacte","7":"product_cat-matematica","8":"product_tag-axiomele-de-separare","9":"product_tag-compactitate","10":"product_tag-conexitate","11":"product_tag-continuitate","12":"product_tag-limite","13":"product_tag-matematica","14":"product_tag-spatii-metrice","15":"product_tag-topologie","17":"first","18":"instock","19":"shipping-taxable","20":"purchasable","21":"product-type-simple"},"_links":{"self":[{"href":"https:\/\/editura-unibuc.ro\/en\/wp-json\/wp\/v2\/product\/27155","targetHints":{"allow":["GET"]}}],"collection":[{"href":"https:\/\/editura-unibuc.ro\/en\/wp-json\/wp\/v2\/product"}],"about":[{"href":"https:\/\/editura-unibuc.ro\/en\/wp-json\/wp\/v2\/types\/product"}],"replies":[{"embeddable":true,"href":"https:\/\/editura-unibuc.ro\/en\/wp-json\/wp\/v2\/comments?post=27155"}],"wp:featuredmedia":[{"embeddable":true,"href":"https:\/\/editura-unibuc.ro\/en\/wp-json\/wp\/v2\/media\/27156"}],"wp:attachment":[{"href":"https:\/\/editura-unibuc.ro\/en\/wp-json\/wp\/v2\/media?parent=27155"}],"wp:term":[{"taxonomy":"product_brand","embeddable":true,"href":"https:\/\/editura-unibuc.ro\/en\/wp-json\/wp\/v2\/product_brand?post=27155"},{"taxonomy":"product_cat","embeddable":true,"href":"https:\/\/editura-unibuc.ro\/en\/wp-json\/wp\/v2\/product_cat?post=27155"},{"taxonomy":"product_tag","embeddable":true,"href":"https:\/\/editura-unibuc.ro\/en\/wp-json\/wp\/v2\/product_tag?post=27155"}],"curies":[{"name":"wp","href":"https:\/\/api.w.org\/{rel}","templated":true}]}}