{"id":27194,"date":"2020-05-22T20:45:53","date_gmt":"2020-05-22T17:45:53","guid":{"rendered":"https:\/\/editura-unibuc.ro\/?post_type=product&#038;p=27194"},"modified":"2025-05-13T09:53:41","modified_gmt":"2025-05-13T06:53:41","slug":"socialism-si-fascism-in-romania-catre-o-istorie-intelectuala","status":"publish","type":"product","link":"https:\/\/editura-unibuc.ro\/en\/socialism-si-fascism-in-romania-catre-o-istorie-intelectuala\/","title":{"rendered":"SOCIALISM \u0218I FASCISM \u00ceN ROM\u00c2NIA. C\u0102TRE O ISTORIE INTELECTUAL\u0102"},"content":{"rendered":"<hr \/>\n<p><strong><a href=\"https:\/\/books.google.ro\/books\/about?id=7YhDEAAAQBAJ&#038;redir_esc=y\" target=\"_blank\" rel=\"noopener\"><img decoding=\"async\" src=\"https:\/\/editura-unibuc.ro\/wp-content\/uploads\/2025\/04\/goo.png\" \/>Google Books<\/a><\/strong><br \/>&nbsp;<\/p>\n<hr \/>\n<p>Cartea lui Florin M\u00fcller \u00ee\u0219i propune o lectur\u0103 dezinhibat\u0103 asupra socialismului \u0219i fascismului ca istorie intelectual\u0103. Miza noii c\u0103r\u021bi a autorului este de a stabili configura\u021biile teoretice ale unor fenomene politice care s-au constituit ca vectori identitari \u00eenainte \u0219i dup\u0103 Primul R\u0103zboi Mondial. At\u00e2t socialismul, c\u00e2t \u0219i fascismul, dispun de o istorie intelectual\u0103 configurat\u0103 din reflec\u021bii semnificative asupra unor concepte structurale precum revolu\u021bie, capital, capitalism, muncitorime, intelighen\u021bie, lupt\u0103 de clas\u0103, na\u021bionalism, antisemitism. Socialismul rom\u00e2nesc este discutat, de c\u0103tre autor, drept o ideologie incluziv\u0103 a marxismului, o rafinare teoretic\u0103 a protestului social al muncitorimii. Fascismul se articuleaz\u0103, la r\u00e2ndul s\u0103u, \u00eentr-o ideologie nihilist-revolu\u021bionar\u0103, f\u0103r\u0103 a fi \u00eens\u0103 o continuare liniar\u0103 a na\u021bionalismului \u0219i antisemitismului tradi\u021bionalist, tipic sf\u00e2r\u0219itului secolului al XIX-lea. Dac\u0103 socialismul dispune de legitimitate contestatar\u0103, fiind conexat interpret\u0103rii sociale antisistemice \u0219i element de emergen\u021b\u0103 al modernit\u0103\u021bii capitaliste, fascismul se afl\u0103 \u00eentr-o criz\u0103 identitar\u0103, mix\u00e2nd revolu\u021bia politic\u0103 a unei modernit\u0103\u021bi alternative cu o serie de remanen\u021be ale premodernit\u0103\u021bii. Cartea reconstituie o fascinant\u0103 dinamic\u0103 a ideilor politice, prea mult tratate p\u00e2n\u0103 acum \u00een istoriografia rom\u00e2neasc\u0103 sub povara cli\u0219eelor ideologice.<\/p>\n","protected":false},"excerpt":{"rendered":"<p>Google Books&nbsp; Cartea lui Florin M\u00fcller \u00ee\u0219i propune o lectur\u0103 dezinhibat\u0103 asupra socialismului \u0219i fascismului ca istorie intelectual\u0103. Miza noii c\u0103r\u021bi a autorului este de a stabili configura\u021biile teoretice ale unor fenomene politice care s-au constituit ca vectori identitari \u00eenainte \u0219i dup\u0103 Primul R\u0103zboi Mondial. At\u00e2t socialismul, c\u00e2t \u0219i fascismul, dispun de o istorie intelectual\u0103 [&hellip;]<\/p>\n","protected":false},"featured_media":27195,"comment_status":"open","ping_status":"closed","template":"","meta":[],"product_brand":[],"product_cat":[1531,3202,991,995],"product_tag":[3540,2087,3541],"class_list":{"0":"post-27194","1":"product","2":"type-product","3":"status-publish","4":"has-post-thumbnail","6":"product_cat-colectii","7":"product_cat-memorie-si-patrimoniu-universitar","8":"product_cat-stiinte-sociale","9":"product_cat-istorie-stiinte-politice","10":"product_tag-fascism","11":"product_tag-socialism","12":"product_tag-totalitarism","14":"first","15":"outofstock","16":"shipping-taxable","17":"purchasable","18":"product-type-simple"},"_links":{"self":[{"href":"https:\/\/editura-unibuc.ro\/en\/wp-json\/wp\/v2\/product\/27194","targetHints":{"allow":["GET"]}}],"collection":[{"href":"https:\/\/editura-unibuc.ro\/en\/wp-json\/wp\/v2\/product"}],"about":[{"href":"https:\/\/editura-unibuc.ro\/en\/wp-json\/wp\/v2\/types\/product"}],"replies":[{"embeddable":true,"href":"https:\/\/editura-unibuc.ro\/en\/wp-json\/wp\/v2\/comments?post=27194"}],"wp:featuredmedia":[{"embeddable":true,"href":"https:\/\/editura-unibuc.ro\/en\/wp-json\/wp\/v2\/media\/27195"}],"wp:attachment":[{"href":"https:\/\/editura-unibuc.ro\/en\/wp-json\/wp\/v2\/media?parent=27194"}],"wp:term":[{"taxonomy":"product_brand","embeddable":true,"href":"https:\/\/editura-unibuc.ro\/en\/wp-json\/wp\/v2\/product_brand?post=27194"},{"taxonomy":"product_cat","embeddable":true,"href":"https:\/\/editura-unibuc.ro\/en\/wp-json\/wp\/v2\/product_cat?post=27194"},{"taxonomy":"product_tag","embeddable":true,"href":"https:\/\/editura-unibuc.ro\/en\/wp-json\/wp\/v2\/product_tag?post=27194"}],"curies":[{"name":"wp","href":"https:\/\/api.w.org\/{rel}","templated":true}]}}