{"id":2723,"date":"2012-10-03T12:39:46","date_gmt":"2012-10-03T09:39:46","guid":{"rendered":"https:\/\/editura-unibuc.ro\/?p=2723"},"modified":"2024-01-30T11:26:13","modified_gmt":"2024-01-30T09:26:13","slug":"proza-scurta-bulgara-si-romana-in-anii-80-sec-xx-aspecte-narative-si-stilistice","status":"publish","type":"product","link":"https:\/\/editura-unibuc.ro\/en\/proza-scurta-bulgara-si-romana-in-anii-80-sec-xx-aspecte-narative-si-stilistice\/","title":{"rendered":"BULGARIAN AND ROMANIAN SHORT STORY IN THE \u201980S (20TH CENTURY). NARRATIVE AND STYLISTIC ASPECTS"},"content":{"rendered":"<p>\u201eProza scurt\u0103 bulgar\u0103 \u0219i rom\u00e2n\u0103&#8230;\u201d se dore\u0219te a fi o analiz\u0103 aprofundat\u0103 a unei perioade destul de controversate \u0219i tulburi din literatura bulgar\u0103 \u0219i rom\u00e2n\u0103, ultimii zece ani dinaintea  schimb\u0103rilor politice din anul 1989, schimb\u0103ri petrecute \u00een ambele \u021b\u0103ri. Perioada aleas\u0103 impune o abordare a contextului politico-istoric \u00een care au evoluat cele dou\u0103 literaturi, dimensiunea politic\u0103 \u0219i cea literar\u0103  afl\u00e2ndu-se  \u00eentr-o  str\u00e2ns\u0103  rela\u021bie.  Aversiunea  scriitorilor  fa\u021b\u0103  de autoritatea politic\u0103, la acea vreme regimul comunist, a fost marcat\u0103 \u0219i s-a cristalizat \u00een forme estetice complexe, alternative la cele oficiale \u0219i canonizate.<\/p>","protected":false},"excerpt":{"rendered":"<p>\u201eProza scurt\u0103 bulgar\u0103 \u0219i rom\u00e2n\u0103&#8230;\u201d se dore\u0219te a fi o analiz\u0103 aprofundat\u0103 a unei perioade destul de controversate \u0219i tulburi din literatura bulgar\u0103 \u0219i rom\u00e2n\u0103, ultimii zece ani dinaintea schimb\u0103rilor politice din anul 1989, schimb\u0103ri petrecute \u00een ambele \u021b\u0103ri. Perioada aleas\u0103 impune o abordare a contextului politico-istoric \u00een care au evoluat cele dou\u0103 literaturi, dimensiunea [&hellip;]<\/p>\n","protected":false},"featured_media":10465,"comment_status":"open","ping_status":"closed","template":"","meta":[],"product_brand":[],"product_cat":[1464,981],"product_tag":[1272,919,925],"class_list":{"0":"post-2723","1":"product","2":"type-product","3":"status-publish","4":"has-post-thumbnail","6":"product_cat-filologie","7":"product_cat-limbi-slave","8":"product_tag-bulgara","9":"product_tag-literatura","10":"product_tag-romana","12":"first","13":"outofstock","14":"shipping-taxable","15":"purchasable","16":"product-type-simple"},"_links":{"self":[{"href":"https:\/\/editura-unibuc.ro\/en\/wp-json\/wp\/v2\/product\/2723","targetHints":{"allow":["GET"]}}],"collection":[{"href":"https:\/\/editura-unibuc.ro\/en\/wp-json\/wp\/v2\/product"}],"about":[{"href":"https:\/\/editura-unibuc.ro\/en\/wp-json\/wp\/v2\/types\/product"}],"replies":[{"embeddable":true,"href":"https:\/\/editura-unibuc.ro\/en\/wp-json\/wp\/v2\/comments?post=2723"}],"wp:featuredmedia":[{"embeddable":true,"href":"https:\/\/editura-unibuc.ro\/en\/wp-json\/wp\/v2\/media\/10465"}],"wp:attachment":[{"href":"https:\/\/editura-unibuc.ro\/en\/wp-json\/wp\/v2\/media?parent=2723"}],"wp:term":[{"taxonomy":"product_brand","embeddable":true,"href":"https:\/\/editura-unibuc.ro\/en\/wp-json\/wp\/v2\/product_brand?post=2723"},{"taxonomy":"product_cat","embeddable":true,"href":"https:\/\/editura-unibuc.ro\/en\/wp-json\/wp\/v2\/product_cat?post=2723"},{"taxonomy":"product_tag","embeddable":true,"href":"https:\/\/editura-unibuc.ro\/en\/wp-json\/wp\/v2\/product_tag?post=2723"}],"curies":[{"name":"wp","href":"https:\/\/api.w.org\/{rel}","templated":true}]}}