{"id":2727,"date":"2012-10-03T12:45:59","date_gmt":"2012-10-03T09:45:59","guid":{"rendered":"https:\/\/editura-unibuc.ro\/?p=2727"},"modified":"2025-08-07T09:46:33","modified_gmt":"2025-08-07T06:46:33","slug":"morfologialimbii-cehe-i-verbul-structura-derivare-utilizare","status":"publish","type":"product","link":"https:\/\/editura-unibuc.ro\/en\/morfologialimbii-cehe-i-verbul-structura-derivare-utilizare\/","title":{"rendered":"CZECH MORPHOLOGY. I. VERB. STRUCTURE. DERIVATION, UTILIZATION"},"content":{"rendered":"<p>\u00cen Introducerea la \u201eMorfologia limbii cehe\u201d, autorul consemneaz\u0103:<\/p>\n<p>\u201eConsider\u0103m c\u0103, pentru str\u0103inii neslavi care studiaz\u0103 limbile slave, a clarifica structura (arhitectura) verbului \u0219i, \u00een cadrul acesteia, arhitectura aspectului este un punct esen\u021bial&#8230;&#8230;Structura aspectului slav este diferit\u0103 de cea din alte limbi, \u00een orice caz este radical diferit\u0103 fa\u021b\u0103 de cea din englez\u0103 \u0219i din spaniol\u0103- portughez\u0103\u201d. Totodat\u0103, cititorii sunt informa\u021bi c\u0103 c\u0103 culegerea de exemple din acest volum a fost u\u0219urat\u0103 de faptul c\u0103, \u00een perioada 2007-2009, autorul acestui studiu a fost implicat \u00een elaborarea unui nou dic\u021bionar ceh-rom\u00e2n \u0219i rom\u00e2n-ceh \u00een calitate de coordonator.<\/p>","protected":false},"excerpt":{"rendered":"<p>\u00cen Introducerea la \u201eMorfologia limbii cehe\u201d, autorul consemneaz\u0103: \u201eConsider\u0103m c\u0103, pentru str\u0103inii neslavi care studiaz\u0103 limbile slave, a clarifica structura (arhitectura) verbului \u0219i, \u00een cadrul acesteia, arhitectura aspectului este un punct esen\u021bial&#8230;&#8230;Structura aspectului slav este diferit\u0103 de cea din alte limbi, \u00een orice caz este radical diferit\u0103 fa\u021b\u0103 de cea din englez\u0103 \u0219i din spaniol\u0103- [&hellip;]<\/p>\n","protected":false},"featured_media":10462,"comment_status":"open","ping_status":"closed","template":"","meta":[],"product_brand":[],"product_cat":[1464,981],"product_tag":[1265,933],"class_list":{"0":"post-2727","1":"product","2":"type-product","3":"status-publish","4":"has-post-thumbnail","6":"product_cat-filologie","7":"product_cat-limbi-slave","8":"product_tag-ceha","9":"product_tag-gramatica","11":"first","12":"instock","13":"shipping-taxable","14":"purchasable","15":"product-type-simple"},"_links":{"self":[{"href":"https:\/\/editura-unibuc.ro\/en\/wp-json\/wp\/v2\/product\/2727","targetHints":{"allow":["GET"]}}],"collection":[{"href":"https:\/\/editura-unibuc.ro\/en\/wp-json\/wp\/v2\/product"}],"about":[{"href":"https:\/\/editura-unibuc.ro\/en\/wp-json\/wp\/v2\/types\/product"}],"replies":[{"embeddable":true,"href":"https:\/\/editura-unibuc.ro\/en\/wp-json\/wp\/v2\/comments?post=2727"}],"wp:featuredmedia":[{"embeddable":true,"href":"https:\/\/editura-unibuc.ro\/en\/wp-json\/wp\/v2\/media\/10462"}],"wp:attachment":[{"href":"https:\/\/editura-unibuc.ro\/en\/wp-json\/wp\/v2\/media?parent=2727"}],"wp:term":[{"taxonomy":"product_brand","embeddable":true,"href":"https:\/\/editura-unibuc.ro\/en\/wp-json\/wp\/v2\/product_brand?post=2727"},{"taxonomy":"product_cat","embeddable":true,"href":"https:\/\/editura-unibuc.ro\/en\/wp-json\/wp\/v2\/product_cat?post=2727"},{"taxonomy":"product_tag","embeddable":true,"href":"https:\/\/editura-unibuc.ro\/en\/wp-json\/wp\/v2\/product_tag?post=2727"}],"curies":[{"name":"wp","href":"https:\/\/api.w.org\/{rel}","templated":true}]}}