{"id":27280,"date":"2020-06-05T12:04:37","date_gmt":"2020-06-05T09:04:37","guid":{"rendered":"https:\/\/editura-unibuc.ro\/?post_type=product&#038;p=27280"},"modified":"2025-08-07T09:21:34","modified_gmt":"2025-08-07T06:21:34","slug":"melisendra-journal-of-spanish-early-modernity-studies-no-1-2019","status":"publish","type":"product","link":"https:\/\/editura-unibuc.ro\/en\/melisendra-journal-of-spanish-early-modernity-studies-no-1-2019\/","title":{"rendered":"MELISENDRA. Journal of Spanish Early Modernity Studies no. 1\/2019"},"content":{"rendered":"<p>Spanish Early Modernity Studies Investigation Group (SEMS), Universidad de Bucarest<\/p>\n<blockquote class=\"wp-embedded-content\" data-secret=\"aa9Jb8ldro\"><p><a href=\"https:\/\/semscom.wordpress.com\/melisendra-2\/\">Melisendra<\/a><\/p><\/blockquote>\n<p><iframe loading=\"lazy\" class=\"wp-embedded-content\" sandbox=\"allow-scripts\" security=\"restricted\" style=\"position: absolute; visibility: hidden;\" title=\"\u00abMelisendra\u00bb \u2014 SEMS\" src=\"https:\/\/semscom.wordpress.com\/melisendra-2\/embed\/#?secret=7bGhnwSjLe#?secret=aa9Jb8ldro\" data-secret=\"aa9Jb8ldro\" width=\"600\" height=\"338\" frameborder=\"0\" marginwidth=\"0\" marginheight=\"0\" scrolling=\"no\"><\/iframe><\/p>\n<p>\u00cd N D I C E<br \/>\nART\u00cdCULOS<\/p>\n<p>\u00abLarga he sido pero no cuanto deseo\u00bb: las mujeres como redactoras de cartas en la cultura escrita de la Edad Moderna<br \/>\n(\u00abLarga he sido pero no cuando deseo\u00bb: Women as Writers of Letters in the Modern Age Written Culture)<br \/>\nCristina TABERNERO SALA (GRISO \u2013 Universidad de Navarra) <\/p>\n<p>El t\u00f3pico <em>ut pictura poesis<\/em> como doctrina po\u00e9tica en el Siglo de Oro<br \/>\n(The topos of <em>Ut Pictura Poesis<\/em> as Poetics Doctrine in the Golden Age)<br \/>\nAdolfo R. POSADA (Universidad del Oeste de Timi\u015foara) <\/p>\n<p>La literatura del Barroco espa\u00f1ol en la cultura y en las letras serbias<br \/>\n(Spanish Baroque Literature in Serbian Culture and Literature)<br \/>\nJasna STOJANOVI\u0106 (Universidad de Belgrado) <\/p>\n<p>La violencia verbal entre marido y mujer en los siglos XVI y XVII<br \/>\n(Verbal Violence between Husband and Wife during XVI and XVII Centuries)<br \/>\nJes\u00fas M. USUN\u00c1RIZ (GRISO \u2013 Universidad de Navarra) <\/p>\n<p>The source of sin or \u00aban instrument which elevates souls\u00bb? Tom\u00e1s Luis de Victoria: professional ethics and self-restraint<br \/>\n(\u00bfFuente del pecado o instrumento que eleva las almas? Tom\u00e1s Luis de Victoria: moderaci\u00f3n y \u00e9tica profesional)<br \/>\nMaryna RIZNYCHENKO (SIAS \u2013 The State Institute of Arts Studies \u2013 Moscow) <\/p>\n","protected":false},"excerpt":{"rendered":"<p>Spanish Early Modernity Studies Investigation Group (SEMS), Universidad de Bucarest Melisendra \u00cd N D I C E ART\u00cdCULOS \u00abLarga he sido pero no cuanto deseo\u00bb: las mujeres como redactoras de cartas en la cultura escrita de la Edad Moderna (\u00abLarga he sido pero no cuando deseo\u00bb: Women as Writers of Letters in the Modern Age [&hellip;]<\/p>\n","protected":false},"featured_media":27281,"comment_status":"open","ping_status":"closed","template":"","meta":[],"product_brand":[],"product_cat":[3936,1891,1464,980,1469,1893],"product_tag":[919,3543,1042,880],"class_list":{"0":"post-27280","1":"product","2":"type-product","3":"status-publish","4":"has-post-thumbnail","6":"product_cat-melisendra","7":"product_cat-download","8":"product_cat-filologie","9":"product_cat-limbi-romanice-clasice-si-orientale","10":"product_cat-periodice","11":"product_cat-reviste-academice","12":"product_tag-literatura","13":"product_tag-melisendra","14":"product_tag-revista","15":"product_tag-spaniola","17":"first","18":"outofstock","19":"downloadable","20":"shipping-taxable","21":"product-type-simple"},"_links":{"self":[{"href":"https:\/\/editura-unibuc.ro\/en\/wp-json\/wp\/v2\/product\/27280","targetHints":{"allow":["GET"]}}],"collection":[{"href":"https:\/\/editura-unibuc.ro\/en\/wp-json\/wp\/v2\/product"}],"about":[{"href":"https:\/\/editura-unibuc.ro\/en\/wp-json\/wp\/v2\/types\/product"}],"replies":[{"embeddable":true,"href":"https:\/\/editura-unibuc.ro\/en\/wp-json\/wp\/v2\/comments?post=27280"}],"wp:featuredmedia":[{"embeddable":true,"href":"https:\/\/editura-unibuc.ro\/en\/wp-json\/wp\/v2\/media\/27281"}],"wp:attachment":[{"href":"https:\/\/editura-unibuc.ro\/en\/wp-json\/wp\/v2\/media?parent=27280"}],"wp:term":[{"taxonomy":"product_brand","embeddable":true,"href":"https:\/\/editura-unibuc.ro\/en\/wp-json\/wp\/v2\/product_brand?post=27280"},{"taxonomy":"product_cat","embeddable":true,"href":"https:\/\/editura-unibuc.ro\/en\/wp-json\/wp\/v2\/product_cat?post=27280"},{"taxonomy":"product_tag","embeddable":true,"href":"https:\/\/editura-unibuc.ro\/en\/wp-json\/wp\/v2\/product_tag?post=27280"}],"curies":[{"name":"wp","href":"https:\/\/api.w.org\/{rel}","templated":true}]}}