{"id":2732,"date":"2012-10-03T13:04:49","date_gmt":"2012-10-03T10:04:49","guid":{"rendered":"https:\/\/editura-unibuc.ro\/?p=2732"},"modified":"2025-08-07T11:02:15","modified_gmt":"2025-08-07T08:02:15","slug":"romanoslavica-serie-noua-vol-xlvi-nr-4","status":"publish","type":"product","link":"https:\/\/editura-unibuc.ro\/en\/romanoslavica-serie-noua-vol-xlvi-nr-4\/","title":{"rendered":"ROMANOSLAVICA New Series, vol. XLVI, no. 4"},"content":{"rendered":"<p><em><\/em>Num\u0103rul 4 din seria \u201eRomanoslavica\u201d cuprinde studii \u0219i cercet\u0103ri \u00een domeniile literatur\u0103, lingvistic\u0103, istorie, precum \u0219i recenzii ce trateaz\u0103 teme ale unor lucr\u0103ri recent editate despre onomastic\u0103 \u0219i etimologie, despre ob\u00e2r\u0219ia tracic\u0103 a rom\u00e2nilor \u0219i albanezilor (clarific\u0103ri comparativ-istorice \u0219i etnologice), despre construc\u021bia \u0219i deconstruc\u021bia canonului identitar. Problema minorit\u0103\u021bii istrorom\u00e2ne reflectat\u0103 \u00een literatura etnologic\u0103 croat\u0103 din perioada 1945-2009, noi m\u0103rturisiri privind \u00abdosarul\u00bb cadrilaterului (1938-1940), despre Rusia \u00een comunism \u00een viziunea lui Aleksandr Soljeni\u021b\u00een, C\u0103r\u021bile slavone vechi \u00een fonduri \u0219i colec\u021bii din jude\u021bul Suceava, colec\u021bia m\u0103n\u0103stirii Putna sunt doar c\u00e2teva dintre titlurile studiilor publicate \u00een acest num\u0103r al revistei.<\/p>","protected":false},"excerpt":{"rendered":"<p>Num\u0103rul 4 din seria \u201eRomanoslavica\u201d cuprinde studii \u0219i cercet\u0103ri \u00een domeniile literatur\u0103, lingvistic\u0103, istorie, precum \u0219i recenzii ce trateaz\u0103 teme ale unor lucr\u0103ri recent editate despre onomastic\u0103 \u0219i etimologie, despre ob\u00e2r\u0219ia tracic\u0103 a rom\u00e2nilor \u0219i albanezilor (clarific\u0103ri comparativ-istorice \u0219i etnologice), despre construc\u021bia \u0219i deconstruc\u021bia canonului identitar. Problema minorit\u0103\u021bii istrorom\u00e2ne reflectat\u0103 \u00een literatura etnologic\u0103 croat\u0103 din [&hellip;]<\/p>\n","protected":false},"featured_media":10459,"comment_status":"open","ping_status":"closed","template":"","meta":[],"product_brand":[],"product_cat":[3823,1464,981,1469],"product_tag":[925,922],"class_list":{"0":"post-2732","1":"product","2":"type-product","3":"status-publish","4":"has-post-thumbnail","6":"product_cat-stiinte-umane","7":"product_cat-filologie","8":"product_cat-limbi-slave","9":"product_cat-periodice","10":"product_tag-romana","11":"product_tag-slave","13":"first","14":"outofstock","15":"shipping-taxable","16":"purchasable","17":"product-type-simple"},"_links":{"self":[{"href":"https:\/\/editura-unibuc.ro\/en\/wp-json\/wp\/v2\/product\/2732","targetHints":{"allow":["GET"]}}],"collection":[{"href":"https:\/\/editura-unibuc.ro\/en\/wp-json\/wp\/v2\/product"}],"about":[{"href":"https:\/\/editura-unibuc.ro\/en\/wp-json\/wp\/v2\/types\/product"}],"replies":[{"embeddable":true,"href":"https:\/\/editura-unibuc.ro\/en\/wp-json\/wp\/v2\/comments?post=2732"}],"wp:featuredmedia":[{"embeddable":true,"href":"https:\/\/editura-unibuc.ro\/en\/wp-json\/wp\/v2\/media\/10459"}],"wp:attachment":[{"href":"https:\/\/editura-unibuc.ro\/en\/wp-json\/wp\/v2\/media?parent=2732"}],"wp:term":[{"taxonomy":"product_brand","embeddable":true,"href":"https:\/\/editura-unibuc.ro\/en\/wp-json\/wp\/v2\/product_brand?post=2732"},{"taxonomy":"product_cat","embeddable":true,"href":"https:\/\/editura-unibuc.ro\/en\/wp-json\/wp\/v2\/product_cat?post=2732"},{"taxonomy":"product_tag","embeddable":true,"href":"https:\/\/editura-unibuc.ro\/en\/wp-json\/wp\/v2\/product_tag?post=2732"}],"curies":[{"name":"wp","href":"https:\/\/api.w.org\/{rel}","templated":true}]}}