{"id":27334,"date":"2020-06-12T18:42:34","date_gmt":"2020-06-12T15:42:34","guid":{"rendered":"https:\/\/editura-unibuc.ro\/?post_type=product&#038;p=27334"},"modified":"2024-04-10T12:04:05","modified_gmt":"2024-04-10T09:04:05","slug":"manuscrisele-slavone-si-traditia-chirilo-metodiana-din-banat","status":"publish","type":"product","link":"https:\/\/editura-unibuc.ro\/en\/manuscrisele-slavone-si-traditia-chirilo-metodiana-din-banat\/","title":{"rendered":"SLAVONIC MANUSCRIPTS AND THE CYRILLO-METHODIAN TRADITION IN BANAT"},"content":{"rendered":"<p>\u201eTradi\u021bia chirilo-metodian\u0103 din Banat este prezentat\u0103 \u0219i relevat\u0103 \u00een capitolele acestei c\u0103r\u021bi at\u00e2t prin eviden\u021bierea rolului \u0219i a valorii estetice a manuscriselor slavone din acest spa\u021biu \u00een epoca medieval\u0103, c\u00e2t \u0219i prin aprecierea factorilor ce \u021bin de contextul istoric, politic, religios \u0219i social specific, conturat de multe ori \u0219i prin schimbul de valori culturale \u00eentre cultura rom\u00e2n\u0103 \u0219i cea a popoarelor vecine, cu care am fost \u00eentr-un permanent contact de-a lungul veacurilor.\u201d (Autoarea)<\/p>\n","protected":false},"excerpt":{"rendered":"<p>\u201eTradi\u021bia chirilo-metodian\u0103 din Banat este prezentat\u0103 \u0219i relevat\u0103 \u00een capitolele acestei c\u0103r\u021bi at\u00e2t prin eviden\u021bierea rolului \u0219i a valorii estetice a manuscriselor slavone din acest spa\u021biu \u00een epoca medieval\u0103, c\u00e2t \u0219i prin aprecierea factorilor ce \u021bin de contextul istoric, politic, religios \u0219i social specific, conturat de multe ori \u0219i prin schimbul de valori culturale \u00eentre [&hellip;]<\/p>\n","protected":false},"featured_media":27335,"comment_status":"open","ping_status":"closed","template":"","meta":[],"product_brand":[],"product_cat":[1531,2653,1464,981],"product_tag":[2440,3547,3546,3544,3545],"class_list":{"0":"post-27334","1":"product","2":"type-product","3":"status-publish","4":"has-post-thumbnail","6":"product_cat-colectii","7":"product_cat-biblioteca-de-slavistica","8":"product_cat-filologie","9":"product_cat-limbi-slave","10":"product_tag-banat","11":"product_tag-credinte-si-obiceiuri","12":"product_tag-interculturalitate","13":"product_tag-manuscrise","14":"product_tag-slavona","16":"first","17":"instock","18":"shipping-taxable","19":"purchasable","20":"product-type-simple"},"_links":{"self":[{"href":"https:\/\/editura-unibuc.ro\/en\/wp-json\/wp\/v2\/product\/27334","targetHints":{"allow":["GET"]}}],"collection":[{"href":"https:\/\/editura-unibuc.ro\/en\/wp-json\/wp\/v2\/product"}],"about":[{"href":"https:\/\/editura-unibuc.ro\/en\/wp-json\/wp\/v2\/types\/product"}],"replies":[{"embeddable":true,"href":"https:\/\/editura-unibuc.ro\/en\/wp-json\/wp\/v2\/comments?post=27334"}],"wp:featuredmedia":[{"embeddable":true,"href":"https:\/\/editura-unibuc.ro\/en\/wp-json\/wp\/v2\/media\/27335"}],"wp:attachment":[{"href":"https:\/\/editura-unibuc.ro\/en\/wp-json\/wp\/v2\/media?parent=27334"}],"wp:term":[{"taxonomy":"product_brand","embeddable":true,"href":"https:\/\/editura-unibuc.ro\/en\/wp-json\/wp\/v2\/product_brand?post=27334"},{"taxonomy":"product_cat","embeddable":true,"href":"https:\/\/editura-unibuc.ro\/en\/wp-json\/wp\/v2\/product_cat?post=27334"},{"taxonomy":"product_tag","embeddable":true,"href":"https:\/\/editura-unibuc.ro\/en\/wp-json\/wp\/v2\/product_tag?post=27334"}],"curies":[{"name":"wp","href":"https:\/\/api.w.org\/{rel}","templated":true}]}}