{"id":2741,"date":"2012-10-03T14:04:56","date_gmt":"2012-10-03T11:04:56","guid":{"rendered":"https:\/\/editura-unibuc.ro\/?p=2741"},"modified":"2024-11-04T10:36:05","modified_gmt":"2024-11-04T08:36:05","slug":"exercitii-de-gramatica-ceha","status":"publish","type":"product","link":"https:\/\/editura-unibuc.ro\/en\/exercitii-de-gramatica-ceha\/","title":{"rendered":"CZECH GRAMMAR EXERCISES"},"content":{"rendered":"<p>Prezenta culegere de exerci\u021bii este destinat\u0103 \u00een primul r\u00e2nd studen\u021bilor de la facult\u0103\u021bile de filologie care studiaz\u0103 limba ceh\u0103. Exerci\u021biile sunt grupate pe p\u0103r\u021bi de vorbire \u0219i succesiunea lor respect\u0103, \u00een general, gradul de dificultate pe care \u00eel prezint\u0103 pentru  vorbitorul nativ de limba rom\u00e2n\u0103. \u00cen elaborarea exerci\u021biilor a fost aplicat\u0103 metoda contrastiv\u0103, cu scopul sublinierii rela\u021biei specifice cu structurile limbii rom\u00e2ne. Exerci\u021biile sunt de diverse tipuri: de \u00eenlocuire, de selectare a formei corecte etc. \u00cen exerci\u021biul imediat urm\u0103tor se d\u0103 varianta \u00een limba rom\u00e2n\u0103 a exerci\u021biului anterior rezolvat.<\/p>","protected":false},"excerpt":{"rendered":"<p>Prezenta culegere de exerci\u021bii este destinat\u0103 \u00een primul r\u00e2nd studen\u021bilor de la facult\u0103\u021bile de filologie care studiaz\u0103 limba ceh\u0103. Exerci\u021biile sunt grupate pe p\u0103r\u021bi de vorbire \u0219i succesiunea lor respect\u0103, \u00een general, gradul de dificultate pe care \u00eel prezint\u0103 pentru vorbitorul nativ de limba rom\u00e2n\u0103. \u00cen elaborarea exerci\u021biilor a fost aplicat\u0103 metoda contrastiv\u0103, cu scopul [&hellip;]<\/p>\n","protected":false},"featured_media":10454,"comment_status":"open","ping_status":"closed","template":"","meta":[],"product_brand":[],"product_cat":[1464,981],"product_tag":[1265,933],"class_list":{"0":"post-2741","1":"product","2":"type-product","3":"status-publish","4":"has-post-thumbnail","6":"product_cat-filologie","7":"product_cat-limbi-slave","8":"product_tag-ceha","9":"product_tag-gramatica","11":"first","12":"outofstock","13":"shipping-taxable","14":"purchasable","15":"product-type-simple"},"_links":{"self":[{"href":"https:\/\/editura-unibuc.ro\/en\/wp-json\/wp\/v2\/product\/2741","targetHints":{"allow":["GET"]}}],"collection":[{"href":"https:\/\/editura-unibuc.ro\/en\/wp-json\/wp\/v2\/product"}],"about":[{"href":"https:\/\/editura-unibuc.ro\/en\/wp-json\/wp\/v2\/types\/product"}],"replies":[{"embeddable":true,"href":"https:\/\/editura-unibuc.ro\/en\/wp-json\/wp\/v2\/comments?post=2741"}],"wp:featuredmedia":[{"embeddable":true,"href":"https:\/\/editura-unibuc.ro\/en\/wp-json\/wp\/v2\/media\/10454"}],"wp:attachment":[{"href":"https:\/\/editura-unibuc.ro\/en\/wp-json\/wp\/v2\/media?parent=2741"}],"wp:term":[{"taxonomy":"product_brand","embeddable":true,"href":"https:\/\/editura-unibuc.ro\/en\/wp-json\/wp\/v2\/product_brand?post=2741"},{"taxonomy":"product_cat","embeddable":true,"href":"https:\/\/editura-unibuc.ro\/en\/wp-json\/wp\/v2\/product_cat?post=2741"},{"taxonomy":"product_tag","embeddable":true,"href":"https:\/\/editura-unibuc.ro\/en\/wp-json\/wp\/v2\/product_tag?post=2741"}],"curies":[{"name":"wp","href":"https:\/\/api.w.org\/{rel}","templated":true}]}}