{"id":27462,"date":"2020-07-16T10:45:44","date_gmt":"2020-07-16T07:45:44","guid":{"rendered":"https:\/\/editura-unibuc.ro\/?post_type=product&#038;p=27462"},"modified":"2025-04-28T13:05:41","modified_gmt":"2025-04-28T10:05:41","slug":"1971-reconstituiri-ale-literaturii-din-romania-consideratii-teoretice","status":"publish","type":"product","link":"https:\/\/editura-unibuc.ro\/en\/1971-reconstituiri-ale-literaturii-din-romania-consideratii-teoretice\/","title":{"rendered":"1971: RECONSTITUIRI ALE LITERATURII DIN ROM\u00c2NIA. CONSIDERA\u021aII TEORETICE"},"content":{"rendered":"<hr \/>\n<p><strong><a href=\"https:\/\/books.google.ro\/books\/about?id=R8lCEAAAQBAJ&#038;redir_esc=y\" target=\"_blank\" rel=\"noopener\"><img decoding=\"async\" src=\"https:\/\/editura-unibuc.ro\/wp-content\/uploads\/2025\/04\/goo.png\" \/>Google Books<\/a><\/strong><br \/>&nbsp;<\/p>\n<hr \/>\n<p>Prezentul volum propune cartografierea unor teorii \u0219i perspective critice care pot constitui un cadru interpretativ pentru o perioad\u0103 istoric\u0103 foarte complex\u0103: anii de mijloc ai comunismului \u00een Rom\u00e2nia, anii \u02bf70. Autorul \u00ee\u0219i propune s\u0103 identifice c\u00e2teva direc\u021bii \u2013 coagularea posturii genera\u021bioniste \u0219i importan\u021ba realismului cotidianului \u2013, prin care literatura s-a ap\u0103rat de intruziunea politic\u0103 \u0219i prin care a determinat un habitus literar, func\u021bional \u0219i ast\u0103zi.  \u00cen lumea acelor ani, \u00een relativa tihn\u0103 a unei genera\u021bii n\u0103scute \u00een comunism, putem reg\u0103si nu numai un tablou \u00een mi\u0219care, ci \u0219i semnele unei reprezent\u0103ri artistice a lumii care avea s\u0103 reziste mult timp dup\u0103 aceea. <\/p>\n","protected":false},"excerpt":{"rendered":"<p>Google Books&nbsp; Prezentul volum propune cartografierea unor teorii \u0219i perspective critice care pot constitui un cadru interpretativ pentru o perioad\u0103 istoric\u0103 foarte complex\u0103: anii de mijloc ai comunismului \u00een Rom\u00e2nia, anii \u02bf70. Autorul \u00ee\u0219i propune s\u0103 identifice c\u00e2teva direc\u021bii \u2013 coagularea posturii genera\u021bioniste \u0219i importan\u021ba realismului cotidianului \u2013, prin care literatura s-a ap\u0103rat de intruziunea [&hellip;]<\/p>\n","protected":false},"featured_media":27463,"comment_status":"open","ping_status":"closed","template":"","meta":[],"product_brand":[],"product_cat":[1531,3551,1464,979],"product_tag":[3552,1207,3553,3554,3555],"class_list":{"0":"post-27462","1":"product","2":"type-product","3":"status-publish","4":"has-post-thumbnail","6":"product_cat-colectii","7":"product_cat-teoria-literaturii","8":"product_cat-filologie","9":"product_cat-limba-romana","10":"product_tag-ceausescu","11":"product_tag-comunism","12":"product_tag-optzecism","13":"product_tag-realism-socialism","14":"product_tag-tezele-din-iulie","16":"first","17":"instock","18":"shipping-taxable","19":"purchasable","20":"product-type-simple"},"_links":{"self":[{"href":"https:\/\/editura-unibuc.ro\/en\/wp-json\/wp\/v2\/product\/27462","targetHints":{"allow":["GET"]}}],"collection":[{"href":"https:\/\/editura-unibuc.ro\/en\/wp-json\/wp\/v2\/product"}],"about":[{"href":"https:\/\/editura-unibuc.ro\/en\/wp-json\/wp\/v2\/types\/product"}],"replies":[{"embeddable":true,"href":"https:\/\/editura-unibuc.ro\/en\/wp-json\/wp\/v2\/comments?post=27462"}],"wp:featuredmedia":[{"embeddable":true,"href":"https:\/\/editura-unibuc.ro\/en\/wp-json\/wp\/v2\/media\/27463"}],"wp:attachment":[{"href":"https:\/\/editura-unibuc.ro\/en\/wp-json\/wp\/v2\/media?parent=27462"}],"wp:term":[{"taxonomy":"product_brand","embeddable":true,"href":"https:\/\/editura-unibuc.ro\/en\/wp-json\/wp\/v2\/product_brand?post=27462"},{"taxonomy":"product_cat","embeddable":true,"href":"https:\/\/editura-unibuc.ro\/en\/wp-json\/wp\/v2\/product_cat?post=27462"},{"taxonomy":"product_tag","embeddable":true,"href":"https:\/\/editura-unibuc.ro\/en\/wp-json\/wp\/v2\/product_tag?post=27462"}],"curies":[{"name":"wp","href":"https:\/\/api.w.org\/{rel}","templated":true}]}}