{"id":27473,"date":"2020-07-17T13:11:47","date_gmt":"2020-07-17T10:11:47","guid":{"rendered":"https:\/\/editura-unibuc.ro\/?post_type=product&#038;p=27473"},"modified":"2025-05-08T11:32:38","modified_gmt":"2025-05-08T08:32:38","slug":"femeile-din-moldova-transilvania-si-tara-romaneasca-in-evul-mediu-editia-a-ii-a-revazuta-si-adaugita","status":"publish","type":"product","link":"https:\/\/editura-unibuc.ro\/en\/femeile-din-moldova-transilvania-si-tara-romaneasca-in-evul-mediu-editia-a-ii-a-revazuta-si-adaugita\/","title":{"rendered":"FEMEILE DIN MOLDOVA, TRANSILVANIA \u0218I \u021aARA ROM\u00c2NEASC\u0102 \u00ceN EVUL MEDIU. EDI\u021aIA A II-A REV\u0102ZUT\u0102 \u0218I AD\u0102UGIT\u0102"},"content":{"rendered":"<hr \/>\n<p><strong><a href=\"https:\/\/books.google.ro\/books\/about?id=KOpaEAAAQBAJ&#038;redir_esc=y\" target=\"_blank\" rel=\"noopener\"><img decoding=\"async\" src=\"https:\/\/editura-unibuc.ro\/wp-content\/uploads\/2025\/04\/goo.png\" \/>Google Books<\/a><\/strong><br \/>&nbsp;<\/p>\n<hr \/>\n<p>Lucrarea, un studiu comparativ al statutului femeii din cele trei state, se adaug\u0103 la tezaurul deja consacrat femeii, aprofund\u00e2nd aspecte din via\u021ba ei particular\u0103, dar \u0219i din gospod\u0103rie, c\u00e2t \u0219i societatea din jur.<\/p>\n","protected":false},"excerpt":{"rendered":"<p>Google Books&nbsp; Lucrarea, un studiu comparativ al statutului femeii din cele trei state, se adaug\u0103 la tezaurul deja consacrat femeii, aprofund\u00e2nd aspecte din via\u021ba ei particular\u0103, dar \u0219i din gospod\u0103rie, c\u00e2t \u0219i societatea din jur.<\/p>\n","protected":false},"featured_media":27474,"comment_status":"open","ping_status":"closed","template":"","meta":[],"product_brand":[],"product_cat":[991,995],"product_tag":[3562,3561,3563],"class_list":{"0":"post-27473","1":"product","2":"type-product","3":"status-publish","4":"has-post-thumbnail","6":"product_cat-stiinte-sociale","7":"product_cat-istorie-stiinte-politice","8":"product_tag-economie-medievala","9":"product_tag-epoca-medievala","10":"product_tag-familie-medievala","12":"first","13":"instock","14":"shipping-taxable","15":"purchasable","16":"product-type-simple"},"_links":{"self":[{"href":"https:\/\/editura-unibuc.ro\/en\/wp-json\/wp\/v2\/product\/27473","targetHints":{"allow":["GET"]}}],"collection":[{"href":"https:\/\/editura-unibuc.ro\/en\/wp-json\/wp\/v2\/product"}],"about":[{"href":"https:\/\/editura-unibuc.ro\/en\/wp-json\/wp\/v2\/types\/product"}],"replies":[{"embeddable":true,"href":"https:\/\/editura-unibuc.ro\/en\/wp-json\/wp\/v2\/comments?post=27473"}],"wp:featuredmedia":[{"embeddable":true,"href":"https:\/\/editura-unibuc.ro\/en\/wp-json\/wp\/v2\/media\/27474"}],"wp:attachment":[{"href":"https:\/\/editura-unibuc.ro\/en\/wp-json\/wp\/v2\/media?parent=27473"}],"wp:term":[{"taxonomy":"product_brand","embeddable":true,"href":"https:\/\/editura-unibuc.ro\/en\/wp-json\/wp\/v2\/product_brand?post=27473"},{"taxonomy":"product_cat","embeddable":true,"href":"https:\/\/editura-unibuc.ro\/en\/wp-json\/wp\/v2\/product_cat?post=27473"},{"taxonomy":"product_tag","embeddable":true,"href":"https:\/\/editura-unibuc.ro\/en\/wp-json\/wp\/v2\/product_tag?post=27473"}],"curies":[{"name":"wp","href":"https:\/\/api.w.org\/{rel}","templated":true}]}}