{"id":27476,"date":"2020-07-17T13:13:28","date_gmt":"2020-07-17T10:13:28","guid":{"rendered":"https:\/\/editura-unibuc.ro\/?post_type=product&#038;p=27476"},"modified":"2025-05-13T10:43:26","modified_gmt":"2025-05-13T07:43:26","slug":"the-hero-paradigm-in-fantasy-novels","status":"publish","type":"product","link":"https:\/\/editura-unibuc.ro\/en\/the-hero-paradigm-in-fantasy-novels\/","title":{"rendered":"THE HERO PARADIGM IN FANTASY NOVELS"},"content":{"rendered":"<hr \/>\n<p><strong><a href=\"https:\/\/books.google.ro\/books\/about?id=iYNYEAAAQBAJ&#038;redir_esc=y\" target=\"_blank\" rel=\"noopener\"><img decoding=\"async\" src=\"https:\/\/editura-unibuc.ro\/wp-content\/uploads\/2025\/04\/goo.png\" \/>Google Books<\/a><\/strong><br \/>&nbsp;<\/p>\n<hr \/>\n<p>Cartea <em>The Hero Paradigm in Fantasy Novels<\/em> este una interdisciplinar\u0103 \u0219i se \u00eenscrie \u00een perimetrul studiilor culturale literare, cu descinderi \u00een mitologie, antropologie cultural\u0103, \u015fi studiile filmului. Tipologia eroului este analizat\u0103 a\u015fa cum apare \u00een mitologie \u015fi basm, \u00eenainte de a fi investigate romanele fantastice scrise de J.R.R. Tolkien, C.S. Lewis \u0219i J.K. Rowling, romane de secol XX ale c\u0103ror r\u0103d\u0103cini se reg\u0103sesc \u00een cele dou\u0103 genuri precedente ale modului literaturii fantastice. Acelea\u015fi romane au fost ecranizate, trec\u00e2nd din modul lecturii \u00een cel al vizualului \u015fi chiar \u00een cel al virtualului (al jocurilor video\/pe computer). Cartea argumenteaz\u0103 c\u0103 eroii par s\u0103 se afle \u00een c\u0103dere liber\u0103 de-a lungul secolelor, ajung\u00e2ndu-se la o epoc\u0103 posteroic\u0103 \u00een secolul al XX-lea. \u00cens\u0103 literatura fantastic\u0103 \u0219i filmele bazate pe astfel de romane par s\u0103 \u00eenlocuiasc\u0103 mitologia \u0219i eroismul tipic acesteia, reu\u0219ind s\u0103 insufle un nou interes \u00een paradigma eroic\u0103.<\/p>\n","protected":false},"excerpt":{"rendered":"<p>Google Books&nbsp; Cartea The Hero Paradigm in Fantasy Novels este una interdisciplinar\u0103 \u0219i se \u00eenscrie \u00een perimetrul studiilor culturale literare, cu descinderi \u00een mitologie, antropologie cultural\u0103, \u015fi studiile filmului. Tipologia eroului este analizat\u0103 a\u015fa cum apare \u00een mitologie \u015fi basm, \u00eenainte de a fi investigate romanele fantastice scrise de J.R.R. Tolkien, C.S. Lewis \u0219i J.K. [&hellip;]<\/p>\n","protected":false},"featured_media":27475,"comment_status":"open","ping_status":"closed","template":"","meta":[],"product_brand":[],"product_cat":[1531,856,1464,976],"product_tag":[3566,3564,3565],"class_list":{"0":"post-27476","1":"product","2":"type-product","3":"status-publish","4":"has-post-thumbnail","6":"product_cat-colectii","7":"product_cat-colectia-lci-limbi-culturi-identitati","8":"product_cat-filologie","9":"product_cat-limba-engleza","10":"product_tag-christian-hero","11":"product_tag-fairytale","12":"product_tag-medieval-hero","14":"first","15":"instock","16":"shipping-taxable","17":"purchasable","18":"product-type-simple"},"_links":{"self":[{"href":"https:\/\/editura-unibuc.ro\/en\/wp-json\/wp\/v2\/product\/27476","targetHints":{"allow":["GET"]}}],"collection":[{"href":"https:\/\/editura-unibuc.ro\/en\/wp-json\/wp\/v2\/product"}],"about":[{"href":"https:\/\/editura-unibuc.ro\/en\/wp-json\/wp\/v2\/types\/product"}],"replies":[{"embeddable":true,"href":"https:\/\/editura-unibuc.ro\/en\/wp-json\/wp\/v2\/comments?post=27476"}],"wp:featuredmedia":[{"embeddable":true,"href":"https:\/\/editura-unibuc.ro\/en\/wp-json\/wp\/v2\/media\/27475"}],"wp:attachment":[{"href":"https:\/\/editura-unibuc.ro\/en\/wp-json\/wp\/v2\/media?parent=27476"}],"wp:term":[{"taxonomy":"product_brand","embeddable":true,"href":"https:\/\/editura-unibuc.ro\/en\/wp-json\/wp\/v2\/product_brand?post=27476"},{"taxonomy":"product_cat","embeddable":true,"href":"https:\/\/editura-unibuc.ro\/en\/wp-json\/wp\/v2\/product_cat?post=27476"},{"taxonomy":"product_tag","embeddable":true,"href":"https:\/\/editura-unibuc.ro\/en\/wp-json\/wp\/v2\/product_tag?post=27476"}],"curies":[{"name":"wp","href":"https:\/\/api.w.org\/{rel}","templated":true}]}}