{"id":27550,"date":"2020-07-29T10:42:51","date_gmt":"2020-07-29T07:42:51","guid":{"rendered":"https:\/\/editura-unibuc.ro\/?post_type=product&#038;p=27550"},"modified":"2025-05-12T09:14:42","modified_gmt":"2025-05-12T06:14:42","slug":"metode-cantitative-in-asigurari","status":"publish","type":"product","link":"https:\/\/editura-unibuc.ro\/en\/metode-cantitative-in-asigurari\/","title":{"rendered":"METODE CANTITATIVE \u00ceN ASIGUR\u0102RI"},"content":{"rendered":"<hr \/>\n<p><strong><a href=\"https:\/\/books.google.ro\/books\/about?id=DSNAEAAAQBAJ&#038;redir_esc=y\" target=\"_blank\" rel=\"noopener\"><img decoding=\"async\" src=\"https:\/\/editura-unibuc.ro\/wp-content\/uploads\/2025\/04\/goo.png\" \/>Google Books<\/a><\/strong><br \/>&nbsp;<\/p>\n<hr \/>\n<p>Obiectivele prezentei lucr\u0103ri sunt: descrierea conceptelor teoretice din domeniul asigur\u0103rilor \u0219i analiza empiric\u0103 a pie\u021bei asigur\u0103rilor din Rom\u00e2nia dintr-o perspectiv\u0103 microeconomic\u0103 \u0219i macroeconomic\u0103, prezentarea cadrului conceptual al domeniului asigur\u0103rilor, prezentarea conceptelor legate de reasigur\u0103ri \u0219i a formelor de asigurare propor\u021bional\u0103 \u0219i nepropor\u021bional\u0103, prezentarea no\u021biuni legate de rezerva matematic\u0103, a modului de calcul a primei brute \u0219i a rezervei matematice, prezentarea unor modele de risc \u00een asigur\u0103ri, descrierea indicatorilor pentru evaluarea stabilit\u0103\u021bii economico-financiare a societ\u0103\u021bilor de asigurare, modelarea pie\u021bei asigur\u0103rilor din Rom\u00e2nia pe baza datelor de la nivel microeconomic \u0219i macroeconomic. <\/p>\n","protected":false},"excerpt":{"rendered":"<p>Google Books&nbsp; Obiectivele prezentei lucr\u0103ri sunt: descrierea conceptelor teoretice din domeniul asigur\u0103rilor \u0219i analiza empiric\u0103 a pie\u021bei asigur\u0103rilor din Rom\u00e2nia dintr-o perspectiv\u0103 microeconomic\u0103 \u0219i macroeconomic\u0103, prezentarea cadrului conceptual al domeniului asigur\u0103rilor, prezentarea conceptelor legate de reasigur\u0103ri \u0219i a formelor de asigurare propor\u021bional\u0103 \u0219i nepropor\u021bional\u0103, prezentarea no\u021biuni legate de rezerva matematic\u0103, a modului de calcul a [&hellip;]<\/p>\n","protected":false},"featured_media":27551,"comment_status":"open","ping_status":"closed","template":"","meta":[],"product_brand":[],"product_cat":[1531,3479,991,992],"product_tag":[3572,3570,3571,3567,3568,3569],"class_list":{"0":"post-27550","1":"product","2":"type-product","3":"status-publish","4":"has-post-thumbnail","6":"product_cat-colectii","7":"product_cat-business","8":"product_cat-stiinte-sociale","9":"product_cat-administratie-si-afaceri","10":"product_tag-estimari-econometrice","11":"product_tag-modele-de-risc","12":"product_tag-piata-asigurarilor-din-romania","13":"product_tag-reasigurari","14":"product_tag-rezerva-matematica","15":"product_tag-societati-de-asigurari","17":"first","18":"instock","19":"shipping-taxable","20":"purchasable","21":"product-type-simple"},"_links":{"self":[{"href":"https:\/\/editura-unibuc.ro\/en\/wp-json\/wp\/v2\/product\/27550","targetHints":{"allow":["GET"]}}],"collection":[{"href":"https:\/\/editura-unibuc.ro\/en\/wp-json\/wp\/v2\/product"}],"about":[{"href":"https:\/\/editura-unibuc.ro\/en\/wp-json\/wp\/v2\/types\/product"}],"replies":[{"embeddable":true,"href":"https:\/\/editura-unibuc.ro\/en\/wp-json\/wp\/v2\/comments?post=27550"}],"wp:featuredmedia":[{"embeddable":true,"href":"https:\/\/editura-unibuc.ro\/en\/wp-json\/wp\/v2\/media\/27551"}],"wp:attachment":[{"href":"https:\/\/editura-unibuc.ro\/en\/wp-json\/wp\/v2\/media?parent=27550"}],"wp:term":[{"taxonomy":"product_brand","embeddable":true,"href":"https:\/\/editura-unibuc.ro\/en\/wp-json\/wp\/v2\/product_brand?post=27550"},{"taxonomy":"product_cat","embeddable":true,"href":"https:\/\/editura-unibuc.ro\/en\/wp-json\/wp\/v2\/product_cat?post=27550"},{"taxonomy":"product_tag","embeddable":true,"href":"https:\/\/editura-unibuc.ro\/en\/wp-json\/wp\/v2\/product_tag?post=27550"}],"curies":[{"name":"wp","href":"https:\/\/api.w.org\/{rel}","templated":true}]}}