{"id":27659,"date":"2020-08-13T10:08:54","date_gmt":"2020-08-13T07:08:54","guid":{"rendered":"https:\/\/editura-unibuc.ro\/?post_type=product&#038;p=27659"},"modified":"2025-05-12T09:54:25","modified_gmt":"2025-05-12T06:54:25","slug":"ortodoxia-in-fata-prozelitismului-martorilor-lui-iehova-editie-revazuta","status":"publish","type":"product","link":"https:\/\/editura-unibuc.ro\/en\/ortodoxia-in-fata-prozelitismului-martorilor-lui-iehova-editie-revazuta\/","title":{"rendered":"ORTODOXIA \u00ceN FA\u021aA PROZELITISMULUI \u201eMARTORILOR LUI IEHOVA\u201d. EDI\u021aIE REVAZUTA"},"content":{"rendered":"<hr \/>\n<p><strong><a href=\"https:\/\/books.google.ro\/books\/about?id=qoNOEAAAQBAJ&#038;redir_esc=y\" target=\"_blank\" rel=\"noopener\"><img decoding=\"async\" src=\"https:\/\/editura-unibuc.ro\/wp-content\/uploads\/2025\/04\/goo.png\" \/>Google Books<\/a><\/strong><br \/>&nbsp;<\/p>\n<hr \/>\n<p>\u201eTema abordat\u0103 \u00een cuprinsul lucr\u0103rii de fa\u021b\u0103 este de strict\u0103 actualitate. Revirimentul grup\u0103rilor eterodoxe dup\u0103 1989 \u00een Rom\u00e2nia e o realitate trist\u0103, cu cauze multiple.\u201d  <\/p>\n","protected":false},"excerpt":{"rendered":"<p>Google Books&nbsp; \u201eTema abordat\u0103 \u00een cuprinsul lucr\u0103rii de fa\u021b\u0103 este de strict\u0103 actualitate. Revirimentul grup\u0103rilor eterodoxe dup\u0103 1989 \u00een Rom\u00e2nia e o realitate trist\u0103, cu cauze multiple.\u201d<\/p>\n","protected":false},"featured_media":27655,"comment_status":"open","ping_status":"closed","template":"","meta":[],"product_brand":[],"product_cat":[1531,2597,991,999],"product_tag":[2273,3574,3575],"class_list":{"0":"post-27659","1":"product","2":"type-product","3":"status-publish","4":"has-post-thumbnail","6":"product_cat-colectii","7":"product_cat-studia-theologica","8":"product_cat-stiinte-sociale","9":"product_cat-teologie","10":"product_tag-biserica-ortodoxa-romana","11":"product_tag-martorii-lui-iehova","12":"product_tag-neoprotestantism","14":"first","15":"outofstock","16":"shipping-taxable","17":"purchasable","18":"product-type-simple"},"_links":{"self":[{"href":"https:\/\/editura-unibuc.ro\/en\/wp-json\/wp\/v2\/product\/27659","targetHints":{"allow":["GET"]}}],"collection":[{"href":"https:\/\/editura-unibuc.ro\/en\/wp-json\/wp\/v2\/product"}],"about":[{"href":"https:\/\/editura-unibuc.ro\/en\/wp-json\/wp\/v2\/types\/product"}],"replies":[{"embeddable":true,"href":"https:\/\/editura-unibuc.ro\/en\/wp-json\/wp\/v2\/comments?post=27659"}],"wp:featuredmedia":[{"embeddable":true,"href":"https:\/\/editura-unibuc.ro\/en\/wp-json\/wp\/v2\/media\/27655"}],"wp:attachment":[{"href":"https:\/\/editura-unibuc.ro\/en\/wp-json\/wp\/v2\/media?parent=27659"}],"wp:term":[{"taxonomy":"product_brand","embeddable":true,"href":"https:\/\/editura-unibuc.ro\/en\/wp-json\/wp\/v2\/product_brand?post=27659"},{"taxonomy":"product_cat","embeddable":true,"href":"https:\/\/editura-unibuc.ro\/en\/wp-json\/wp\/v2\/product_cat?post=27659"},{"taxonomy":"product_tag","embeddable":true,"href":"https:\/\/editura-unibuc.ro\/en\/wp-json\/wp\/v2\/product_tag?post=27659"}],"curies":[{"name":"wp","href":"https:\/\/api.w.org\/{rel}","templated":true}]}}