{"id":27660,"date":"2020-08-13T10:10:58","date_gmt":"2020-08-13T07:10:58","guid":{"rendered":"https:\/\/editura-unibuc.ro\/?post_type=product&#038;p=27660"},"modified":"2025-04-28T13:03:28","modified_gmt":"2025-04-28T10:03:28","slug":"martorii-lui-iehova-sunt-ei-crestini-editie-revazuta","status":"publish","type":"product","link":"https:\/\/editura-unibuc.ro\/en\/martorii-lui-iehova-sunt-ei-crestini-editie-revazuta\/","title":{"rendered":"\u201eMARTORII LUI IEHOVA\u201d \u2013 SUNT EI CRE\u0218TINI? EDI\u021aIE REV\u0102ZUT\u0102"},"content":{"rendered":"<hr \/>\n<p><strong><a href=\"https:\/\/books.google.ro\/books\/about?id=dYNOEAAAQBAJ&#038;redir_esc=y\" target=\"_blank\" rel=\"noopener\"><img decoding=\"async\" src=\"https:\/\/editura-unibuc.ro\/wp-content\/uploads\/2025\/04\/goo.png\" \/>Google Books<\/a><\/strong><br \/>&nbsp;<\/p>\n<hr \/>\n<p>Dintre puzderia de noi mi\u0219c\u0103ri religioase care au p\u0103truns \u0219i la noi \u00een \u021bar\u0103 dup\u0103 evenimentele din decembrie 1989, printre cele mai virulente \u0219i periculoase este, f\u0103r\u0103 \u00eendoial\u0103, cea a \u201eMartorilor lui Iehova\u201d. <\/p>\n","protected":false},"excerpt":{"rendered":"<p>Google Books&nbsp; Dintre puzderia de noi mi\u0219c\u0103ri religioase care au p\u0103truns \u0219i la noi \u00een \u021bar\u0103 dup\u0103 evenimentele din decembrie 1989, printre cele mai virulente \u0219i periculoase este, f\u0103r\u0103 \u00eendoial\u0103, cea a \u201eMartorilor lui Iehova\u201d.<\/p>\n","protected":false},"featured_media":27654,"comment_status":"open","ping_status":"closed","template":"","meta":[],"product_brand":[],"product_cat":[1531,2597,991,999],"product_tag":[1023,3574],"class_list":{"0":"post-27660","1":"product","2":"type-product","3":"status-publish","4":"has-post-thumbnail","6":"product_cat-colectii","7":"product_cat-studia-theologica","8":"product_cat-stiinte-sociale","9":"product_cat-teologie","10":"product_tag-crestinism","11":"product_tag-martorii-lui-iehova","13":"first","14":"outofstock","15":"shipping-taxable","16":"purchasable","17":"product-type-simple"},"_links":{"self":[{"href":"https:\/\/editura-unibuc.ro\/en\/wp-json\/wp\/v2\/product\/27660","targetHints":{"allow":["GET"]}}],"collection":[{"href":"https:\/\/editura-unibuc.ro\/en\/wp-json\/wp\/v2\/product"}],"about":[{"href":"https:\/\/editura-unibuc.ro\/en\/wp-json\/wp\/v2\/types\/product"}],"replies":[{"embeddable":true,"href":"https:\/\/editura-unibuc.ro\/en\/wp-json\/wp\/v2\/comments?post=27660"}],"wp:featuredmedia":[{"embeddable":true,"href":"https:\/\/editura-unibuc.ro\/en\/wp-json\/wp\/v2\/media\/27654"}],"wp:attachment":[{"href":"https:\/\/editura-unibuc.ro\/en\/wp-json\/wp\/v2\/media?parent=27660"}],"wp:term":[{"taxonomy":"product_brand","embeddable":true,"href":"https:\/\/editura-unibuc.ro\/en\/wp-json\/wp\/v2\/product_brand?post=27660"},{"taxonomy":"product_cat","embeddable":true,"href":"https:\/\/editura-unibuc.ro\/en\/wp-json\/wp\/v2\/product_cat?post=27660"},{"taxonomy":"product_tag","embeddable":true,"href":"https:\/\/editura-unibuc.ro\/en\/wp-json\/wp\/v2\/product_tag?post=27660"}],"curies":[{"name":"wp","href":"https:\/\/api.w.org\/{rel}","templated":true}]}}