{"id":27662,"date":"2020-08-13T10:12:39","date_gmt":"2020-08-13T07:12:39","guid":{"rendered":"https:\/\/editura-unibuc.ro\/?post_type=product&#038;p=27662"},"modified":"2025-05-09T10:42:03","modified_gmt":"2025-05-09T07:42:03","slug":"liturghie-si-misiune-editie-revazuta","status":"publish","type":"product","link":"https:\/\/editura-unibuc.ro\/en\/liturghie-si-misiune-editie-revazuta\/","title":{"rendered":"LITURGHIE \u0218I MISIUNE. EDI\u021aIE REVAZUT\u0102"},"content":{"rendered":"<p><\/p>\n<hr \/>\n<p><strong><a href=\"https:\/\/books.google.ro\/books\/about?id=Y4NOEAAAQBAJ&#038;redir_esc=y\" target=\"_blank\" rel=\"noopener\"><img decoding=\"async\" src=\"https:\/\/editura-unibuc.ro\/wp-content\/uploads\/2025\/04\/goo.png\" \/>Google Books<\/a><\/strong><br \/>&nbsp;<\/p>\n<hr \/>\n<p>Cartea de fa\u021b\u0103 reprezint\u0103 o contribu\u021bie important\u0103 \u00een domeniul studiilor de misiologie, un m\u0103nunchi de informa\u021bii vaste, filtrate prin intui\u021bia \u0219i experien\u021ba dasc\u0103lului \u0219i slujitorului bisericesc.<\/p>","protected":false},"excerpt":{"rendered":"<p>Google Books&nbsp; Cartea de fa\u021b\u0103 reprezint\u0103 o contribu\u021bie important\u0103 \u00een domeniul studiilor de misiologie, un m\u0103nunchi de informa\u021bii vaste, filtrate prin intui\u021bia \u0219i experien\u021ba dasc\u0103lului \u0219i slujitorului bisericesc.<\/p>\n","protected":false},"featured_media":27650,"comment_status":"open","ping_status":"closed","template":"","meta":[],"product_brand":[],"product_cat":[1531,2597,991,999],"product_tag":[3576,3577],"class_list":{"0":"post-27662","1":"product","2":"type-product","3":"status-publish","4":"has-post-thumbnail","6":"product_cat-colectii","7":"product_cat-studia-theologica","8":"product_cat-stiinte-sociale","9":"product_cat-teologie","10":"product_tag-liturghie","11":"product_tag-taina-euharistiei","13":"first","14":"outofstock","15":"shipping-taxable","16":"purchasable","17":"product-type-simple"},"_links":{"self":[{"href":"https:\/\/editura-unibuc.ro\/en\/wp-json\/wp\/v2\/product\/27662","targetHints":{"allow":["GET"]}}],"collection":[{"href":"https:\/\/editura-unibuc.ro\/en\/wp-json\/wp\/v2\/product"}],"about":[{"href":"https:\/\/editura-unibuc.ro\/en\/wp-json\/wp\/v2\/types\/product"}],"replies":[{"embeddable":true,"href":"https:\/\/editura-unibuc.ro\/en\/wp-json\/wp\/v2\/comments?post=27662"}],"wp:featuredmedia":[{"embeddable":true,"href":"https:\/\/editura-unibuc.ro\/en\/wp-json\/wp\/v2\/media\/27650"}],"wp:attachment":[{"href":"https:\/\/editura-unibuc.ro\/en\/wp-json\/wp\/v2\/media?parent=27662"}],"wp:term":[{"taxonomy":"product_brand","embeddable":true,"href":"https:\/\/editura-unibuc.ro\/en\/wp-json\/wp\/v2\/product_brand?post=27662"},{"taxonomy":"product_cat","embeddable":true,"href":"https:\/\/editura-unibuc.ro\/en\/wp-json\/wp\/v2\/product_cat?post=27662"},{"taxonomy":"product_tag","embeddable":true,"href":"https:\/\/editura-unibuc.ro\/en\/wp-json\/wp\/v2\/product_tag?post=27662"}],"curies":[{"name":"wp","href":"https:\/\/api.w.org\/{rel}","templated":true}]}}