{"id":27668,"date":"2020-08-13T10:23:21","date_gmt":"2020-08-13T07:23:21","guid":{"rendered":"https:\/\/editura-unibuc.ro\/?post_type=product&#038;p=27668"},"modified":"2025-05-12T09:53:27","modified_gmt":"2025-05-12T06:53:27","slug":"optica-ondulatorie-lucrari-practice-de-laborator-exercitii-si-probleme","status":"publish","type":"product","link":"https:\/\/editura-unibuc.ro\/en\/optica-ondulatorie-lucrari-practice-de-laborator-exercitii-si-probleme\/","title":{"rendered":"OPTIC\u0102 ONDULATORIE. LUCR\u0102RI PRACTICE DE LABORATOR. EXERCI\u021aII \u0218I PROBLEME"},"content":{"rendered":"<hr \/>\n<p><strong><a href=\"https:\/\/books.google.ro\/books\/about?id=8dpbEAAAQBAJ&#038;redir_esc=y\" target=\"_blank\" rel=\"noopener\"><img decoding=\"async\" src=\"https:\/\/editura-unibuc.ro\/wp-content\/uploads\/2025\/04\/goo.png\" \/>Google Books<\/a><\/strong><br \/>&nbsp;<\/p>\n<hr \/>\n<p>Lucrarea de fa\u021b\u0103 reprezint\u0103 suportul de laborator necesar cursului de Optic\u0103 din anul II de studiu de la Facultatea de Fizic\u0103, Universitatea din Bucure\u0219ti.<\/p>\n","protected":false},"excerpt":{"rendered":"<p>Google Books&nbsp; Lucrarea de fa\u021b\u0103 reprezint\u0103 suportul de laborator necesar cursului de Optic\u0103 din anul II de studiu de la Facultatea de Fizic\u0103, Universitatea din Bucure\u0219ti.<\/p>\n","protected":false},"featured_media":27646,"comment_status":"open","ping_status":"closed","template":"","meta":[],"product_brand":[],"product_cat":[1531,2839,982,984],"product_tag":[3582,3581,3583],"class_list":{"0":"post-27668","1":"product","2":"type-product","3":"status-publish","4":"has-post-thumbnail","6":"product_cat-colectii","7":"product_cat-fizicaphysics","8":"product_cat-stiinte-exacte","9":"product_cat-fizica","10":"product_tag-difractia-luminii","11":"product_tag-interferenta-luminii","12":"product_tag-radiatie-termica","14":"first","15":"instock","16":"shipping-taxable","17":"purchasable","18":"product-type-simple"},"_links":{"self":[{"href":"https:\/\/editura-unibuc.ro\/en\/wp-json\/wp\/v2\/product\/27668","targetHints":{"allow":["GET"]}}],"collection":[{"href":"https:\/\/editura-unibuc.ro\/en\/wp-json\/wp\/v2\/product"}],"about":[{"href":"https:\/\/editura-unibuc.ro\/en\/wp-json\/wp\/v2\/types\/product"}],"replies":[{"embeddable":true,"href":"https:\/\/editura-unibuc.ro\/en\/wp-json\/wp\/v2\/comments?post=27668"}],"wp:featuredmedia":[{"embeddable":true,"href":"https:\/\/editura-unibuc.ro\/en\/wp-json\/wp\/v2\/media\/27646"}],"wp:attachment":[{"href":"https:\/\/editura-unibuc.ro\/en\/wp-json\/wp\/v2\/media?parent=27668"}],"wp:term":[{"taxonomy":"product_brand","embeddable":true,"href":"https:\/\/editura-unibuc.ro\/en\/wp-json\/wp\/v2\/product_brand?post=27668"},{"taxonomy":"product_cat","embeddable":true,"href":"https:\/\/editura-unibuc.ro\/en\/wp-json\/wp\/v2\/product_cat?post=27668"},{"taxonomy":"product_tag","embeddable":true,"href":"https:\/\/editura-unibuc.ro\/en\/wp-json\/wp\/v2\/product_tag?post=27668"}],"curies":[{"name":"wp","href":"https:\/\/api.w.org\/{rel}","templated":true}]}}