{"id":2768,"date":"2012-10-04T11:06:22","date_gmt":"2012-10-04T08:06:22","guid":{"rendered":"https:\/\/editura-unibuc.ro\/?p=2768"},"modified":"2024-07-08T10:59:16","modified_gmt":"2024-07-08T07:59:16","slug":"gradatia-in-limba-japoneza-in-perspectiva-tipologica","status":"publish","type":"product","link":"https:\/\/editura-unibuc.ro\/en\/gradatia-in-limba-japoneza-in-perspectiva-tipologica\/","title":{"rendered":"A TYPOLOGICAL PERSPECTIVE ON GRADATION IN JAPANESE"},"content":{"rendered":"<p>Grada\u021bia \u00een limba japonez\u0103 \u00een compara\u021bie cu alte limbi, plec\u00e2ndu-se at\u00e2t de la lucr\u0103ri generale care privesc grada\u021bia lingvistic\u0103 (precum E. Sapir, 1985), c\u00e2t \u0219i de la lucr\u0103ri care se refer\u0103 la procedeele de grada\u021bie lingvistic\u0103 \u00een diferite limbi (precum D. Bolinger 1972 pentru englez\u0103, E. L\u00fcder 1996 pentru rom\u00e2n\u0103, I. Feodorov 2003 pentru arab\u0103). Perspectiva pentru compararea limbilor este cea a tipologiei lingvistice, mai exact perspectiva func\u021bional-tipologic\u0103, \u00een forma \u00een care a fost conceput\u0103 de B. Comrie (1981), W. Croft (1990) \u0219i al\u021bii.<\/p>\n","protected":false},"excerpt":{"rendered":"<p>Grada\u021bia \u00een limba japonez\u0103 \u00een compara\u021bie cu alte limbi, plec\u00e2ndu-se at\u00e2t de la lucr\u0103ri generale care privesc grada\u021bia lingvistic\u0103 (precum E. Sapir, 1985), c\u00e2t \u0219i de la lucr\u0103ri care se refer\u0103 la procedeele de grada\u021bie lingvistic\u0103 \u00een diferite limbi (precum D. Bolinger 1972 pentru englez\u0103, E. L\u00fcder 1996 pentru rom\u00e2n\u0103, I. Feodorov 2003 pentru arab\u0103). [&hellip;]<\/p>\n","protected":false},"featured_media":10435,"comment_status":"open","ping_status":"closed","template":"","meta":[],"product_brand":[],"product_cat":[1464,980],"product_tag":[1340],"class_list":{"0":"post-2768","1":"product","2":"type-product","3":"status-publish","4":"has-post-thumbnail","6":"product_cat-filologie","7":"product_cat-limbi-romanice-clasice-si-orientale","8":"product_tag-japoneza","10":"first","11":"outofstock","12":"shipping-taxable","13":"purchasable","14":"product-type-simple"},"_links":{"self":[{"href":"https:\/\/editura-unibuc.ro\/en\/wp-json\/wp\/v2\/product\/2768","targetHints":{"allow":["GET"]}}],"collection":[{"href":"https:\/\/editura-unibuc.ro\/en\/wp-json\/wp\/v2\/product"}],"about":[{"href":"https:\/\/editura-unibuc.ro\/en\/wp-json\/wp\/v2\/types\/product"}],"replies":[{"embeddable":true,"href":"https:\/\/editura-unibuc.ro\/en\/wp-json\/wp\/v2\/comments?post=2768"}],"wp:featuredmedia":[{"embeddable":true,"href":"https:\/\/editura-unibuc.ro\/en\/wp-json\/wp\/v2\/media\/10435"}],"wp:attachment":[{"href":"https:\/\/editura-unibuc.ro\/en\/wp-json\/wp\/v2\/media?parent=2768"}],"wp:term":[{"taxonomy":"product_brand","embeddable":true,"href":"https:\/\/editura-unibuc.ro\/en\/wp-json\/wp\/v2\/product_brand?post=2768"},{"taxonomy":"product_cat","embeddable":true,"href":"https:\/\/editura-unibuc.ro\/en\/wp-json\/wp\/v2\/product_cat?post=2768"},{"taxonomy":"product_tag","embeddable":true,"href":"https:\/\/editura-unibuc.ro\/en\/wp-json\/wp\/v2\/product_tag?post=2768"}],"curies":[{"name":"wp","href":"https:\/\/api.w.org\/{rel}","templated":true}]}}