{"id":2772,"date":"2012-10-04T11:18:01","date_gmt":"2012-10-04T08:18:01","guid":{"rendered":"https:\/\/editura-unibuc.ro\/?p=2772"},"modified":"2025-03-13T12:24:43","modified_gmt":"2025-03-13T10:24:43","slug":"romanoslavica-serie-noua-vol-xlvi-nr-1","status":"publish","type":"product","link":"https:\/\/editura-unibuc.ro\/en\/romanoslavica-serie-noua-vol-xlvi-nr-1\/","title":{"rendered":"ROMANOSLAVICA. NEW SERIES, VOL. XLVI, No.1"},"content":{"rendered":"<p>Volumul cuprinde lucr\u0103rile prezentate la sesiunea \u0219tiin\u021bific\u0103 interna\u021bional\u0103 \u201e60 de ani de la \u00eenfiin\u021barea Catedrei de limbi \u0219i literaturi slave la Universitatea Bucure\u0219ti\u201d, desf\u0103\u0219urat\u0103 \u00een perioada 2-3 octombrie 2009. Din sumarul culegerii, cititorii pot lua cuno\u0219tin\u021b\u0103 despre ultimele cercet\u0103ri privind, printre altele, aspectul verbal slovac din perspectiv\u0103 didactic\u0103, despre abordarea comunicativ\u0103 \u00een predarea limbii rom\u00e2ne, precum \u0219i despre lexicul p\u0103storesc de origine rom\u00e2n\u0103 \u00een limba polon\u0103. Volumul cuprinde o rubric\u0103 cu date despre autorii studiilor.<\/p>","protected":false},"excerpt":{"rendered":"<p>Volumul cuprinde lucr\u0103rile prezentate la sesiunea \u0219tiin\u021bific\u0103 interna\u021bional\u0103 \u201e60 de ani de la \u00eenfiin\u021barea Catedrei de limbi \u0219i literaturi slave la Universitatea Bucure\u0219ti\u201d, desf\u0103\u0219urat\u0103 \u00een perioada 2-3 octombrie 2009. Din sumarul culegerii, cititorii pot lua cuno\u0219tin\u021b\u0103 despre ultimele cercet\u0103ri privind, printre altele, aspectul verbal slovac din perspectiv\u0103 didactic\u0103, despre abordarea comunicativ\u0103 \u00een predarea limbii rom\u00e2ne, [&hellip;]<\/p>\n","protected":false},"featured_media":10433,"comment_status":"open","ping_status":"closed","template":"","meta":[],"product_brand":[],"product_cat":[3823,1464,981,1469],"product_tag":[925,922],"class_list":{"0":"post-2772","1":"product","2":"type-product","3":"status-publish","4":"has-post-thumbnail","6":"product_cat-stiinte-umane","7":"product_cat-filologie","8":"product_cat-limbi-slave","9":"product_cat-periodice","10":"product_tag-romana","11":"product_tag-slave","13":"first","14":"instock","15":"shipping-taxable","16":"purchasable","17":"product-type-simple"},"_links":{"self":[{"href":"https:\/\/editura-unibuc.ro\/en\/wp-json\/wp\/v2\/product\/2772","targetHints":{"allow":["GET"]}}],"collection":[{"href":"https:\/\/editura-unibuc.ro\/en\/wp-json\/wp\/v2\/product"}],"about":[{"href":"https:\/\/editura-unibuc.ro\/en\/wp-json\/wp\/v2\/types\/product"}],"replies":[{"embeddable":true,"href":"https:\/\/editura-unibuc.ro\/en\/wp-json\/wp\/v2\/comments?post=2772"}],"wp:featuredmedia":[{"embeddable":true,"href":"https:\/\/editura-unibuc.ro\/en\/wp-json\/wp\/v2\/media\/10433"}],"wp:attachment":[{"href":"https:\/\/editura-unibuc.ro\/en\/wp-json\/wp\/v2\/media?parent=2772"}],"wp:term":[{"taxonomy":"product_brand","embeddable":true,"href":"https:\/\/editura-unibuc.ro\/en\/wp-json\/wp\/v2\/product_brand?post=2772"},{"taxonomy":"product_cat","embeddable":true,"href":"https:\/\/editura-unibuc.ro\/en\/wp-json\/wp\/v2\/product_cat?post=2772"},{"taxonomy":"product_tag","embeddable":true,"href":"https:\/\/editura-unibuc.ro\/en\/wp-json\/wp\/v2\/product_tag?post=2772"}],"curies":[{"name":"wp","href":"https:\/\/api.w.org\/{rel}","templated":true}]}}