{"id":27784,"date":"2020-09-01T21:42:50","date_gmt":"2020-09-01T18:42:50","guid":{"rendered":"https:\/\/editura-unibuc.ro\/?post_type=product&#038;p=27784"},"modified":"2020-09-01T21:42:55","modified_gmt":"2020-09-01T18:42:55","slug":"ggr-beitrage-zur-germanistik-34-ich-gehore-daheim-dorthin-wo-ich-nicht-bin-die-unheimliche-heimat-in-herta-mullers-literatur","status":"publish","type":"product","link":"https:\/\/editura-unibuc.ro\/en\/ggr-beitrage-zur-germanistik-34-ich-gehore-daheim-dorthin-wo-ich-nicht-bin-die-unheimliche-heimat-in-herta-mullers-literatur\/","title":{"rendered":"GGR-Beitr\u00e4ge zur Germanistik 34 \u2013 \u201eICH GEH\u00d6RE DAHEIM DORTHIN WO ICH NICHT BIN\u201c. DIE UNHEIMLICHE HEIMAT IN HERTA M\u00dcLLERS LITERATUR"},"content":{"rendered":"<p>Herta M\u00fcller beschreibt in ihrem \u0152uvre ein Universum, das von K\u00e4lte, von zwischenmenschlichem Kommunikationverlust und von fehlender Moral gekennzeichnet ist. Ihre Werke bilden keine heimatlichen Orte, sondern R\u00e4ume, die keine Bedeutung und keine Identit\u00e4t hervorbringen, und Nicht-Orte, die einem feindlich gegen\u00fcberstehen. Diese Monographie beschreibt dieses Universum anhand des Heimatbegriffes bei Herta M\u00fcller.<\/p>\n","protected":false},"excerpt":{"rendered":"<p>Herta M\u00fcller beschreibt in ihrem \u0152uvre ein Universum, das von K\u00e4lte, von zwischenmenschlichem Kommunikationverlust und von fehlender Moral gekennzeichnet ist. Ihre Werke bilden keine heimatlichen Orte, sondern R\u00e4ume, die keine Bedeutung und keine Identit\u00e4t hervorbringen, und Nicht-Orte, die einem feindlich gegen\u00fcberstehen. Diese Monographie beschreibt dieses Universum anhand des Heimatbegriffes bei Herta M\u00fcller.<\/p>\n","protected":false},"featured_media":27782,"comment_status":"open","ping_status":"closed","template":"","meta":[],"product_brand":[],"product_cat":[1531,1470,1464,978],"product_tag":[3593,3595,3592,3591,3590,3594],"class_list":{"0":"post-27784","1":"product","2":"type-product","3":"status-publish","4":"has-post-thumbnail","6":"product_cat-colectii","7":"product_cat-ggr-beitrage-zur-germanistik","8":"product_cat-filologie","9":"product_cat-germanic-languages","10":"product_tag-camin","11":"product_tag-casa","12":"product_tag-freud","13":"product_tag-heimat","14":"product_tag-herta-muller","15":"product_tag-patrie","17":"first","18":"instock","19":"shipping-taxable","20":"purchasable","21":"product-type-simple"},"_links":{"self":[{"href":"https:\/\/editura-unibuc.ro\/en\/wp-json\/wp\/v2\/product\/27784","targetHints":{"allow":["GET"]}}],"collection":[{"href":"https:\/\/editura-unibuc.ro\/en\/wp-json\/wp\/v2\/product"}],"about":[{"href":"https:\/\/editura-unibuc.ro\/en\/wp-json\/wp\/v2\/types\/product"}],"replies":[{"embeddable":true,"href":"https:\/\/editura-unibuc.ro\/en\/wp-json\/wp\/v2\/comments?post=27784"}],"wp:featuredmedia":[{"embeddable":true,"href":"https:\/\/editura-unibuc.ro\/en\/wp-json\/wp\/v2\/media\/27782"}],"wp:attachment":[{"href":"https:\/\/editura-unibuc.ro\/en\/wp-json\/wp\/v2\/media?parent=27784"}],"wp:term":[{"taxonomy":"product_brand","embeddable":true,"href":"https:\/\/editura-unibuc.ro\/en\/wp-json\/wp\/v2\/product_brand?post=27784"},{"taxonomy":"product_cat","embeddable":true,"href":"https:\/\/editura-unibuc.ro\/en\/wp-json\/wp\/v2\/product_cat?post=27784"},{"taxonomy":"product_tag","embeddable":true,"href":"https:\/\/editura-unibuc.ro\/en\/wp-json\/wp\/v2\/product_tag?post=27784"}],"curies":[{"name":"wp","href":"https:\/\/api.w.org\/{rel}","templated":true}]}}