{"id":27821,"date":"2020-09-10T15:57:26","date_gmt":"2020-09-10T12:57:26","guid":{"rendered":"https:\/\/editura-unibuc.ro\/?post_type=product&#038;p=27821"},"modified":"2020-09-16T09:52:01","modified_gmt":"2020-09-16T06:52:01","slug":"la-mort-et-son-cadavre-quen-dit-la-litterature-lectures-du-corps-mort-dans-des-cuentos-hispano-americains-contemporains","status":"publish","type":"product","link":"https:\/\/editura-unibuc.ro\/en\/la-mort-et-son-cadavre-quen-dit-la-litterature-lectures-du-corps-mort-dans-des-cuentos-hispano-americains-contemporains\/","title":{"rendered":"LA MORT ET SON CADAVRE: QU\u2019EN DIT LA LITTERATURE? LECTURES DU CORPS MORT DANS DES <i>CUENTOS<\/i> HISPANO-AMERICAINS CONTEMPORAINS"},"content":{"rendered":"<p>Aceast\u0103 lucrare abordeaz\u0103 tema, prea pu\u021bin studiat\u0103, a reprezent\u0103rii corpului mort \u00een literatur\u0103, plec\u00e2nd de la cadrul teoretic al lumilor posibile fic\u021bionale. Autoarea fiind hispanist\u0103, corpusul este constituit din texte hispano-americane semnate de autori canonici sau, dimpotriv\u0103, de autori ultra-contemporani, unii dintre ei \u00eenc\u0103 necunoscu\u021bi la nivel mondial, \u00eens\u0103 structura teoretic\u0103 \u0219i concluziile analizelor naratologice vizeaz\u0103 stabilirea unor tipare generale de comportament fic\u021bional al personajelor \u0219i, prin extrapolarea autorizat\u0103 de teoria lumilor posibile, de comportament al cititorului \u00eensu\u0219i, \u00een fa\u021ba cadavrului care se dezv\u0103luie f\u0103r\u0103 pudoare \u00een paginile nuvelelor studiate.<\/p>\n<p>\u00cen forma \u00een care aceast\u0103 lucrare de cercetare a fost ini\u021bial prezentat\u0103, ea con\u021binea un al doilea tom al antologiei de 29 de nuvele care formeaz\u0103 corpusul analizat. Cititorul interesat \u00een a citi vreunul dintre textele men\u021bionate poate contacta autoarea la adresa andrabfp@gmail.com.<\/p>\n","protected":false},"excerpt":{"rendered":"<p>Aceast\u0103 lucrare abordeaz\u0103 tema, prea pu\u021bin studiat\u0103, a reprezent\u0103rii corpului mort \u00een literatur\u0103, plec\u00e2nd de la cadrul teoretic al lumilor posibile fic\u021bionale. Autoarea fiind hispanist\u0103, corpusul este constituit din texte hispano-americane semnate de autori canonici sau, dimpotriv\u0103, de autori ultra-contemporani, unii dintre ei \u00eenc\u0103 necunoscu\u021bi la nivel mondial, \u00eens\u0103 structura teoretic\u0103 \u0219i concluziile analizelor naratologice [&hellip;]<\/p>\n","protected":false},"featured_media":27818,"comment_status":"open","ping_status":"closed","template":"","meta":[],"product_brand":[],"product_cat":[1531,856,1464,977],"product_tag":[],"class_list":{"0":"post-27821","1":"product","2":"type-product","3":"status-publish","4":"has-post-thumbnail","6":"product_cat-colectii","7":"product_cat-colectia-lci-limbi-culturi-identitati","8":"product_cat-filologie","9":"product_cat-limba-franceza","11":"first","12":"instock","13":"shipping-taxable","14":"purchasable","15":"product-type-simple"},"_links":{"self":[{"href":"https:\/\/editura-unibuc.ro\/en\/wp-json\/wp\/v2\/product\/27821","targetHints":{"allow":["GET"]}}],"collection":[{"href":"https:\/\/editura-unibuc.ro\/en\/wp-json\/wp\/v2\/product"}],"about":[{"href":"https:\/\/editura-unibuc.ro\/en\/wp-json\/wp\/v2\/types\/product"}],"replies":[{"embeddable":true,"href":"https:\/\/editura-unibuc.ro\/en\/wp-json\/wp\/v2\/comments?post=27821"}],"wp:featuredmedia":[{"embeddable":true,"href":"https:\/\/editura-unibuc.ro\/en\/wp-json\/wp\/v2\/media\/27818"}],"wp:attachment":[{"href":"https:\/\/editura-unibuc.ro\/en\/wp-json\/wp\/v2\/media?parent=27821"}],"wp:term":[{"taxonomy":"product_brand","embeddable":true,"href":"https:\/\/editura-unibuc.ro\/en\/wp-json\/wp\/v2\/product_brand?post=27821"},{"taxonomy":"product_cat","embeddable":true,"href":"https:\/\/editura-unibuc.ro\/en\/wp-json\/wp\/v2\/product_cat?post=27821"},{"taxonomy":"product_tag","embeddable":true,"href":"https:\/\/editura-unibuc.ro\/en\/wp-json\/wp\/v2\/product_tag?post=27821"}],"curies":[{"name":"wp","href":"https:\/\/api.w.org\/{rel}","templated":true}]}}