{"id":27824,"date":"2020-09-10T16:03:17","date_gmt":"2020-09-10T13:03:17","guid":{"rendered":"https:\/\/editura-unibuc.ro\/?post_type=product&#038;p=27824"},"modified":"2025-08-08T12:10:43","modified_gmt":"2025-08-08T09:10:43","slug":"metafora-afectivitatii-in-poezia-romaneasca","status":"publish","type":"product","link":"https:\/\/editura-unibuc.ro\/en\/metafora-afectivitatii-in-poezia-romaneasca\/","title":{"rendered":"METAFORA AFECTIVIT\u0102\u021aII \u00ceN POEZIA ROM\u00c2NEASC\u0102"},"content":{"rendered":"<hr \/>\n<p><strong><a href=\"https:\/\/books.google.ro\/books\/about?id=gaFCEAAAQBAJ&amp;redir_esc=y\" target=\"_blank\" rel=\"noopener\"><img decoding=\"async\" src=\"https:\/\/editura-unibuc.ro\/wp-content\/uploads\/2025\/04\/goo.png\" \/>Google Books<\/a><\/strong><br \/>&nbsp;<\/p>\n<hr \/>\n<p>Cartea de fa\u021b\u0103 se situeaz\u0103 \u00een continuarea cercet\u0103rii, realizate de acela\u0219i autor, consacrate lexicului afectivit\u0103\u021bii \u00een poezia interbelic\u0103 (\u201eLexicul afectivit\u0103\u021bii \u0219i poezia rom\u00e2neasc\u0103 din secolul XX\u201d, Bucure\u0219ti, Editura Universit\u0103\u021bii din Bucure\u0219ti, 2014). Problema tratat\u0103 acum \u2013 \u00eentruc\u00e2tva restrictiv\u0103 fa\u021b\u0103 de precedenta \u2013 se limiteaz\u0103 la un trop esen\u021bial \u0219i prive\u0219te structura complex\u0103 a metaforei afectivit\u0103\u021bii (ocazional \u00eempreun\u0103 cu aceea a figurilor din aceea\u0219i serie: epitet\/personificare\/compara\u021bie metaforic\u0103), av\u00e2nd ca obiect doar o tran\u0219\u0103 a vocabularului, aceea \u00een care corpus-ul afectivit\u0103\u021bii se constituie \u00een metafor\u0103.<\/p>\n","protected":false},"excerpt":{"rendered":"<p>Google Books&nbsp; Cartea de fa\u021b\u0103 se situeaz\u0103 \u00een continuarea cercet\u0103rii, realizate de acela\u0219i autor, consacrate lexicului afectivit\u0103\u021bii \u00een poezia interbelic\u0103 (\u201eLexicul afectivit\u0103\u021bii \u0219i poezia rom\u00e2neasc\u0103 din secolul XX\u201d, Bucure\u0219ti, Editura Universit\u0103\u021bii din Bucure\u0219ti, 2014). Problema tratat\u0103 acum \u2013 \u00eentruc\u00e2tva restrictiv\u0103 fa\u021b\u0103 de precedenta \u2013 se limiteaz\u0103 la un trop esen\u021bial \u0219i prive\u0219te structura complex\u0103 a [&hellip;]<\/p>\n","protected":false},"featured_media":27815,"comment_status":"open","ping_status":"closed","template":"","meta":[],"product_brand":[],"product_cat":[1531,2756,1464,979],"product_tag":[],"class_list":{"0":"post-27824","1":"product","2":"type-product","3":"status-publish","4":"has-post-thumbnail","6":"product_cat-colectii","7":"product_cat-lingvistica-lingua","8":"product_cat-filologie","9":"product_cat-limba-romana","11":"first","12":"outofstock","13":"shipping-taxable","14":"purchasable","15":"product-type-simple"},"_links":{"self":[{"href":"https:\/\/editura-unibuc.ro\/en\/wp-json\/wp\/v2\/product\/27824","targetHints":{"allow":["GET"]}}],"collection":[{"href":"https:\/\/editura-unibuc.ro\/en\/wp-json\/wp\/v2\/product"}],"about":[{"href":"https:\/\/editura-unibuc.ro\/en\/wp-json\/wp\/v2\/types\/product"}],"replies":[{"embeddable":true,"href":"https:\/\/editura-unibuc.ro\/en\/wp-json\/wp\/v2\/comments?post=27824"}],"wp:featuredmedia":[{"embeddable":true,"href":"https:\/\/editura-unibuc.ro\/en\/wp-json\/wp\/v2\/media\/27815"}],"wp:attachment":[{"href":"https:\/\/editura-unibuc.ro\/en\/wp-json\/wp\/v2\/media?parent=27824"}],"wp:term":[{"taxonomy":"product_brand","embeddable":true,"href":"https:\/\/editura-unibuc.ro\/en\/wp-json\/wp\/v2\/product_brand?post=27824"},{"taxonomy":"product_cat","embeddable":true,"href":"https:\/\/editura-unibuc.ro\/en\/wp-json\/wp\/v2\/product_cat?post=27824"},{"taxonomy":"product_tag","embeddable":true,"href":"https:\/\/editura-unibuc.ro\/en\/wp-json\/wp\/v2\/product_tag?post=27824"}],"curies":[{"name":"wp","href":"https:\/\/api.w.org\/{rel}","templated":true}]}}