{"id":27923,"date":"2020-09-22T21:46:20","date_gmt":"2020-09-22T18:46:20","guid":{"rendered":"https:\/\/editura-unibuc.ro\/?post_type=product&#038;p=27923"},"modified":"2025-05-12T10:07:05","modified_gmt":"2025-05-12T07:07:05","slug":"pentru-o-paradigma-antiaeriana","status":"publish","type":"product","link":"https:\/\/editura-unibuc.ro\/en\/pentru-o-paradigma-antiaeriana\/","title":{"rendered":"For an ANTIAIRCRAFT Paradigm"},"content":{"rendered":"<hr \/>\n<p><strong><a href=\"https:\/\/books.google.ro\/books\/about?id=AuBDEAAAQBAJ&#038;redir_esc=y\" target=\"_blank\" rel=\"noopener\"><img decoding=\"async\" src=\"https:\/\/editura-unibuc.ro\/wp-content\/uploads\/2025\/04\/goo.png\" \/>Google Books<\/a><\/strong><br \/>&nbsp;<\/p>\n<hr \/>\n<p>\u201e<em>Pentru o paradigm\u0103 antiaerian\u0103<\/em> este o lucrare de filosofie a culturii. Cuv\u00e2ntul \u00ab paradigm\u0103 \u00bb se refer\u0103 at\u00e2t la cea retoric\u0103 (av\u00e2nd \u00een\u0163elesul de discurs-model spre uzul celor ce studiaz\u0103 arta vorbirii), c\u00e2t \u015fi la cea cultural\u0103 (ca structur\u0103 ce ordoneaz\u0103 mentalul, crea\u0163ia, ariile de interes, valorile, temerile, aspira\u0163iile unei epoci). Cartea examineaz\u0103 urm\u0103rile am\u0103nuntului c\u0103 tr\u0103im \u00een era zborului. Nu doar concret, prin apari\u0163ia transportului \u2013 \u015fi a r\u0103zboiului \u2013 aerian, ci deopotriv\u0103 simbolic, prin generalizarea unui formalism ce tinde s\u0103 ne \u00eendep\u0103rteze tot mai mult de intimitatea lumii (fie ca natur\u0103, fie ca societate, presupun\u00e2nd c\u0103 diferen\u0163a mai este cu adev\u0103rat clar\u0103). Chestiunea, <em>prima facie<\/em>, nu pare s\u0103 aib\u0103 nimic uimitor, pentru c\u0103 zborul acord\u0103 exclusivitate v\u0103zului, celelalte sim\u0163uri, \u00een condi\u0163iile unei extreme distan\u0163\u0103ri, devenind inutilizabile. Or, de pe la Greci, vizualul a de\u0163inut o pozi\u0163ie central\u0103 \u00een cultura european\u0103. Binele este Soarele, educa\u0163ia este iluminare, iar termenii acestei culturi apar\u0163in masiv zonei vederii \u015fi luminii (ca <em>idee, teorie, specula\u0163ie, viziune&#8230;<\/em>). Timpul recent ne-a pus \u00een fa\u0163a unor efecte secundare ale acestei vechi predilec\u0163ii: excesul de imagine, pierderea contactului cu semnifica\u0163ia real\u0103, vital\u0103 a conceptelor etc. Volumul de fa\u0163\u0103 trateaz\u0103 aceste probleme adesea cu ironie, nostalgic uneori, asum\u00e2nd o anume libertate fa\u0163\u0103 cu stilul pur academic\u201d. (Autorul)<\/p>\n","protected":false},"excerpt":{"rendered":"<p>Google Books&nbsp; \u201ePentru o paradigm\u0103 antiaerian\u0103 este o lucrare de filosofie a culturii. Cuv\u00e2ntul \u00ab paradigm\u0103 \u00bb se refer\u0103 at\u00e2t la cea retoric\u0103 (av\u00e2nd \u00een\u0163elesul de discurs-model spre uzul celor ce studiaz\u0103 arta vorbirii), c\u00e2t \u015fi la cea cultural\u0103 (ca structur\u0103 ce ordoneaz\u0103 mentalul, crea\u0163ia, ariile de interes, valorile, temerile, aspira\u0163iile unei epoci). Cartea examineaz\u0103 [&hellip;]<\/p>\n","protected":false},"featured_media":27924,"comment_status":"open","ping_status":"closed","template":"","meta":[],"product_brand":[],"product_cat":[1531,2554,991,994],"product_tag":[1913,921,3600,2091,1193],"class_list":{"0":"post-27923","1":"product","2":"type-product","3":"status-publish","4":"has-post-thumbnail","6":"product_cat-colectii","7":"product_cat-istoria-filosofiei","8":"product_cat-stiinte-sociale","9":"product_cat-filosofie","10":"product_tag-filosofia-culturii","11":"product_tag-filosofie","12":"product_tag-paradigma","13":"product_tag-retorica","14":"product_tag-semiotica","16":"first","17":"instock","18":"shipping-taxable","19":"purchasable","20":"product-type-simple"},"_links":{"self":[{"href":"https:\/\/editura-unibuc.ro\/en\/wp-json\/wp\/v2\/product\/27923","targetHints":{"allow":["GET"]}}],"collection":[{"href":"https:\/\/editura-unibuc.ro\/en\/wp-json\/wp\/v2\/product"}],"about":[{"href":"https:\/\/editura-unibuc.ro\/en\/wp-json\/wp\/v2\/types\/product"}],"replies":[{"embeddable":true,"href":"https:\/\/editura-unibuc.ro\/en\/wp-json\/wp\/v2\/comments?post=27923"}],"wp:featuredmedia":[{"embeddable":true,"href":"https:\/\/editura-unibuc.ro\/en\/wp-json\/wp\/v2\/media\/27924"}],"wp:attachment":[{"href":"https:\/\/editura-unibuc.ro\/en\/wp-json\/wp\/v2\/media?parent=27923"}],"wp:term":[{"taxonomy":"product_brand","embeddable":true,"href":"https:\/\/editura-unibuc.ro\/en\/wp-json\/wp\/v2\/product_brand?post=27923"},{"taxonomy":"product_cat","embeddable":true,"href":"https:\/\/editura-unibuc.ro\/en\/wp-json\/wp\/v2\/product_cat?post=27923"},{"taxonomy":"product_tag","embeddable":true,"href":"https:\/\/editura-unibuc.ro\/en\/wp-json\/wp\/v2\/product_tag?post=27923"}],"curies":[{"name":"wp","href":"https:\/\/api.w.org\/{rel}","templated":true}]}}