{"id":2795,"date":"2012-10-04T12:05:49","date_gmt":"2012-10-04T09:05:49","guid":{"rendered":"https:\/\/editura-unibuc.ro\/?p=2795"},"modified":"2015-03-13T18:39:21","modified_gmt":"2015-03-13T16:39:21","slug":"limba-ceha-pentru-avansati-texte-comentarii-gramatica-vol-i","status":"publish","type":"product","link":"https:\/\/editura-unibuc.ro\/en\/limba-ceha-pentru-avansati-texte-comentarii-gramatica-vol-i\/","title":{"rendered":"ADVANCED CZECH. TEXTS, COMMENTARIES, GRAMMAR \u2013 VOL.I"},"content":{"rendered":"<p>Profesorul de limba \u0219i literatura ceh\u0103 de la Universitatea din Bucure\u0219ti, Sorin Paliga, aduce \u00een aten\u021bia celor interesa\u021bi primul volum, dintr-o serie de trei, cuprinz\u00e2nd texte, comentarii \u0219i elemente de gramatic\u0103 din limba ceh\u0103. \u201dAcesta este primul volum, din trei avute \u00een vedere, care \u00eei va conduce pe studen\u021bi spre elementele de baz\u0103 \u0219i spre momentele istorice esen\u021biale ale civiliza\u021biei cehilor \u00een context european. Primul volum cuprinde texte despre perioade istorice, din preistorie p\u00e2n\u0103 la perioada primului rege Jagellon. Volumul al doilea va continua cu perioada cuprins\u0103 \u00eentre secolele 16 \u0219i 19, iar ultimul volum va fi dedicat secolului 20\u201d, noteaz\u0103 autorul \u00een Introducere.<\/p>","protected":false},"excerpt":{"rendered":"<p>Profesorul de limba \u0219i literatura ceh\u0103 de la Universitatea din Bucure\u0219ti, Sorin Paliga, aduce \u00een aten\u021bia celor interesa\u021bi primul volum, dintr-o serie de trei, cuprinz\u00e2nd texte, comentarii \u0219i elemente de gramatic\u0103 din limba ceh\u0103. \u201dAcesta este primul volum, din trei avute \u00een vedere, care \u00eei va conduce pe studen\u021bi spre elementele de baz\u0103 \u0219i spre [&hellip;]<\/p>\n","protected":false},"featured_media":0,"comment_status":"open","ping_status":"closed","template":"","meta":[],"product_brand":[],"product_cat":[1464,981],"product_tag":[1265],"class_list":{"0":"post-2795","1":"product","2":"type-product","3":"status-publish","5":"product_cat-filologie","6":"product_cat-limbi-slave","7":"product_tag-ceha","9":"first","10":"instock","11":"shipping-taxable","12":"purchasable","13":"product-type-simple"},"_links":{"self":[{"href":"https:\/\/editura-unibuc.ro\/en\/wp-json\/wp\/v2\/product\/2795","targetHints":{"allow":["GET"]}}],"collection":[{"href":"https:\/\/editura-unibuc.ro\/en\/wp-json\/wp\/v2\/product"}],"about":[{"href":"https:\/\/editura-unibuc.ro\/en\/wp-json\/wp\/v2\/types\/product"}],"replies":[{"embeddable":true,"href":"https:\/\/editura-unibuc.ro\/en\/wp-json\/wp\/v2\/comments?post=2795"}],"wp:attachment":[{"href":"https:\/\/editura-unibuc.ro\/en\/wp-json\/wp\/v2\/media?parent=2795"}],"wp:term":[{"taxonomy":"product_brand","embeddable":true,"href":"https:\/\/editura-unibuc.ro\/en\/wp-json\/wp\/v2\/product_brand?post=2795"},{"taxonomy":"product_cat","embeddable":true,"href":"https:\/\/editura-unibuc.ro\/en\/wp-json\/wp\/v2\/product_cat?post=2795"},{"taxonomy":"product_tag","embeddable":true,"href":"https:\/\/editura-unibuc.ro\/en\/wp-json\/wp\/v2\/product_tag?post=2795"}],"curies":[{"name":"wp","href":"https:\/\/api.w.org\/{rel}","templated":true}]}}