{"id":2801,"date":"2012-10-04T12:17:19","date_gmt":"2012-10-04T09:17:19","guid":{"rendered":"https:\/\/editura-unibuc.ro\/?p=2801"},"modified":"2015-03-13T18:38:32","modified_gmt":"2015-03-13T16:38:32","slug":"nivelurile-a1-a2-b1-b2-de-competenta-lingvistica-limbile-slave-bulgara-ceha-croata-polona-sarba-slovaca-ucraineana","status":"publish","type":"product","link":"https:\/\/editura-unibuc.ro\/en\/nivelurile-a1-a2-b1-b2-de-competenta-lingvistica-limbile-slave-bulgara-ceha-croata-polona-sarba-slovaca-ucraineana\/","title":{"rendered":"LINGUISTIC PROFICIENCY LEVELS A1-A2, B1-B2 \u2013 Slavonic languages: Bulgarian, Czech, Croatian, Polish, Serbian, Slovakian, Ukrainian"},"content":{"rendered":"<p>Prezenta lucrare vine \u00een \u00eent\u00e2mpinarea nevoilor reale ale studen\u021bilor, ale tuturor celor interesa\u021bi de \u00eenv\u0103\u021barea temeininc\u0103 a limbilor bulgar\u0103, ceh\u0103, croat\u0103, polon\u0103, s\u00e2rb\u0103, slovac\u0103, ucrainean\u0103, \u00een vederea ob\u021binerii unui certificat de competen\u021b\u0103\u00a0 lingvistic\u0103. Cu acest ghid, Catedra de Limbi\u00a0 \u0219i Literaturi slave a Universit\u0103\u021bii din Bucure\u0219ti face o prim\u0103\u00a0 \u00eencercare de a aduce la un numitor comun aspecte complexe referitoare la acumularea gradual\u0103 a competen\u021belor de comunicare lingvistic\u0103\u00a0 \u00een domeniul limbilor slave. \u00cendrumarul de fa\u021b\u0103\u00a0 prezint\u0103 pentru fiecare limb\u0103 slav\u0103 nivelurile de competen\u021b\u0103 lingvistic\u0103, precum \u0219i teste de evaluare pentru fiecare nivel \u00een parte.<\/p>\n","protected":false},"excerpt":{"rendered":"<p>Prezenta lucrare vine \u00een \u00eent\u00e2mpinarea nevoilor reale ale studen\u021bilor, ale tuturor celor interesa\u021bi de \u00eenv\u0103\u021barea temeininc\u0103 a limbilor bulgar\u0103, ceh\u0103, croat\u0103, polon\u0103, s\u00e2rb\u0103, slovac\u0103, ucrainean\u0103, \u00een vederea ob\u021binerii unui certificat de competen\u021b\u0103\u00a0 lingvistic\u0103. Cu acest ghid, Catedra de Limbi\u00a0 \u0219i Literaturi slave a Universit\u0103\u021bii din Bucure\u0219ti face o prim\u0103\u00a0 \u00eencercare de a aduce la un [&hellip;]<\/p>\n","protected":false},"featured_media":10411,"comment_status":"open","ping_status":"closed","template":"","meta":[],"product_brand":[],"product_cat":[1464,981],"product_tag":[922],"class_list":{"0":"post-2801","1":"product","2":"type-product","3":"status-publish","4":"has-post-thumbnail","6":"product_cat-filologie","7":"product_cat-limbi-slave","8":"product_tag-slave","10":"first","11":"instock","12":"shipping-taxable","13":"purchasable","14":"product-type-simple"},"_links":{"self":[{"href":"https:\/\/editura-unibuc.ro\/en\/wp-json\/wp\/v2\/product\/2801","targetHints":{"allow":["GET"]}}],"collection":[{"href":"https:\/\/editura-unibuc.ro\/en\/wp-json\/wp\/v2\/product"}],"about":[{"href":"https:\/\/editura-unibuc.ro\/en\/wp-json\/wp\/v2\/types\/product"}],"replies":[{"embeddable":true,"href":"https:\/\/editura-unibuc.ro\/en\/wp-json\/wp\/v2\/comments?post=2801"}],"wp:featuredmedia":[{"embeddable":true,"href":"https:\/\/editura-unibuc.ro\/en\/wp-json\/wp\/v2\/media\/10411"}],"wp:attachment":[{"href":"https:\/\/editura-unibuc.ro\/en\/wp-json\/wp\/v2\/media?parent=2801"}],"wp:term":[{"taxonomy":"product_brand","embeddable":true,"href":"https:\/\/editura-unibuc.ro\/en\/wp-json\/wp\/v2\/product_brand?post=2801"},{"taxonomy":"product_cat","embeddable":true,"href":"https:\/\/editura-unibuc.ro\/en\/wp-json\/wp\/v2\/product_cat?post=2801"},{"taxonomy":"product_tag","embeddable":true,"href":"https:\/\/editura-unibuc.ro\/en\/wp-json\/wp\/v2\/product_tag?post=2801"}],"curies":[{"name":"wp","href":"https:\/\/api.w.org\/{rel}","templated":true}]}}