{"id":2815,"date":"2012-10-04T14:13:24","date_gmt":"2012-10-04T11:13:24","guid":{"rendered":"https:\/\/editura-unibuc.ro\/?p=2815"},"modified":"2025-08-07T11:22:29","modified_gmt":"2025-08-07T08:22:29","slug":"spatiul-imaginar-in-poemele-cavaleresti-italiene-analiza-de-caz-orlando-furioso","status":"publish","type":"product","link":"https:\/\/editura-unibuc.ro\/en\/spatiul-imaginar-in-poemele-cavaleresti-italiene-analiza-de-caz-orlando-furioso\/","title":{"rendered":"IMAGINARY SPACE IN ITALIAN GALLANT POEMS. CASE ANALYSIS: ORLANDO FURIOSO"},"content":{"rendered":"<p>Volumul de fa\u021b\u0103 se situeaz\u0103 pe orbita studiilor actuale asupra literaturii Rena\u0219terii, a c\u0103ror orientare se datoreaz\u0103 amploarei dob\u00e2ndite \u00een ultimele decenii de istoria cultural\u0103 \u0219i de cercet\u0103rile cu privire la imaginarul secolului al XVI-lea. Reprezent\u0103rile spa\u021biale din poemul cavaleresc Orlando furioso de Ludovico Ariosto sunt plasate \u00een contextul cultural al Rena\u0219terii, eviden\u021biindu-se prezen\u021ba \u00een aceast\u0103 oper\u0103 de fic\u021biune a unor teme din zona reflec\u021biei moral-politice \u0219i chiar a unor modalit\u0103\u021bi narative specifice unor texte de factur\u0103 diferit\u0103, precum relat\u0103rile de c\u0103l\u0103torie. Schi\u021b\u00e2nd o posibil\u0103 hart\u0103 mental\u0103 \u00een poemul s\u0103u, Ariosto trateaz\u0103 \u00een acela\u0219i timp o serie de subiecte din dezbaterea contemporan\u0103, at\u00e2t de natur\u0103 politic\u0103 (principele ideal \u0219i calit\u0103\u021bile sale, tiranul, curtea, utopia), c\u00e2t \u0219i identitar\u0103 (atitudinea Europei vizavi de Lumea Nou\u0103, imaginarul cu privire la Orient, alteritatea sarazin\u0103).<\/p>","protected":false},"excerpt":{"rendered":"<p>Volumul de fa\u021b\u0103 se situeaz\u0103 pe orbita studiilor actuale asupra literaturii Rena\u0219terii, a c\u0103ror orientare se datoreaz\u0103 amploarei dob\u00e2ndite \u00een ultimele decenii de istoria cultural\u0103 \u0219i de cercet\u0103rile cu privire la imaginarul secolului al XVI-lea. Reprezent\u0103rile spa\u021biale din poemul cavaleresc Orlando furioso de Ludovico Ariosto sunt plasate \u00een contextul cultural al Rena\u0219terii, eviden\u021biindu-se prezen\u021ba \u00een [&hellip;]<\/p>\n","protected":false},"featured_media":0,"comment_status":"open","ping_status":"closed","template":"","meta":[],"product_brand":[],"product_cat":[1464,980],"product_tag":[924,919],"class_list":{"0":"post-2815","1":"product","2":"type-product","3":"status-publish","5":"product_cat-filologie","6":"product_cat-limbi-romanice-clasice-si-orientale","7":"product_tag-italiana","8":"product_tag-literatura","10":"first","11":"instock","12":"shipping-taxable","13":"purchasable","14":"product-type-simple"},"_links":{"self":[{"href":"https:\/\/editura-unibuc.ro\/en\/wp-json\/wp\/v2\/product\/2815","targetHints":{"allow":["GET"]}}],"collection":[{"href":"https:\/\/editura-unibuc.ro\/en\/wp-json\/wp\/v2\/product"}],"about":[{"href":"https:\/\/editura-unibuc.ro\/en\/wp-json\/wp\/v2\/types\/product"}],"replies":[{"embeddable":true,"href":"https:\/\/editura-unibuc.ro\/en\/wp-json\/wp\/v2\/comments?post=2815"}],"wp:attachment":[{"href":"https:\/\/editura-unibuc.ro\/en\/wp-json\/wp\/v2\/media?parent=2815"}],"wp:term":[{"taxonomy":"product_brand","embeddable":true,"href":"https:\/\/editura-unibuc.ro\/en\/wp-json\/wp\/v2\/product_brand?post=2815"},{"taxonomy":"product_cat","embeddable":true,"href":"https:\/\/editura-unibuc.ro\/en\/wp-json\/wp\/v2\/product_cat?post=2815"},{"taxonomy":"product_tag","embeddable":true,"href":"https:\/\/editura-unibuc.ro\/en\/wp-json\/wp\/v2\/product_tag?post=2815"}],"curies":[{"name":"wp","href":"https:\/\/api.w.org\/{rel}","templated":true}]}}