{"id":28243,"date":"2020-10-07T21:46:56","date_gmt":"2020-10-07T18:46:56","guid":{"rendered":"https:\/\/editura-unibuc.ro\/?post_type=product&#038;p=28243"},"modified":"2025-05-13T10:42:25","modified_gmt":"2025-05-13T07:42:25","slug":"the-governance-of-the-corporation-a-century-of-shareholder-capitalism","status":"publish","type":"product","link":"https:\/\/editura-unibuc.ro\/en\/the-governance-of-the-corporation-a-century-of-shareholder-capitalism\/","title":{"rendered":"THE GOVERNANCE OF THE CORPORATION: A CENTURY OF SHAREHOLDER CAPITALISM"},"content":{"rendered":"<hr \/>\n<p><strong><a href=\"https:\/\/books.google.ro\/books\/about?id=k4ZDEAAAQBAJ&#038;redir_esc=y\" target=\"_blank\" rel=\"noopener\"><img decoding=\"async\" src=\"https:\/\/editura-unibuc.ro\/wp-content\/uploads\/2025\/04\/goo.png\" \/>Google Books<\/a><\/strong><br \/>&nbsp;<\/p>\n<hr \/>\n<p>This book traces the characteristics and evolution of corporate governance in recent times from a very holistic perspective. It does not claim to offer solutions for making decisions or adopting corporate governance policies. As such, it is intended for an audience with a broad interest in political economy, corporate governance, philosophy, sociology, history, and cultural studies. This book relies on sound scholarly research and acccurate information, but it also tries to engage and entertain the reader.<br \/>\nC\u0103lin V\u00e2lsan este profesor titular de Finan\u021be \u00een cadrul Williams School of Business la Bishop\u2019s University \u00een Canada \u0219i profesor colaborator al Universit\u0103\u021bii din Bucure\u0219ti. El este absolvent al Facult\u0103\u021bii de Comer\u021b din cadrul Academiei de Studii Economice din Bucure\u0219ti \u0219i a ob\u021binut titlul de doctor \u00een Finan\u021be la Virginia Polytechnic Institute &#038; State University \u00een SUA. \u00cen decursul carierei sale academice, C\u0103lin V\u00e2lsan a publicat lucr\u0103ri \u0219tiin\u021bifice \u0219i c\u0103r\u021bi \u00een domeniile: finan\u021belor corporatiste, guvernan\u021bei de \u00eentreprindere, economiei comportamentale, economiei politice \u0219i tranzi\u021biei la economia de pia\u021b\u0103.<\/p>\n","protected":false},"excerpt":{"rendered":"<p>Google Books&nbsp; This book traces the characteristics and evolution of corporate governance in recent times from a very holistic perspective. It does not claim to offer solutions for making decisions or adopting corporate governance policies. As such, it is intended for an audience with a broad interest in political economy, corporate governance, philosophy, sociology, history, [&hellip;]<\/p>\n","protected":false},"featured_media":28244,"comment_status":"open","ping_status":"closed","template":"","meta":[],"product_brand":[],"product_cat":[991,992],"product_tag":[3605,3229,3602,3603,3601,1945,3604,3606],"class_list":{"0":"post-28243","1":"product","2":"type-product","3":"status-publish","4":"has-post-thumbnail","6":"product_cat-stiinte-sociale","7":"product_cat-administratie-si-afaceri","8":"product_tag-capital","9":"product_tag-capitalism","10":"product_tag-corporations","11":"product_tag-corprate","12":"product_tag-economics","13":"product_tag-economy","14":"product_tag-money","15":"product_tag-shareholder","17":"first","18":"instock","19":"shipping-taxable","20":"purchasable","21":"product-type-simple"},"_links":{"self":[{"href":"https:\/\/editura-unibuc.ro\/en\/wp-json\/wp\/v2\/product\/28243","targetHints":{"allow":["GET"]}}],"collection":[{"href":"https:\/\/editura-unibuc.ro\/en\/wp-json\/wp\/v2\/product"}],"about":[{"href":"https:\/\/editura-unibuc.ro\/en\/wp-json\/wp\/v2\/types\/product"}],"replies":[{"embeddable":true,"href":"https:\/\/editura-unibuc.ro\/en\/wp-json\/wp\/v2\/comments?post=28243"}],"wp:featuredmedia":[{"embeddable":true,"href":"https:\/\/editura-unibuc.ro\/en\/wp-json\/wp\/v2\/media\/28244"}],"wp:attachment":[{"href":"https:\/\/editura-unibuc.ro\/en\/wp-json\/wp\/v2\/media?parent=28243"}],"wp:term":[{"taxonomy":"product_brand","embeddable":true,"href":"https:\/\/editura-unibuc.ro\/en\/wp-json\/wp\/v2\/product_brand?post=28243"},{"taxonomy":"product_cat","embeddable":true,"href":"https:\/\/editura-unibuc.ro\/en\/wp-json\/wp\/v2\/product_cat?post=28243"},{"taxonomy":"product_tag","embeddable":true,"href":"https:\/\/editura-unibuc.ro\/en\/wp-json\/wp\/v2\/product_tag?post=28243"}],"curies":[{"name":"wp","href":"https:\/\/api.w.org\/{rel}","templated":true}]}}