{"id":28299,"date":"2020-10-09T13:44:34","date_gmt":"2020-10-09T10:44:34","guid":{"rendered":"https:\/\/editura-unibuc.ro\/?post_type=product&#038;p=28299"},"modified":"2025-05-13T09:10:56","modified_gmt":"2025-05-13T06:10:56","slug":"relatiile-romano-ruse-sovietice-din-secolul-al-xix-lea-pana-in-prezent","status":"publish","type":"product","link":"https:\/\/editura-unibuc.ro\/en\/relatiile-romano-ruse-sovietice-din-secolul-al-xix-lea-pana-in-prezent\/","title":{"rendered":"RELA\u021aIILE ROM\u00c2NO-RUSE\/SOVIETICE DIN SECOLUL AL XIX-LEA P\u00c2N\u0102 \u00ceN PREZENT"},"content":{"rendered":"<hr \/>\n<p><strong><a href=\"https:\/\/books.google.ro\/books\/about?id=939OEAAAQBAJ&#038;redir_esc=y\" target=\"_blank\" rel=\"noopener\"><img decoding=\"async\" src=\"https:\/\/editura-unibuc.ro\/wp-content\/uploads\/2025\/04\/goo.png\" \/>Google Books<\/a><\/strong><br \/>&nbsp;<\/p>\n<hr \/>\n<p>\u201eVolumul de fa\u021b\u0103 reune\u0219te contribu\u021bii ale unor prestigio\u0219i istorici, lingvi\u0219ti \u0219i diploma\u021bi din Rom\u00e2nia, Republica Moldova \u0219i Federa\u021bia Rus\u0103, pe o tematic\u0103 legat\u0103 de rela\u021bia bilateral\u0103 dintre Rom\u00e2nia \u0219i Imperiul \u021aarist\/URSS\/Federa\u021bia Rus\u0103, precum \u0219i civiliza\u021bia din spa\u021biul rus\/sovietic.\u201d <\/p>\n","protected":false},"excerpt":{"rendered":"<p>Google Books&nbsp; \u201eVolumul de fa\u021b\u0103 reune\u0219te contribu\u021bii ale unor prestigio\u0219i istorici, lingvi\u0219ti \u0219i diploma\u021bi din Rom\u00e2nia, Republica Moldova \u0219i Federa\u021bia Rus\u0103, pe o tematic\u0103 legat\u0103 de rela\u021bia bilateral\u0103 dintre Rom\u00e2nia \u0219i Imperiul \u021aarist\/URSS\/Federa\u021bia Rus\u0103, precum \u0219i civiliza\u021bia din spa\u021biul rus\/sovietic.\u201d<\/p>\n","protected":false},"featured_media":28300,"comment_status":"open","ping_status":"closed","template":"","meta":[],"product_brand":[],"product_cat":[1531,2653,1464,981],"product_tag":[3608,3609,930,1729,3607],"class_list":{"0":"post-28299","1":"product","2":"type-product","3":"status-publish","4":"has-post-thumbnail","6":"product_cat-colectii","7":"product_cat-biblioteca-de-slavistica","8":"product_cat-filologie","9":"product_cat-limbi-slave","10":"product_tag-imperiul-rus","11":"product_tag-imperiul-tarist","12":"product_tag-romania","13":"product_tag-rusia","14":"product_tag-sud-estul-europei","16":"first","17":"instock","18":"shipping-taxable","19":"purchasable","20":"product-type-simple"},"_links":{"self":[{"href":"https:\/\/editura-unibuc.ro\/en\/wp-json\/wp\/v2\/product\/28299","targetHints":{"allow":["GET"]}}],"collection":[{"href":"https:\/\/editura-unibuc.ro\/en\/wp-json\/wp\/v2\/product"}],"about":[{"href":"https:\/\/editura-unibuc.ro\/en\/wp-json\/wp\/v2\/types\/product"}],"replies":[{"embeddable":true,"href":"https:\/\/editura-unibuc.ro\/en\/wp-json\/wp\/v2\/comments?post=28299"}],"wp:featuredmedia":[{"embeddable":true,"href":"https:\/\/editura-unibuc.ro\/en\/wp-json\/wp\/v2\/media\/28300"}],"wp:attachment":[{"href":"https:\/\/editura-unibuc.ro\/en\/wp-json\/wp\/v2\/media?parent=28299"}],"wp:term":[{"taxonomy":"product_brand","embeddable":true,"href":"https:\/\/editura-unibuc.ro\/en\/wp-json\/wp\/v2\/product_brand?post=28299"},{"taxonomy":"product_cat","embeddable":true,"href":"https:\/\/editura-unibuc.ro\/en\/wp-json\/wp\/v2\/product_cat?post=28299"},{"taxonomy":"product_tag","embeddable":true,"href":"https:\/\/editura-unibuc.ro\/en\/wp-json\/wp\/v2\/product_tag?post=28299"}],"curies":[{"name":"wp","href":"https:\/\/api.w.org\/{rel}","templated":true}]}}