{"id":28540,"date":"2020-10-20T15:26:10","date_gmt":"2020-10-20T12:26:10","guid":{"rendered":"https:\/\/editura-unibuc.ro\/?post_type=product&#038;p=28540"},"modified":"2025-03-13T12:07:19","modified_gmt":"2025-03-13T10:07:19","slug":"romanoslavica-vol-lv-nr-1","status":"publish","type":"product","link":"https:\/\/editura-unibuc.ro\/en\/romanoslavica-vol-lv-nr-1\/","title":{"rendered":"Romanoslavica Vol. LV Nr. 1"},"content":{"rendered":"<p>Revista apare sub egida Universit\u0103\u021bii din Bucure\u015fti, Facultatea de limbi \u015fi literaturi str\u0103ine, Departamentul de filologie rus\u0103 \u015fi slav\u0103.<\/p>\n","protected":false},"excerpt":{"rendered":"<p>Revista apare sub egida Universit\u0103\u021bii din Bucure\u015fti, Facultatea de limbi \u015fi literaturi str\u0103ine, Departamentul de filologie rus\u0103 \u015fi slav\u0103.<\/p>\n","protected":false},"featured_media":28541,"comment_status":"open","ping_status":"closed","template":"","meta":[],"product_brand":[],"product_cat":[3823,1891,1464,981,1469],"product_tag":[2324,1338],"class_list":{"0":"post-28540","1":"product","2":"type-product","3":"status-publish","4":"has-post-thumbnail","6":"product_cat-stiinte-umane","7":"product_cat-download","8":"product_cat-filologie","9":"product_cat-limbi-slave","10":"product_cat-periodice","11":"product_tag-asociatia-slavistilor-din-romania","12":"product_tag-romanoslavica","14":"first","15":"instock","16":"downloadable","17":"virtual","18":"product-type-simple"},"_links":{"self":[{"href":"https:\/\/editura-unibuc.ro\/en\/wp-json\/wp\/v2\/product\/28540","targetHints":{"allow":["GET"]}}],"collection":[{"href":"https:\/\/editura-unibuc.ro\/en\/wp-json\/wp\/v2\/product"}],"about":[{"href":"https:\/\/editura-unibuc.ro\/en\/wp-json\/wp\/v2\/types\/product"}],"replies":[{"embeddable":true,"href":"https:\/\/editura-unibuc.ro\/en\/wp-json\/wp\/v2\/comments?post=28540"}],"wp:featuredmedia":[{"embeddable":true,"href":"https:\/\/editura-unibuc.ro\/en\/wp-json\/wp\/v2\/media\/28541"}],"wp:attachment":[{"href":"https:\/\/editura-unibuc.ro\/en\/wp-json\/wp\/v2\/media?parent=28540"}],"wp:term":[{"taxonomy":"product_brand","embeddable":true,"href":"https:\/\/editura-unibuc.ro\/en\/wp-json\/wp\/v2\/product_brand?post=28540"},{"taxonomy":"product_cat","embeddable":true,"href":"https:\/\/editura-unibuc.ro\/en\/wp-json\/wp\/v2\/product_cat?post=28540"},{"taxonomy":"product_tag","embeddable":true,"href":"https:\/\/editura-unibuc.ro\/en\/wp-json\/wp\/v2\/product_tag?post=28540"}],"curies":[{"name":"wp","href":"https:\/\/api.w.org\/{rel}","templated":true}]}}