{"id":28550,"date":"2020-10-20T16:16:20","date_gmt":"2020-10-20T13:16:20","guid":{"rendered":"https:\/\/editura-unibuc.ro\/?post_type=product&#038;p=28550"},"modified":"2025-04-28T13:43:30","modified_gmt":"2025-04-28T10:43:30","slug":"asiaeurope-in-social-sciences-connections-representations-interpretations","status":"publish","type":"product","link":"https:\/\/editura-unibuc.ro\/en\/asiaeurope-in-social-sciences-connections-representations-interpretations\/","title":{"rendered":"ASIA&amp;EUROPE IN SOCIAL SCIENCES: CONNECTIONS, REPRESENTATIONS, INTERPRETATIONS"},"content":{"rendered":"<hr \/>\n<p><strong><a href=\"https:\/\/books.google.ro\/books\/about?id=-4JYEAAAQBAJ&#038;redir_esc=y\" target=\"_blank\" rel=\"noopener\"><img decoding=\"async\" src=\"https:\/\/editura-unibuc.ro\/wp-content\/uploads\/2025\/04\/goo.png\" \/>Google Books<\/a><\/strong><br \/>&nbsp;<\/p>\n<hr \/>\n<p>Aceast\u0103 lucrare pune fa\u021b\u0103-\u00een-fa\u021b\u0103 Europa \u0219i Asia, \u00een studii realizate de antropologi, coregrafi, filologi, istorici, lingvi\u0219ti, muzicologi \u0219i sociologi. Grani\u021bele sociale \u0219i culturale dintre cele dou\u0103 lumi at\u00e2t de dep\u0103rtate fizic sunt relevate de lucrare a fi extrem de sub\u021biri.<br \/>\nLucrarea abordeaz\u0103 at\u00e2t aspecte teoretice, c\u00e2t \u0219i practice: discut\u0103 despre leg\u0103tura dintre postcolonialism \u0219i postcomunism despre semnifica\u021bia cultural\u0103 a mirodeniilor, despre modernitatea \u00een artele vizuale, despre diseminarea culturii populare sud-coreene \u00een Rom\u00e2nia, despre lumea oriental\u0103 ca surs\u0103 de inspira\u021bie pentru compozitorii europeni, despre apari\u021bia mi\u0219c\u0103rilor feministe \u00een vestul Europei cu cele similare din Asia. Articolul despre rolul cultural \u0219i stereotipal al monumentelor coloniale este foarte instructiv in contextul mi\u0219c\u0103rilor sociale recente din SUA \u0219i Europa de Vest.<br \/>\nLucrarea se \u00eencheie cu o cercetare ce aduce \u00een discu\u021bie imaginarul unei c\u0103l\u0103torii \u00een India, a\u0219a cum este ea proiectat\u0103 de europeni.<\/p>\n","protected":false},"excerpt":{"rendered":"<p>Google Books&nbsp; Aceast\u0103 lucrare pune fa\u021b\u0103-\u00een-fa\u021b\u0103 Europa \u0219i Asia, \u00een studii realizate de antropologi, coregrafi, filologi, istorici, lingvi\u0219ti, muzicologi \u0219i sociologi. Grani\u021bele sociale \u0219i culturale dintre cele dou\u0103 lumi at\u00e2t de dep\u0103rtate fizic sunt relevate de lucrare a fi extrem de sub\u021biri. Lucrarea abordeaz\u0103 at\u00e2t aspecte teoretice, c\u00e2t \u0219i practice: discut\u0103 despre leg\u0103tura dintre postcolonialism [&hellip;]<\/p>\n","protected":false},"featured_media":28545,"comment_status":"open","ping_status":"closed","template":"","meta":[],"product_brand":[],"product_cat":[1531,3507,991,998],"product_tag":[1125,931,3611],"class_list":{"0":"post-28550","1":"product","2":"type-product","3":"status-publish","4":"has-post-thumbnail","6":"product_cat-colectii","7":"product_cat-sas-sociologie","8":"product_cat-stiinte-sociale","9":"product_cat-sociologie-si-asistenta-sociala","10":"product_tag-asia","11":"product_tag-europa","12":"product_tag-muzica-indiana","14":"first","15":"instock","16":"shipping-taxable","17":"purchasable","18":"product-type-simple"},"_links":{"self":[{"href":"https:\/\/editura-unibuc.ro\/en\/wp-json\/wp\/v2\/product\/28550","targetHints":{"allow":["GET"]}}],"collection":[{"href":"https:\/\/editura-unibuc.ro\/en\/wp-json\/wp\/v2\/product"}],"about":[{"href":"https:\/\/editura-unibuc.ro\/en\/wp-json\/wp\/v2\/types\/product"}],"replies":[{"embeddable":true,"href":"https:\/\/editura-unibuc.ro\/en\/wp-json\/wp\/v2\/comments?post=28550"}],"wp:featuredmedia":[{"embeddable":true,"href":"https:\/\/editura-unibuc.ro\/en\/wp-json\/wp\/v2\/media\/28545"}],"wp:attachment":[{"href":"https:\/\/editura-unibuc.ro\/en\/wp-json\/wp\/v2\/media?parent=28550"}],"wp:term":[{"taxonomy":"product_brand","embeddable":true,"href":"https:\/\/editura-unibuc.ro\/en\/wp-json\/wp\/v2\/product_brand?post=28550"},{"taxonomy":"product_cat","embeddable":true,"href":"https:\/\/editura-unibuc.ro\/en\/wp-json\/wp\/v2\/product_cat?post=28550"},{"taxonomy":"product_tag","embeddable":true,"href":"https:\/\/editura-unibuc.ro\/en\/wp-json\/wp\/v2\/product_tag?post=28550"}],"curies":[{"name":"wp","href":"https:\/\/api.w.org\/{rel}","templated":true}]}}