{"id":28554,"date":"2020-10-20T16:24:22","date_gmt":"2020-10-20T13:24:22","guid":{"rendered":"https:\/\/editura-unibuc.ro\/?post_type=product&#038;p=28554"},"modified":"2025-11-12T08:44:32","modified_gmt":"2025-11-12T06:44:32","slug":"romana-ca-limba-straina-corpus","status":"publish","type":"product","link":"https:\/\/editura-unibuc.ro\/en\/romana-ca-limba-straina-corpus\/","title":{"rendered":"ROM\u00c2NA CA LIMB\u0102 STR\u0102IN\u0102. CORPUS"},"content":{"rendered":"<p><\/p>\n<hr \/>\n<p><strong><a href=\"https:\/\/books.google.ro\/books\/about?id=uqRCEAAAQBAJ&amp;redir_esc=y\" target=\"_blank\" rel=\"noopener\"><img decoding=\"async\" src=\"https:\/\/editura-unibuc.ro\/wp-content\/uploads\/2025\/04\/goo.png\" \/>Google Books<\/a><\/strong><br \/>&nbsp;<\/p>\n<hr \/>\n<p>Volumul include un corpus de texte autentice de rom\u00e2n\u0103 ca limb\u0103 str\u0103in\u0103 (RLS), produse de vorbitori non-nativi, \u00een cadrul programului Anului Preg\u0103titor al Universit\u0103\u021bii din Bucure\u0219ti: texte scrise \u0219i transcrieri ale unor interac\u021biuni directe controlate sau (semi)libere.<\/p>","protected":false},"excerpt":{"rendered":"<p>Google Books&nbsp; Volumul include un corpus de texte autentice de rom\u00e2n\u0103 ca limb\u0103 str\u0103in\u0103 (RLS), produse de vorbitori non-nativi, \u00een cadrul programului Anului Preg\u0103titor al Universit\u0103\u021bii din Bucure\u0219ti: texte scrise \u0219i transcrieri ale unor interac\u021biuni directe controlate sau (semi)libere.<\/p>\n","protected":false},"featured_media":28548,"comment_status":"open","ping_status":"closed","template":"","meta":[],"product_brand":[],"product_cat":[1531,2756,1464,979],"product_tag":[],"class_list":{"0":"post-28554","1":"product","2":"type-product","3":"status-publish","4":"has-post-thumbnail","6":"product_cat-colectii","7":"product_cat-lingvistica-lingua","8":"product_cat-filologie","9":"product_cat-limba-romana","11":"first","12":"outofstock","13":"shipping-taxable","14":"purchasable","15":"product-type-simple"},"_links":{"self":[{"href":"https:\/\/editura-unibuc.ro\/en\/wp-json\/wp\/v2\/product\/28554","targetHints":{"allow":["GET"]}}],"collection":[{"href":"https:\/\/editura-unibuc.ro\/en\/wp-json\/wp\/v2\/product"}],"about":[{"href":"https:\/\/editura-unibuc.ro\/en\/wp-json\/wp\/v2\/types\/product"}],"replies":[{"embeddable":true,"href":"https:\/\/editura-unibuc.ro\/en\/wp-json\/wp\/v2\/comments?post=28554"}],"wp:featuredmedia":[{"embeddable":true,"href":"https:\/\/editura-unibuc.ro\/en\/wp-json\/wp\/v2\/media\/28548"}],"wp:attachment":[{"href":"https:\/\/editura-unibuc.ro\/en\/wp-json\/wp\/v2\/media?parent=28554"}],"wp:term":[{"taxonomy":"product_brand","embeddable":true,"href":"https:\/\/editura-unibuc.ro\/en\/wp-json\/wp\/v2\/product_brand?post=28554"},{"taxonomy":"product_cat","embeddable":true,"href":"https:\/\/editura-unibuc.ro\/en\/wp-json\/wp\/v2\/product_cat?post=28554"},{"taxonomy":"product_tag","embeddable":true,"href":"https:\/\/editura-unibuc.ro\/en\/wp-json\/wp\/v2\/product_tag?post=28554"}],"curies":[{"name":"wp","href":"https:\/\/api.w.org\/{rel}","templated":true}]}}