{"id":2863,"date":"2012-10-09T11:38:04","date_gmt":"2012-10-09T08:38:04","guid":{"rendered":"https:\/\/editura-unibuc.ro\/?p=2863"},"modified":"2024-02-09T08:41:12","modified_gmt":"2024-02-09T06:41:12","slug":"texte-si-contexte-incursiuni-critice-in-literatura-polona","status":"publish","type":"product","link":"https:\/\/editura-unibuc.ro\/en\/texte-si-contexte-incursiuni-critice-in-literatura-polona\/","title":{"rendered":"TEXTS AND CONTEXTS. CRITICAL INQUIRY IN POLISH LITERATURE"},"content":{"rendered":"<p>Constantin Geamba\u0219u este profesor universitar, doctor \u00een \u0219tiin\u021be filologice, Facultatea de Limbi \u0219i Literaturi Str\u0103ine, Universitatea din Bucure\u0219ti, \u0219eful Catedrei de Limbi \u0219i Literaturi Slave, pre\u0219edintele Asocia\u021biei Slavi\u0219tilor din Rom\u00e2nia, vicepre\u0219edinte al Societ\u0103\u021bii Interna\u021bionale a Poloni\u0219tilor \u201cBristol\u201d, membru al Uniunii Scriitorilor (sec\u021bia traduc\u0103tori). Cursuri \u0219i domenii de interes: Literatur\u0103 polon\u0103 (secolele XIX-XX), cultur\u0103 \u0219i civiliza\u021bie polon\u0103, literatur\u0103 comparat\u0103, imagologie \u0219i mentalit\u0103\u021bi slave, teoria \u0219i practica traducerii, stilistic\u0103 func\u021bional\u0103. Volume publicate: Maria Dabrowska \u2013 Proza interbelic\u0103 (1996), Ipostaze lirice \u0219i narative (1999), Scriitori polonezi (sec. XX), 2002, Cultur\u0103 \u0219i civiliza\u021bie polon\u0103. Secolele X-XVII, 2005. Volumul de fa\u021b\u0103 reune\u0219te studii \u0219i analize literare, referitoare la opere apar\u021bin\u00e2nd unor perioade diferite, \u00eencep\u00e2nd cu Lamenta\u021biile poetului renascentist J. Kochanowski, continu\u00e2nd cu Nunta simbolistului S. Wyspia\u0144ski \u0219i \u00eencheind cu eseurile postmoderne, C\u0103l\u0103torind spre Babadag, ale prozatorului contemporan A. Stasiuk. Toate aceste medalioane critice relev\u0103 o metodologie variat\u0103 de abordare a textului literar, urm\u0103rind teme \u0219i idei care s-au impus \u00een ultimii ani \u00een aten\u021bia criticii: intertextualitatea, interculturalitatea, mitologizarea \u0219i demitologizarea, imagologia (rela\u021bia dintre identitate \u0219i alteritate), modernitatea \u0219i postmodernitatea literar\u0103.<\/p>","protected":false},"excerpt":{"rendered":"<p>Constantin Geamba\u0219u este profesor universitar, doctor \u00een \u0219tiin\u021be filologice, Facultatea de Limbi \u0219i Literaturi Str\u0103ine, Universitatea din Bucure\u0219ti, \u0219eful Catedrei de Limbi \u0219i Literaturi Slave, pre\u0219edintele Asocia\u021biei Slavi\u0219tilor din Rom\u00e2nia, vicepre\u0219edinte al Societ\u0103\u021bii Interna\u021bionale a Poloni\u0219tilor \u201cBristol\u201d, membru al Uniunii Scriitorilor (sec\u021bia traduc\u0103tori). Cursuri \u0219i domenii de interes: Literatur\u0103 polon\u0103 (secolele XIX-XX), cultur\u0103 \u0219i civiliza\u021bie [&hellip;]<\/p>\n","protected":false},"featured_media":10398,"comment_status":"open","ping_status":"closed","template":"","meta":[],"product_brand":[],"product_cat":[1464,981],"product_tag":[1301],"class_list":{"0":"post-2863","1":"product","2":"type-product","3":"status-publish","4":"has-post-thumbnail","6":"product_cat-filologie","7":"product_cat-limbi-slave","8":"product_tag-poloneza","10":"first","11":"outofstock","12":"shipping-taxable","13":"purchasable","14":"product-type-simple"},"_links":{"self":[{"href":"https:\/\/editura-unibuc.ro\/en\/wp-json\/wp\/v2\/product\/2863","targetHints":{"allow":["GET"]}}],"collection":[{"href":"https:\/\/editura-unibuc.ro\/en\/wp-json\/wp\/v2\/product"}],"about":[{"href":"https:\/\/editura-unibuc.ro\/en\/wp-json\/wp\/v2\/types\/product"}],"replies":[{"embeddable":true,"href":"https:\/\/editura-unibuc.ro\/en\/wp-json\/wp\/v2\/comments?post=2863"}],"wp:featuredmedia":[{"embeddable":true,"href":"https:\/\/editura-unibuc.ro\/en\/wp-json\/wp\/v2\/media\/10398"}],"wp:attachment":[{"href":"https:\/\/editura-unibuc.ro\/en\/wp-json\/wp\/v2\/media?parent=2863"}],"wp:term":[{"taxonomy":"product_brand","embeddable":true,"href":"https:\/\/editura-unibuc.ro\/en\/wp-json\/wp\/v2\/product_brand?post=2863"},{"taxonomy":"product_cat","embeddable":true,"href":"https:\/\/editura-unibuc.ro\/en\/wp-json\/wp\/v2\/product_cat?post=2863"},{"taxonomy":"product_tag","embeddable":true,"href":"https:\/\/editura-unibuc.ro\/en\/wp-json\/wp\/v2\/product_tag?post=2863"}],"curies":[{"name":"wp","href":"https:\/\/api.w.org\/{rel}","templated":true}]}}