{"id":28655,"date":"2020-10-26T11:35:50","date_gmt":"2020-10-26T09:35:50","guid":{"rendered":"https:\/\/editura-unibuc.ro\/?post_type=product&#038;p=28655"},"modified":"2025-05-13T11:17:16","modified_gmt":"2025-05-13T08:17:16","slug":"utilizarea-noilor-tehnologii-in-consilierea-si-consultanta-de-tip-administrativ-in-invatamantul-la-distanta","status":"publish","type":"product","link":"https:\/\/editura-unibuc.ro\/en\/utilizarea-noilor-tehnologii-in-consilierea-si-consultanta-de-tip-administrativ-in-invatamantul-la-distanta\/","title":{"rendered":"UTILIZAREA NOILOR TEHNOLOGII \u00ceN CONSILIEREA \u0218I CONSULTAN\u021aA DE TIP ADMINISTRATIV \u00ceN \u00ceNV\u0102\u021a\u0102M\u00c2NTUL LA DISTAN\u021a\u0102"},"content":{"rendered":"<p><\/p>\n<hr \/>\n<p><strong><a href=\"https:\/\/books.google.ro\/books\/about?id=HN5bEAAAQBAJ&#038;redir_esc=y\" target=\"_blank\" rel=\"noopener\"><img decoding=\"async\" src=\"https:\/\/editura-unibuc.ro\/wp-content\/uploads\/2025\/04\/goo.png\" \/>Google Books<\/a><\/strong><br \/>&nbsp;<\/p>\n<hr \/>\n<p>Acest demers \u0219tiin\u021bific s-a n\u0103scut din dorin\u021ba  autoarei de a-\u0219i sintetiza experien\u021be acumulate pe parcursul celor peste 16 ani de activitate \u00een cadrul Departamentului ID al Universit\u0103\u021bii din Bucure\u0219ti \u0219i s-a desf\u0103\u0219urat pe parcursul a trei ani \u00een cadrul \u0219colii doctorale \u00een domeniul \u0218tiin\u021be ale Educa\u021biei din cadrul Facult\u0103\u021bii de Psihologie \u0219i \u0218tiin\u021bele Educa\u021biei \u2013 Universitatea din Bucure\u0219ti.<\/p>","protected":false},"excerpt":{"rendered":"<p>Google Books&nbsp; Acest demers \u0219tiin\u021bific s-a n\u0103scut din dorin\u021ba autoarei de a-\u0219i sintetiza experien\u021be acumulate pe parcursul celor peste 16 ani de activitate \u00een cadrul Departamentului ID al Universit\u0103\u021bii din Bucure\u0219ti \u0219i s-a desf\u0103\u0219urat pe parcursul a trei ani \u00een cadrul \u0219colii doctorale \u00een domeniul \u0218tiin\u021be ale Educa\u021biei din cadrul Facult\u0103\u021bii de Psihologie \u0219i \u0218tiin\u021bele [&hellip;]<\/p>\n","protected":false},"featured_media":28658,"comment_status":"open","ping_status":"closed","template":"","meta":[],"product_brand":[],"product_cat":[1531,3507,991,998],"product_tag":[3622,3621,3620],"class_list":{"0":"post-28655","1":"product","2":"type-product","3":"status-publish","4":"has-post-thumbnail","6":"product_cat-colectii","7":"product_cat-sas-sociologie","8":"product_cat-stiinte-sociale","9":"product_cat-sociologie-si-asistenta-sociala","10":"product_tag-fluxul-informational-institutie-student","11":"product_tag-platforme-educationale-pentru-facilitarea-comunicarii","12":"product_tag-servicii-on-line-de-consiliere-si-consultanta","14":"first","15":"outofstock","16":"shipping-taxable","17":"purchasable","18":"product-type-simple"},"_links":{"self":[{"href":"https:\/\/editura-unibuc.ro\/en\/wp-json\/wp\/v2\/product\/28655","targetHints":{"allow":["GET"]}}],"collection":[{"href":"https:\/\/editura-unibuc.ro\/en\/wp-json\/wp\/v2\/product"}],"about":[{"href":"https:\/\/editura-unibuc.ro\/en\/wp-json\/wp\/v2\/types\/product"}],"replies":[{"embeddable":true,"href":"https:\/\/editura-unibuc.ro\/en\/wp-json\/wp\/v2\/comments?post=28655"}],"wp:featuredmedia":[{"embeddable":true,"href":"https:\/\/editura-unibuc.ro\/en\/wp-json\/wp\/v2\/media\/28658"}],"wp:attachment":[{"href":"https:\/\/editura-unibuc.ro\/en\/wp-json\/wp\/v2\/media?parent=28655"}],"wp:term":[{"taxonomy":"product_brand","embeddable":true,"href":"https:\/\/editura-unibuc.ro\/en\/wp-json\/wp\/v2\/product_brand?post=28655"},{"taxonomy":"product_cat","embeddable":true,"href":"https:\/\/editura-unibuc.ro\/en\/wp-json\/wp\/v2\/product_cat?post=28655"},{"taxonomy":"product_tag","embeddable":true,"href":"https:\/\/editura-unibuc.ro\/en\/wp-json\/wp\/v2\/product_tag?post=28655"}],"curies":[{"name":"wp","href":"https:\/\/api.w.org\/{rel}","templated":true}]}}