{"id":28660,"date":"2020-10-26T11:41:24","date_gmt":"2020-10-26T09:41:24","guid":{"rendered":"https:\/\/editura-unibuc.ro\/?post_type=product&#038;p=28660"},"modified":"2022-07-04T16:51:37","modified_gmt":"2022-07-04T13:51:37","slug":"lingvistica-romanica-iii-conferintele-catedrei-de-filologie-si-lingvistica-romanica","status":"publish","type":"product","link":"https:\/\/editura-unibuc.ro\/en\/lingvistica-romanica-iii-conferintele-catedrei-de-filologie-si-lingvistica-romanica\/","title":{"rendered":"LINGVISTIC\u0102 ROMANIC\u0102 III CONFERIN\u021aELE CATEDREI DE FILOLOGIE \u0218I LINGVISTIC\u0102 ROMANIC\u0102"},"content":{"rendered":"<p>Din cuprins:<\/p>\n<p>Las marcas de oralidad y las funciones de los recursos gr\u00e1ficos en la comunicaci\u00f3n mediada por el ordenador (CMO) de los j\u00f3venes espa\u00f1oles y rumanos;<br \/>\nAnalyse et intuition dans la recherche \u00e9tymologique du roumain;<br \/>\nO lume \u00een alb \u0219i negru: din terminologia cromatic\u0103 actual\u0103 \u00een limba rom\u00e2n\u0103;<br \/>\nRom\u00e2na veche: tr\u0103s\u0103turi romanice \u0219i balcanice;<br \/>\nMet\u00e1foras conceptuales del fuego en espa\u00f1ol y rumano;<br \/>\nAlgunos apuntes etimol\u00f3gicos a partir de las propuestas del DLE (23\u00aa edici\u00f3n);<br \/>\nDespre feluritele moduri de a citi traductologia lui Schleiermacher;<br \/>\nUne formule explicative: le texte religieux;<br \/>\nL\u2019appel aux p\u00e8res dans le discours de vulgarisation \u00e9conomique<\/p>\n","protected":false},"excerpt":{"rendered":"<p>Din cuprins: Las marcas de oralidad y las funciones de los recursos gr\u00e1ficos en la comunicaci\u00f3n mediada por el ordenador (CMO) de los j\u00f3venes espa\u00f1oles y rumanos; Analyse et intuition dans la recherche \u00e9tymologique du roumain; O lume \u00een alb \u0219i negru: din terminologia cromatic\u0103 actual\u0103 \u00een limba rom\u00e2n\u0103; Rom\u00e2na veche: tr\u0103s\u0103turi romanice \u0219i balcanice; [&hellip;]<\/p>\n","protected":false},"featured_media":28657,"comment_status":"open","ping_status":"closed","template":"","meta":[],"product_brand":[],"product_cat":[1531,858,1464,980],"product_tag":[],"class_list":{"0":"post-28660","1":"product","2":"type-product","3":"status-publish","4":"has-post-thumbnail","6":"product_cat-colectii","7":"product_cat-colectia-romanica","8":"product_cat-filologie","9":"product_cat-limbi-romanice-clasice-si-orientale","11":"first","12":"instock","13":"shipping-taxable","14":"purchasable","15":"product-type-simple"},"_links":{"self":[{"href":"https:\/\/editura-unibuc.ro\/en\/wp-json\/wp\/v2\/product\/28660","targetHints":{"allow":["GET"]}}],"collection":[{"href":"https:\/\/editura-unibuc.ro\/en\/wp-json\/wp\/v2\/product"}],"about":[{"href":"https:\/\/editura-unibuc.ro\/en\/wp-json\/wp\/v2\/types\/product"}],"replies":[{"embeddable":true,"href":"https:\/\/editura-unibuc.ro\/en\/wp-json\/wp\/v2\/comments?post=28660"}],"wp:featuredmedia":[{"embeddable":true,"href":"https:\/\/editura-unibuc.ro\/en\/wp-json\/wp\/v2\/media\/28657"}],"wp:attachment":[{"href":"https:\/\/editura-unibuc.ro\/en\/wp-json\/wp\/v2\/media?parent=28660"}],"wp:term":[{"taxonomy":"product_brand","embeddable":true,"href":"https:\/\/editura-unibuc.ro\/en\/wp-json\/wp\/v2\/product_brand?post=28660"},{"taxonomy":"product_cat","embeddable":true,"href":"https:\/\/editura-unibuc.ro\/en\/wp-json\/wp\/v2\/product_cat?post=28660"},{"taxonomy":"product_tag","embeddable":true,"href":"https:\/\/editura-unibuc.ro\/en\/wp-json\/wp\/v2\/product_tag?post=28660"}],"curies":[{"name":"wp","href":"https:\/\/api.w.org\/{rel}","templated":true}]}}