{"id":2877,"date":"2012-10-09T12:26:07","date_gmt":"2012-10-09T09:26:07","guid":{"rendered":"https:\/\/editura-unibuc.ro\/?p=2877"},"modified":"2025-08-07T11:11:41","modified_gmt":"2025-08-07T08:11:41","slug":"slovenska-literatura-v-20-storoci-obdobie-medzi-dvoma-vojnami-1918-1945-prednasky-literatura-slovaca-din-secolul-xx-perioada-interbelica-1918-1945-curs","status":"publish","type":"product","link":"https:\/\/editura-unibuc.ro\/en\/slovenska-literatura-v-20-storoci-obdobie-medzi-dvoma-vojnami-1918-1945-prednasky-literatura-slovaca-din-secolul-xx-perioada-interbelica-1918-1945-curs\/","title":{"rendered":"SLOVAKIAN LITERATURE OF THE 20TH CENTURY. INTER-WAR PERIOD \u2013 1918-1945. COURSE"},"content":{"rendered":"<p>Deoarece, conform noilor orient\u0103ri \u00een privin\u021ba planului de \u00eenv\u0103\u021b\u0103m\u00e2nt \u0219i a con\u021binutului cursurilor universitare, se impune urm\u0103rirea fenomenului literar \u00eentr-un context (cultural) mai amplu, s-au f\u0103cut trimiteri la celelalte arte (muzica, arta plastic\u0103, teatral\u0103 \u0219i cinematografic\u0103), \u00een m\u0103sura \u00een care permite timpul afectat cursului propriu-zis.<\/p>\n","protected":false},"excerpt":{"rendered":"<p>Deoarece, conform noilor orient\u0103ri \u00een privin\u021ba planului de \u00eenv\u0103\u021b\u0103m\u00e2nt \u0219i a con\u021binutului cursurilor universitare, se impune urm\u0103rirea fenomenului literar \u00eentr-un context (cultural) mai amplu, s-au f\u0103cut trimiteri la celelalte arte (muzica, arta plastic\u0103, teatral\u0103 \u0219i cinematografic\u0103), \u00een m\u0103sura \u00een care permite timpul afectat cursului propriu-zis.<\/p>\n","protected":false},"featured_media":0,"comment_status":"open","ping_status":"closed","template":"","meta":[],"product_brand":[],"product_cat":[1464,981],"product_tag":[919,940],"class_list":{"0":"post-2877","1":"product","2":"type-product","3":"status-publish","5":"product_cat-filologie","6":"product_cat-limbi-slave","7":"product_tag-literatura","8":"product_tag-slovaca","10":"first","11":"outofstock","12":"shipping-taxable","13":"purchasable","14":"product-type-simple"},"_links":{"self":[{"href":"https:\/\/editura-unibuc.ro\/en\/wp-json\/wp\/v2\/product\/2877","targetHints":{"allow":["GET"]}}],"collection":[{"href":"https:\/\/editura-unibuc.ro\/en\/wp-json\/wp\/v2\/product"}],"about":[{"href":"https:\/\/editura-unibuc.ro\/en\/wp-json\/wp\/v2\/types\/product"}],"replies":[{"embeddable":true,"href":"https:\/\/editura-unibuc.ro\/en\/wp-json\/wp\/v2\/comments?post=2877"}],"wp:attachment":[{"href":"https:\/\/editura-unibuc.ro\/en\/wp-json\/wp\/v2\/media?parent=2877"}],"wp:term":[{"taxonomy":"product_brand","embeddable":true,"href":"https:\/\/editura-unibuc.ro\/en\/wp-json\/wp\/v2\/product_brand?post=2877"},{"taxonomy":"product_cat","embeddable":true,"href":"https:\/\/editura-unibuc.ro\/en\/wp-json\/wp\/v2\/product_cat?post=2877"},{"taxonomy":"product_tag","embeddable":true,"href":"https:\/\/editura-unibuc.ro\/en\/wp-json\/wp\/v2\/product_tag?post=2877"}],"curies":[{"name":"wp","href":"https:\/\/api.w.org\/{rel}","templated":true}]}}