{"id":2883,"date":"2012-10-09T13:39:12","date_gmt":"2012-10-09T10:39:12","guid":{"rendered":"https:\/\/editura-unibuc.ro\/?p=2883"},"modified":"2019-06-24T12:51:04","modified_gmt":"2019-06-24T09:51:04","slug":"studii-literare-slave","status":"publish","type":"product","link":"https:\/\/editura-unibuc.ro\/en\/studii-literare-slave\/","title":{"rendered":"SLAVONIC LITERARY STUDIES"},"content":{"rendered":"<p>Vecin\u0103tatea geografic\u0103, contactele politice, de prietenie sau adversitate, leg\u0103turile culturale sau religioase determinate de apartenen\u021ba la anumite zone ale civiliza\u021biei europene au f\u0103cut s\u0103 se men\u021bin\u0103 \u00een permanen\u021b\u0103 vie, la toate popoarele slave, con\u0219tiin\u021ba \u00eenrudirii lor etnice. Cronicile, legendele, scrierile cu caracter religios sau istoriografic din epoca veche vorbesc despre originea comun\u0103 \u0219i despre a\u0219ez\u0103rile slavilor \u00een Europa. O dovad\u0103 a continuit\u0103\u021bii acestei con\u0219tiin\u021be este \u0219i p\u0103strarea \u00een textele amintite a cuv\u00e2ntului slav ca termen generic, chiar \u0219i dup\u0103 ce popoarele slave s-au diferen\u021biat, d\u00e2ndu-\u0219i alte nume, acelea pe care le cunoa\u0219tem ast\u0103zi: ru\u0219i, ucraineni, bieloru\u0219i, polonezi, cehi, slovaci, s\u00e2rbi, bulgari etc. La popoarele slave, situate \u00een spa\u021biul estic \u0219i sud-estic al Europei, aceast\u0103 con\u0219tiin\u021b\u0103 s-a men\u021binut mai ales datorit\u0103 limbii slavone \u0219i culturii \u00een aceast\u0103 limb\u0103.<\/p>","protected":false},"excerpt":{"rendered":"<p>Vecin\u0103tatea geografic\u0103, contactele politice, de prietenie sau adversitate, leg\u0103turile culturale sau religioase determinate de apartenen\u021ba la anumite zone ale civiliza\u021biei europene au f\u0103cut s\u0103 se men\u021bin\u0103 \u00een permanen\u021b\u0103 vie, la toate popoarele slave, con\u0219tiin\u021ba \u00eenrudirii lor etnice. Cronicile, legendele, scrierile cu caracter religios sau istoriografic din epoca veche vorbesc despre originea comun\u0103 \u0219i despre a\u0219ez\u0103rile [&hellip;]<\/p>\n","protected":false},"featured_media":10387,"comment_status":"open","ping_status":"closed","template":"","meta":[],"product_brand":[],"product_cat":[1464,981],"product_tag":[919,922],"class_list":{"0":"post-2883","1":"product","2":"type-product","3":"status-publish","4":"has-post-thumbnail","6":"product_cat-filologie","7":"product_cat-limbi-slave","8":"product_tag-literatura","9":"product_tag-slave","11":"first","12":"outofstock","13":"shipping-taxable","14":"purchasable","15":"product-type-simple"},"_links":{"self":[{"href":"https:\/\/editura-unibuc.ro\/en\/wp-json\/wp\/v2\/product\/2883","targetHints":{"allow":["GET"]}}],"collection":[{"href":"https:\/\/editura-unibuc.ro\/en\/wp-json\/wp\/v2\/product"}],"about":[{"href":"https:\/\/editura-unibuc.ro\/en\/wp-json\/wp\/v2\/types\/product"}],"replies":[{"embeddable":true,"href":"https:\/\/editura-unibuc.ro\/en\/wp-json\/wp\/v2\/comments?post=2883"}],"wp:featuredmedia":[{"embeddable":true,"href":"https:\/\/editura-unibuc.ro\/en\/wp-json\/wp\/v2\/media\/10387"}],"wp:attachment":[{"href":"https:\/\/editura-unibuc.ro\/en\/wp-json\/wp\/v2\/media?parent=2883"}],"wp:term":[{"taxonomy":"product_brand","embeddable":true,"href":"https:\/\/editura-unibuc.ro\/en\/wp-json\/wp\/v2\/product_brand?post=2883"},{"taxonomy":"product_cat","embeddable":true,"href":"https:\/\/editura-unibuc.ro\/en\/wp-json\/wp\/v2\/product_cat?post=2883"},{"taxonomy":"product_tag","embeddable":true,"href":"https:\/\/editura-unibuc.ro\/en\/wp-json\/wp\/v2\/product_tag?post=2883"}],"curies":[{"name":"wp","href":"https:\/\/api.w.org\/{rel}","templated":true}]}}